{"id":9210,"date":"2022-02-01T16:48:22","date_gmt":"2022-02-01T15:48:22","guid":{"rendered":"https:\/\/www.uronea.com\/camping-ahetze\/"},"modified":"2024-02-26T08:46:12","modified_gmt":"2024-02-26T07:46:12","slug":"kamperen-ahetze","status":"publish","type":"page","link":"https:\/\/www.uronea.com\/nl\/kamperen-ahetze\/","title":{"rendered":"3 sterren camping Ahetze"},"content":{"rendered":"<section id=\"section-first-home\"\" class=\"section bg-color3 p-t-0 p-b-0\" \/><div class=\"container  full\"><div class=\"colonnes-wrap valign-top \"><div class=\"element colonne \"><h1 class=\"element section-title left p-t-10 p-x-10\">3-sterren camping Ahetze<\/h1><div class=\"element bloc-text justify p-x-10\">\n\t<p><a href=\"https:\/\/www.ahetze.fr\/\" target=\"_blank\" rel=\"noopener noreferrer\">Ahetze<\/a>, een pittoresk dorpje genesteld tussen de zee en de bergen, geniet een uitzonderlijke natuurlijke omgeving. Een paar minuten van de oceaanstranden, dit typische Labourdin-dorp, een voormalige tussenstop op de Compostela-route, wordt gedomineerd door de Artzamendi en de Mondarrain, de drie Spaanse kronen en de top van de Rhune. Kies voor uw volgende familievakantie voor een vakantie in Baskenland, meer bepaald een kampeervakantie. Kies uit onze verschillende vakantiewoningen en ruime huuraccommodaties, een stacaravan op een steenworp afstand van het verwarmde zwembad, een chalet in het weelderig groen nabij de speeltuin, of verblijf op een caravankampeerplaats voor tenten, caravan of camper in de Pyr\u00e9n\u00e9es Atlantiques in Nieuw Aquitani\u00eb. Profiteer van een verblijf op camping Pays Basque en ontdek de schatten van deze kleine Baskische stad in het achterland, een van de mooiste dorpen van Frankrijk: de 16e-eeuwse kerk met zijn opmerkelijke klokkentoren, de voormalige pelgrimsherberg de boerderij Ostalapia, of zelfs zijn twee pelota frontons. De geboorteplaats van Bertsulari Mattin Trecu, virtuoos van de in het Baskisch gezongen veelzijdige improvisatie, Ahetze is een emblematische bestemming in Baskenland. Als u ervoor kiest om voor uw volgende vakantie een stacaravan in de buurt van Ahetze te huren, kunt u zich onderdompelen in de Baskische cultuur door middel van tal van lokale festiviteiten gewijd aan de overdracht en het voortbestaan \u200b\u200bvan de regionale folklore: demonstraties van Baskische kracht, het dorsen van tarwe, steekspelen van bertsularisme en patronale feesten het dorp verlevendigen. Gelegen op slechts een paar minuten van de oceaan, grenst Ahetze aan het charmante kustplaatsje Gu\u00e9thary, Saint-Jean-de-Luz en Bidart. Op 3 km van het strand van Uhabia komt het pittoreske stadje met typische Labourdine-huizen elke maand tot leven met een vlooienmarkt die in de hele regio bekend is. Profiteer van uw verblijf aan de Atlantische kust om de Baskische gebruiken en gastronomie zoals de Baskische pelota te ontdekken. Een bezoek aan Saint Jean Pied de Port in de buurt van de Spaanse grens mag niet ontbreken.<\/p>\n<\/div><\/div><div class=\"element colonne p-0\"><ul class=\"liste-de-page\"><li class=\"element call-to-action rectangle call-to-action--style-1 call-to-action--big\"><a href=\"https:\/\/www.uronea.com\/nl\/toerisme-bidart\/\"  class=\"call-to-action_link\" title=\"Meer informatie over bidart\"><div class=\"call-to-action_image\"><img decoding=\"async\" src=\"https:\/\/www.uronea.com\/wp-content\/uploads\/2020\/11\/camping-bidart-100x57.jpg\" data-src=\"https:\/\/www.uronea.com\/wp-content\/uploads\/2020\/11\/camping-bidart.jpg\" alt=\"camping bidart\" class=\"big\" \/><\/div><div class=\"call-to-action_contenu\"><div class=\"call-to-action_titre\">Bidart<\/div><\/div><\/a><\/li><li class=\"element call-to-action  call-to-action--style-1 call-to-action--big\"><a href=\"https:\/\/www.uronea.com\/nl\/kamperen-biarritz\/\"  class=\"call-to-action_link\" title=\"Meer informatie over biarritz\"><div class=\"call-to-action_image\"><img decoding=\"async\" src=\"https:\/\/www.uronea.com\/wp-content\/uploads\/2020\/10\/camping-biarritz-2-100x57.jpg\" data-src=\"https:\/\/www.uronea.com\/wp-content\/uploads\/2020\/10\/camping-biarritz-2.jpg\" alt=\"camping biarritz\" class=\"big\" \/><\/div><div class=\"call-to-action_contenu\"><div class=\"call-to-action_titre\">Biarritz<\/div><\/div><\/a><\/li><li class=\"element call-to-action  call-to-action--style-1 call-to-action--big\"><a href=\"https:\/\/www.uronea.com\/nl\/kamperen-bayonne\/\"  class=\"call-to-action_link\" title=\"Meer informatie over bayonne\"><div class=\"call-to-action_image\"><img decoding=\"async\" src=\"https:\/\/www.uronea.com\/wp-content\/uploads\/2020\/10\/ville-bayonne-100x75.jpg\" data-src=\"https:\/\/www.uronea.com\/wp-content\/uploads\/2020\/10\/ville-bayonne.jpg\" alt=\"ville bayonne\" class=\"big\" \/><\/div><div class=\"call-to-action_contenu\"><div class=\"call-to-action_titre\">Bayonne<\/div><\/div><\/a><\/li><li class=\"element call-to-action  call-to-action--style-1 call-to-action--big\"><a href=\"https:\/\/www.uronea.com\/nl\/kamperen-bassussarry\/\"  class=\"call-to-action_link\" title=\"Meer informatie over bassussarry\"><div class=\"call-to-action_image\"><img decoding=\"async\" src=\"https:\/\/www.uronea.com\/wp-content\/uploads\/2020\/10\/golf-bassussary-100x75.jpg\" data-src=\"https:\/\/www.uronea.com\/wp-content\/uploads\/2020\/10\/golf-bassussary.jpg\" alt=\"golf bassussary\" class=\"big\" \/><\/div><div class=\"call-to-action_contenu\"><div class=\"call-to-action_titre\">Bassussarry<\/div><\/div><\/a><\/li><\/ul><\/div><\/div><\/div><\/section>\n\n<section id=\"section-5f7498cd36c1d\"\" class=\"section third-home bg-black section--has-bg-img\" \/><img decoding=\"async\" src=\"https:\/\/www.uronea.com\/wp-content\/uploads\/2020\/10\/mobil-home-bidart-100x28.jpg\" data-src=\"https:\/\/www.uronea.com\/wp-content\/uploads\/2020\/10\/mobil-home-bidart.jpg\" alt=\"mobil-home bidart\" class=\"section_bg-img\" data-opacite=\"0.4\"\/><div class=\"container  extralarge\"><h2 class=\"element section-title center\">Camping Ur-Onea op 5 km van Ahetze<\/h2><ul class=\"liste-de-page\"><li class=\"element call-to-action rectangle call-to-action--style-1 call-to-action--big\"><a href=\"https:\/\/www.uronea.com\/nl\/verhuur-stacaravans-bidart\/\"  class=\"call-to-action_link\" title=\"Meer informatie over onze stacaravans\"><div class=\"call-to-action_image\"><img decoding=\"async\" src=\"https:\/\/www.uronea.com\/wp-content\/uploads\/2026\/03\/MARINA-VU-IRIS-160224-SH.jpg\" data-src=\"https:\/\/www.uronea.com\/wp-content\/uploads\/2026\/03\/MARINA-VU-IRIS-160224-SH.jpg\" alt=\"\" class=\"big\" \/><\/div><div class=\"call-to-action_contenu\"><div class=\"call-to-action_titre\">Onze stacaravans<\/div><\/div><\/a><\/li><li class=\"element call-to-action  call-to-action--style-1 call-to-action--big\"><a href=\"https:\/\/www.uronea.com\/nl\/chaletverhuur-bidart\/\"  class=\"call-to-action_link\" title=\"Meer informatie over onze huisjes\"><div class=\"call-to-action_image\"><img decoding=\"async\" src=\"https:\/\/www.uronea.com\/wp-content\/uploads\/2020\/11\/chalet-bidart-77x100.jpg\" data-src=\"https:\/\/www.uronea.com\/wp-content\/uploads\/2020\/11\/chalet-bidart.jpg\" alt=\"chalet bidart\" class=\"big\" \/><\/div><div class=\"call-to-action_contenu\"><div class=\"call-to-action_titre\">Onze huisjes<\/div><\/div><\/a><\/li><li class=\"element call-to-action  call-to-action--style-1 call-to-action--big\"><a href=\"https:\/\/www.uronea.com\/nl\/verhuur-kampeerplaatsen-bidart\/\"  class=\"call-to-action_link\" title=\"Meer informatie over onze kampeerplaatsen\"><div class=\"call-to-action_image\"><img decoding=\"async\" src=\"https:\/\/www.uronea.com\/wp-content\/uploads\/2026\/03\/Empl-Confort-Camping-UR-ONEA-Bidart-Pays-Basque-scaled.jpg\" data-src=\"https:\/\/www.uronea.com\/wp-content\/uploads\/2026\/03\/Empl-Confort-Camping-UR-ONEA-Bidart-Pays-Basque-scaled.jpg\" alt=\"\" class=\"big\" \/><\/div><div class=\"call-to-action_contenu\"><div class=\"call-to-action_titre\">Onze kampeerplaatsen<\/div><\/div><\/a><\/li><li class=\"element call-to-action  call-to-action--style-1 call-to-action--big\"><a href=\"https:\/\/www.uronea.com\/nl\/goedkope-camping-bidart\/\"  class=\"call-to-action_link\" title=\"Meer informatie over tarieven\"><div class=\"call-to-action_image\"><img decoding=\"async\" src=\"https:\/\/www.uronea.com\/wp-content\/uploads\/2026\/03\/COTE-BASQUE-URONEA-56x100.jpg\" data-src=\"https:\/\/www.uronea.com\/wp-content\/uploads\/2026\/03\/COTE-BASQUE-URONEA-scaled.jpg\" alt=\"\" class=\"big\" \/><\/div><div class=\"call-to-action_contenu\"><div class=\"call-to-action_titre\">Tarieven<\/div><\/div><\/a><\/li><\/ul><div class=\"element bloc-text center \">\n\t<p>Voor uw vakantie aan de Baskische kust is Ur-Onea een camping in Bidart, ideaal gelegen om zowel de mooiste badplaatsen aan de kust als de parels van het achterland te ontdekken. Onze bosrijke en groene camping op een paar honderd meter van het strand ligt op slechts 5 km van het kleine dorpje Labourdin. Een stacaravan huren in de buurt van Ahetze op onze 3-sterren camping aan de Baskische kust belooft u een ontspannen en exotische vakantie. Ahetze, grenzend aan Bidart, kan in 10 minuten met de auto worden bereikt. Het dorp kan ook het doel zijn van mooie fietstochten: op rommelmarktdagen is minder dan 20 minuten vanaf de camping voldoende om het dorp op de fiets te bereiken!<\/p>\n<\/div><\/div><\/section>","protected":false},"excerpt":{"rendered":"","protected":false},"author":1,"featured_media":5087,"parent":0,"menu_order":0,"comment_status":"closed","ping_status":"closed","template":"templates\/template-villes.php","meta":{"_acf_changed":false,"footnotes":""},"class_list":["post-9210","page","type-page","status-publish","has-post-thumbnail","hentry"],"acf":[],"yoast_head":"<!-- This site is optimized with the Yoast SEO plugin v25.3 - https:\/\/yoast.com\/wordpress\/plugins\/seo\/ -->\n<title>Camping Ahetze | Vakantiewoning Baskenland Ahetze | Toerisme in Ahetze<\/title>\n<meta name=\"description\" content=\"Meer weten over toerisme in Ahetze: ontdek Ahetze tijdens uw vakantie op camping Uronea in Bidart (64) in Baskenland.\" \/>\n<meta name=\"robots\" content=\"index, follow, max-snippet:-1, max-image-preview:large, max-video-preview:-1\" \/>\n<link rel=\"canonical\" href=\"https:\/\/www.uronea.com\/nl\/kamperen-ahetze\/\" \/>\n<meta property=\"og:locale\" content=\"nl_NL\" \/>\n<meta property=\"og:type\" content=\"article\" \/>\n<meta property=\"og:title\" content=\"Camping Ahetze | Vakantiewoning Baskenland Ahetze | Toerisme in Ahetze\" \/>\n<meta property=\"og:description\" content=\"Meer weten over toerisme in Ahetze: ontdek Ahetze tijdens uw vakantie op camping Uronea in Bidart (64) in Baskenland.\" \/>\n<meta property=\"og:url\" content=\"https:\/\/www.uronea.com\/nl\/kamperen-ahetze\/\" \/>\n<meta property=\"og:site_name\" content=\"Camping Ur-Onea\" \/>\n<meta property=\"article:modified_time\" content=\"2024-02-26T07:46:12+00:00\" \/>\n<meta property=\"og:image\" content=\"https:\/\/www.uronea.com\/wp-content\/uploads\/2020\/10\/vue-panoramique-ahetze-.jpg\" \/>\n\t<meta property=\"og:image:width\" content=\"1905\" \/>\n\t<meta property=\"og:image:height\" content=\"300\" \/>\n\t<meta property=\"og:image:type\" content=\"image\/jpeg\" \/>\n<meta name=\"twitter:card\" content=\"summary_large_image\" \/>\n<meta name=\"twitter:label1\" content=\"Geschatte leestijd\" \/>\n\t<meta name=\"twitter:data1\" content=\"1 minuut\" \/>\n<script type=\"application\/ld+json\" class=\"yoast-schema-graph\">{\"@context\":\"https:\/\/schema.org\",\"@graph\":[{\"@type\":\"WebPage\",\"@id\":\"https:\/\/www.uronea.com\/nl\/kamperen-ahetze\/\",\"url\":\"https:\/\/www.uronea.com\/nl\/kamperen-ahetze\/\",\"name\":\"Camping Ahetze | Vakantiewoning Baskenland Ahetze | Toerisme in Ahetze\",\"isPartOf\":{\"@id\":\"https:\/\/www.uronea.com\/nl\/#website\"},\"primaryImageOfPage\":{\"@id\":\"https:\/\/www.uronea.com\/nl\/kamperen-ahetze\/#primaryimage\"},\"image\":{\"@id\":\"https:\/\/www.uronea.com\/nl\/kamperen-ahetze\/#primaryimage\"},\"thumbnailUrl\":\"https:\/\/www.uronea.com\/wp-content\/uploads\/2020\/10\/vue-panoramique-ahetze-.jpg\",\"datePublished\":\"2022-02-01T15:48:22+00:00\",\"dateModified\":\"2024-02-26T07:46:12+00:00\",\"description\":\"Meer weten over toerisme in Ahetze: ontdek Ahetze tijdens uw vakantie op camping Uronea in Bidart (64) in Baskenland.\",\"breadcrumb\":{\"@id\":\"https:\/\/www.uronea.com\/nl\/kamperen-ahetze\/#breadcrumb\"},\"inLanguage\":\"nl-NL\",\"potentialAction\":[{\"@type\":\"ReadAction\",\"target\":[\"https:\/\/www.uronea.com\/nl\/kamperen-ahetze\/\"]}]},{\"@type\":\"ImageObject\",\"inLanguage\":\"nl-NL\",\"@id\":\"https:\/\/www.uronea.com\/nl\/kamperen-ahetze\/#primaryimage\",\"url\":\"https:\/\/www.uronea.com\/wp-content\/uploads\/2020\/10\/vue-panoramique-ahetze-.jpg\",\"contentUrl\":\"https:\/\/www.uronea.com\/wp-content\/uploads\/2020\/10\/vue-panoramique-ahetze-.jpg\",\"width\":1905,\"height\":300,\"caption\":\"vue panoramique ahetze\"},{\"@type\":\"BreadcrumbList\",\"@id\":\"https:\/\/www.uronea.com\/nl\/kamperen-ahetze\/#breadcrumb\",\"itemListElement\":[{\"@type\":\"ListItem\",\"position\":1,\"name\":\"Kamperen Bidart\",\"item\":\"https:\/\/www.uronea.com\/nl\/\"},{\"@type\":\"ListItem\",\"position\":2,\"name\":\"3 sterren camping Ahetze\"}]},{\"@type\":\"WebSite\",\"@id\":\"https:\/\/www.uronea.com\/nl\/#website\",\"url\":\"https:\/\/www.uronea.com\/nl\/\",\"name\":\"Camping Ur-Onea\",\"description\":\"\",\"potentialAction\":[{\"@type\":\"SearchAction\",\"target\":{\"@type\":\"EntryPoint\",\"urlTemplate\":\"https:\/\/www.uronea.com\/nl\/?s={search_term_string}\"},\"query-input\":{\"@type\":\"PropertyValueSpecification\",\"valueRequired\":true,\"valueName\":\"search_term_string\"}}],\"inLanguage\":\"nl-NL\"}]}<\/script>\n<!-- \/ Yoast SEO plugin. -->","yoast_head_json":{"title":"Camping Ahetze | Vakantiewoning Baskenland Ahetze | Toerisme in Ahetze","description":"Meer weten over toerisme in Ahetze: ontdek Ahetze tijdens uw vakantie op camping Uronea in Bidart (64) in Baskenland.","robots":{"index":"index","follow":"follow","max-snippet":"max-snippet:-1","max-image-preview":"max-image-preview:large","max-video-preview":"max-video-preview:-1"},"canonical":"https:\/\/www.uronea.com\/nl\/kamperen-ahetze\/","og_locale":"nl_NL","og_type":"article","og_title":"Camping Ahetze | Vakantiewoning Baskenland Ahetze | Toerisme in Ahetze","og_description":"Meer weten over toerisme in Ahetze: ontdek Ahetze tijdens uw vakantie op camping Uronea in Bidart (64) in Baskenland.","og_url":"https:\/\/www.uronea.com\/nl\/kamperen-ahetze\/","og_site_name":"Camping Ur-Onea","article_modified_time":"2024-02-26T07:46:12+00:00","og_image":[{"width":1905,"height":300,"url":"https:\/\/www.uronea.com\/wp-content\/uploads\/2020\/10\/vue-panoramique-ahetze-.jpg","type":"image\/jpeg"}],"twitter_card":"summary_large_image","twitter_misc":{"Geschatte leestijd":"1 minuut"},"schema":{"@context":"https:\/\/schema.org","@graph":[{"@type":"WebPage","@id":"https:\/\/www.uronea.com\/nl\/kamperen-ahetze\/","url":"https:\/\/www.uronea.com\/nl\/kamperen-ahetze\/","name":"Camping Ahetze | Vakantiewoning Baskenland Ahetze | Toerisme in Ahetze","isPartOf":{"@id":"https:\/\/www.uronea.com\/nl\/#website"},"primaryImageOfPage":{"@id":"https:\/\/www.uronea.com\/nl\/kamperen-ahetze\/#primaryimage"},"image":{"@id":"https:\/\/www.uronea.com\/nl\/kamperen-ahetze\/#primaryimage"},"thumbnailUrl":"https:\/\/www.uronea.com\/wp-content\/uploads\/2020\/10\/vue-panoramique-ahetze-.jpg","datePublished":"2022-02-01T15:48:22+00:00","dateModified":"2024-02-26T07:46:12+00:00","description":"Meer weten over toerisme in Ahetze: ontdek Ahetze tijdens uw vakantie op camping Uronea in Bidart (64) in Baskenland.","breadcrumb":{"@id":"https:\/\/www.uronea.com\/nl\/kamperen-ahetze\/#breadcrumb"},"inLanguage":"nl-NL","potentialAction":[{"@type":"ReadAction","target":["https:\/\/www.uronea.com\/nl\/kamperen-ahetze\/"]}]},{"@type":"ImageObject","inLanguage":"nl-NL","@id":"https:\/\/www.uronea.com\/nl\/kamperen-ahetze\/#primaryimage","url":"https:\/\/www.uronea.com\/wp-content\/uploads\/2020\/10\/vue-panoramique-ahetze-.jpg","contentUrl":"https:\/\/www.uronea.com\/wp-content\/uploads\/2020\/10\/vue-panoramique-ahetze-.jpg","width":1905,"height":300,"caption":"vue panoramique ahetze"},{"@type":"BreadcrumbList","@id":"https:\/\/www.uronea.com\/nl\/kamperen-ahetze\/#breadcrumb","itemListElement":[{"@type":"ListItem","position":1,"name":"Kamperen Bidart","item":"https:\/\/www.uronea.com\/nl\/"},{"@type":"ListItem","position":2,"name":"3 sterren camping Ahetze"}]},{"@type":"WebSite","@id":"https:\/\/www.uronea.com\/nl\/#website","url":"https:\/\/www.uronea.com\/nl\/","name":"Camping Ur-Onea","description":"","potentialAction":[{"@type":"SearchAction","target":{"@type":"EntryPoint","urlTemplate":"https:\/\/www.uronea.com\/nl\/?s={search_term_string}"},"query-input":{"@type":"PropertyValueSpecification","valueRequired":true,"valueName":"search_term_string"}}],"inLanguage":"nl-NL"}]}},"_links":{"self":[{"href":"https:\/\/www.uronea.com\/nl\/wp-json\/wp\/v2\/pages\/9210"}],"collection":[{"href":"https:\/\/www.uronea.com\/nl\/wp-json\/wp\/v2\/pages"}],"about":[{"href":"https:\/\/www.uronea.com\/nl\/wp-json\/wp\/v2\/types\/page"}],"author":[{"embeddable":true,"href":"https:\/\/www.uronea.com\/nl\/wp-json\/wp\/v2\/users\/1"}],"replies":[{"embeddable":true,"href":"https:\/\/www.uronea.com\/nl\/wp-json\/wp\/v2\/comments?post=9210"}],"version-history":[{"count":7,"href":"https:\/\/www.uronea.com\/nl\/wp-json\/wp\/v2\/pages\/9210\/revisions"}],"predecessor-version":[{"id":10404,"href":"https:\/\/www.uronea.com\/nl\/wp-json\/wp\/v2\/pages\/9210\/revisions\/10404"}],"wp:featuredmedia":[{"embeddable":true,"href":"https:\/\/www.uronea.com\/nl\/wp-json\/wp\/v2\/media\/5087"}],"wp:attachment":[{"href":"https:\/\/www.uronea.com\/nl\/wp-json\/wp\/v2\/media?parent=9210"}],"curies":[{"name":"wp","href":"https:\/\/api.w.org\/{rel}","templated":true}]}}