{"id":9347,"date":"2022-02-02T11:14:08","date_gmt":"2022-02-02T10:14:08","guid":{"rendered":"https:\/\/www.uronea.com\/camping-biarritz\/"},"modified":"2024-02-26T08:43:17","modified_gmt":"2024-02-26T07:43:17","slug":"campingplatz-biarritz","status":"publish","type":"page","link":"https:\/\/www.uronea.com\/de\/campingplatz-biarritz\/","title":{"rendered":"3-Sterne-Campingplatz Biarritz"},"content":{"rendered":"<section id=\"section-first-home\"\" class=\"section bg-color3 p-t-0 p-b-0\" \/><div class=\"container  full\"><div class=\"colonnes-wrap valign-top \"><div class=\"element colonne \"><h1 class=\"element section-title left p-t-10 p-x-10\">Campingplatz Biarritz 3 Sterne<\/h1><div class=\"element bloc-text justify p-x-10\">\n\t<p><a href=\"\/de\/\">Der Campingplatz Ur-Onea<\/a> ist ideal gelegen, 7 km von der Stadt Rocher de la Vierge entfernt, f\u00fcr Ihren Campingurlaub in Biarritz.<br \/>\nMit seinen Mobilheimen, Chalets und Wohnwagenpl\u00e4tzen findet jedes Camperprofil seinen Platz auf dem Campingplatz in der N\u00e4he von Biarritz. F\u00fcr einen Aufenthalt mit den F\u00fc\u00dfen im Wasser haben Sie neben dem Zugang zum Wasserbereich der Einrichtung in weniger als 20 Minuten Zugang zu den sch\u00f6nen Str\u00e4nden von Biarritz, wie dem Strand der C\u00f4te des Basques, dem von Marbella oder der Strand von la Milady, der von den Biarrots am meisten frequentierte.<\/p>\n<\/div><\/div><div class=\"element colonne p-0\"><ul class=\"liste-de-page\"><li class=\"element call-to-action rectangle call-to-action--style-1 call-to-action--big\"><a href=\"https:\/\/www.uronea.com\/de\/tourismus-bidart\/\"  class=\"call-to-action_link\" title=\"Erfahren Sie mehr \u00fcber bidart\"><div class=\"call-to-action_image\"><img decoding=\"async\" src=\"https:\/\/www.uronea.com\/wp-content\/uploads\/2020\/11\/camping-bidart-100x57.jpg\" data-src=\"https:\/\/www.uronea.com\/wp-content\/uploads\/2020\/11\/camping-bidart.jpg\" alt=\"camping bidart\" class=\"big\" \/><\/div><div class=\"call-to-action_contenu\"><div class=\"call-to-action_titre\">Bidart<\/div><\/div><\/a><\/li><li class=\"element call-to-action  call-to-action--style-1 call-to-action--big\"><a href=\"https:\/\/www.uronea.com\/de\/campingplatz-anglet\/\"  class=\"call-to-action_link\" title=\"Erfahren Sie mehr \u00fcber 3-sterne-campingplatz anglet\"><div class=\"call-to-action_image\"><img decoding=\"async\" src=\"https:\/\/www.uronea.com\/wp-content\/uploads\/2020\/10\/location-anglet-100x24.jpg\" data-src=\"https:\/\/www.uronea.com\/wp-content\/uploads\/2020\/10\/location-anglet.jpg\" alt=\"location anglet\" class=\"big\" \/><\/div><div class=\"call-to-action_contenu\"><div class=\"call-to-action_titre\">3-Sterne-Campingplatz Anglet<\/div><\/div><\/a><\/li><li class=\"element call-to-action  call-to-action--style-1 call-to-action--big\"><a href=\"https:\/\/www.uronea.com\/de\/campingplatz-espelette\/\"  class=\"call-to-action_link\" title=\"Erfahren Sie mehr \u00fcber espelette\"><div class=\"call-to-action_image\"><img decoding=\"async\" src=\"https:\/\/www.uronea.com\/wp-content\/uploads\/2020\/10\/camping-espelette-1-100x57.jpg\" data-src=\"https:\/\/www.uronea.com\/wp-content\/uploads\/2020\/10\/camping-espelette-1.jpg\" alt=\"camping espelette\" class=\"big\" \/><\/div><div class=\"call-to-action_contenu\"><div class=\"call-to-action_titre\">Espelette<\/div><\/div><\/a><\/li><li class=\"element call-to-action  call-to-action--style-1 call-to-action--big\"><a href=\"https:\/\/www.uronea.com\/de\/campingplatz-guethary\/\"  class=\"call-to-action_link\" title=\"Erfahren Sie mehr \u00fcber 3-sterne-campingplatz guethary\"><div class=\"call-to-action_image\"><img decoding=\"async\" src=\"https:\/\/www.uronea.com\/wp-content\/uploads\/2020\/10\/tourisme-guethary-100x24.jpg\" data-src=\"https:\/\/www.uronea.com\/wp-content\/uploads\/2020\/10\/tourisme-guethary.jpg\" alt=\"tourisme guethary\" class=\"big\" \/><\/div><div class=\"call-to-action_contenu\"><div class=\"call-to-action_titre\">3-Sterne-Campingplatz Guethary<\/div><\/div><\/a><\/li><\/ul><\/div><\/div><\/div><\/section>\n\n<section id=\"section-5f7498cd36c1d\"\" class=\"section third-home bg-black section--has-bg-img\" \/><img decoding=\"async\" src=\"https:\/\/www.uronea.com\/wp-content\/uploads\/2020\/10\/mobil-home-bidart-100x28.jpg\" data-src=\"https:\/\/www.uronea.com\/wp-content\/uploads\/2020\/10\/mobil-home-bidart.jpg\" alt=\"mobil-home bidart\" class=\"section_bg-img\" data-opacite=\"0.4\"\/><div class=\"container  extralarge\"><h2 class=\"element section-title center\">Vermietung von Mobilheimen in Biarritz<\/h2><ul class=\"liste-de-page\"><li class=\"element call-to-action rectangle call-to-action--style-1 call-to-action--big\"><a href=\"https:\/\/www.uronea.com\/de\/wohnmobilvermietung-bidart\/\"  class=\"call-to-action_link\" title=\"Erfahren Sie mehr \u00fcber unsere mobilheime\"><div class=\"call-to-action_image\"><img decoding=\"async\" src=\"https:\/\/www.uronea.com\/wp-content\/uploads\/2026\/03\/MARINA-VU-IRIS-160224-SH.jpg\" data-src=\"https:\/\/www.uronea.com\/wp-content\/uploads\/2026\/03\/MARINA-VU-IRIS-160224-SH.jpg\" alt=\"\" class=\"big\" \/><\/div><div class=\"call-to-action_contenu\"><div class=\"call-to-action_titre\">Unsere Mobilheime<\/div><\/div><\/a><\/li><li class=\"element call-to-action  call-to-action--style-1 call-to-action--big\"><a href=\"https:\/\/www.uronea.com\/de\/vermietung-chalet-bidart\/\"  class=\"call-to-action_link\" title=\"Erfahren Sie mehr \u00fcber unsere ferienh\u00e4user\"><div class=\"call-to-action_image\"><img decoding=\"async\" src=\"https:\/\/www.uronea.com\/wp-content\/uploads\/2020\/11\/chalet-bidart-77x100.jpg\" data-src=\"https:\/\/www.uronea.com\/wp-content\/uploads\/2020\/11\/chalet-bidart.jpg\" alt=\"chalet bidart\" class=\"big\" \/><\/div><div class=\"call-to-action_contenu\"><div class=\"call-to-action_titre\">Unsere Ferienh\u00e4user<\/div><\/div><\/a><\/li><li class=\"element call-to-action  call-to-action--style-1 call-to-action--big\"><a href=\"https:\/\/www.uronea.com\/de\/stellplatze-mieten-bidart\/\"  class=\"call-to-action_link\" title=\"Erfahren Sie mehr \u00fcber unsere standorte\"><div class=\"call-to-action_image\"><img decoding=\"async\" src=\"https:\/\/www.uronea.com\/wp-content\/uploads\/2026\/03\/Empl-Confort-Camping-UR-ONEA-Bidart-Pays-Basque-scaled.jpg\" data-src=\"https:\/\/www.uronea.com\/wp-content\/uploads\/2026\/03\/Empl-Confort-Camping-UR-ONEA-Bidart-Pays-Basque-scaled.jpg\" alt=\"\" class=\"big\" \/><\/div><div class=\"call-to-action_contenu\"><div class=\"call-to-action_titre\">Unsere Standorte<\/div><\/div><\/a><\/li><li class=\"element call-to-action  call-to-action--style-1 call-to-action--big\"><a href=\"https:\/\/www.uronea.com\/de\/billig-camping-bidart\/\"  class=\"call-to-action_link\" title=\"Erfahren Sie mehr \u00fcber tarife\"><div class=\"call-to-action_image\"><img decoding=\"async\" src=\"https:\/\/www.uronea.com\/wp-content\/uploads\/2026\/03\/COTE-BASQUE-URONEA-56x100.jpg\" data-src=\"https:\/\/www.uronea.com\/wp-content\/uploads\/2026\/03\/COTE-BASQUE-URONEA-scaled.jpg\" alt=\"\" class=\"big\" \/><\/div><div class=\"call-to-action_contenu\"><div class=\"call-to-action_titre\">Tarife<\/div><\/div><\/a><\/li><\/ul><div class=\"element bloc-text center \">\n\t<p>Camper k\u00f6nnen aus mehreren Modellen von Mobilheimen mit zwei oder drei Schlafzimmern w\u00e4hlen, die Platz f\u00fcr vier bis sechs Personen bieten.<\/p>\n<p>Sie k\u00f6nnen auch von unserem Angebot an Chalet-Mietobjekten verf\u00fchrt werden. Mit einer Fl\u00e4che von 36 m2 ist das R\u00eave-Chalet eine der idealen Ferienresidenzen f\u00fcr Familien (oder Gruppen von Freunden), die in einer Chalet-Vermietung im Baskenland vier Erwachsene und zwei Kinder unter sechzehn Jahren unterbringen k\u00f6nnen von Qualit\u00e4t.<br \/>\nDie f\u00fcr ihre warme Dekoration gesch\u00e4tzte Unterkunft verf\u00fcgt \u00fcber zwei Schlafzimmer, von denen eines mit einem Doppelbett ausgestattet ist.<br \/>\nDie Bewohner haben auch Anspruch auf ein Wohnzimmer mit Heizung und TV sowie eine ausgestattete K\u00fcche mit mehreren Staur\u00e4umen.<br \/>\nAu\u00dferdem gibt es die \u00fcberdachte Terrasse, die Gartenm\u00f6bel und den Parkplatz.<\/p>\n<\/div><\/div><\/section>\n\n<section id=\"section-5f7498cd36f68\"\" class=\"section fourth-home bg-white\" \/><div class=\"container  full\"><div class=\"colonnes-wrap valign-top valign-center\"><div class=\"element colonne p-10\"><h2 class=\"element section-title justify\">Campingplatz am Meer von Biarritz<\/h2><div class=\"element bloc-text justify \">\n\t<p>Der Campingplatz empf\u00e4ngt Urlauber in einer <strong>friedlichen nat\u00fcrlichen Umgebung<\/strong>, die einem Tapetenwechsel und einer Flucht f\u00f6rderlich ist.<\/p>\n<p>Die N\u00e4he zu den Str\u00e4nden ist ein gro\u00dfer Vorteil. <strong>Paare<\/strong> k\u00f6nnen sich zum Beispiel die Zeit nehmen, am Ende des Tages, wenn die D\u00e4mmerung naht, einen ruhigen Spaziergang zu machen; Familien k\u00f6nnen aus mehreren <strong>Familienstr\u00e4nden<\/strong> w\u00e4hlen, die w\u00e4hrend der Saison \u00fcberwacht werden\u2026<\/p>\n<p>Camper k\u00f6nnen ihren Aufenthalt nat\u00fcrlich nutzen, um verschiedenen <strong>Outdoor- oder Wassersportaktivit\u00e4ten<\/strong> nachzugehen, aber auch, um die baskischen Landschaften zu erkunden, zum Beispiel, indem sie den K\u00fcstenweg kreuz und quer durchqueren\u2026<\/p>\n<\/div><a href=\"https:\/\/www.uronea.com\/de\/camping-am-meer-bidart\/\" title=\"Bleiben Sie am Meer\" class=\"element bouton justify\" ><span>Bleiben Sie am Meer<\/span><\/a><\/div><div class=\"element colonne p-0 carre\"><div class=\"element images\"><div class=\"image\"><img decoding=\"async\" src=\"https:\/\/www.uronea.com\/wp-content\/uploads\/2020\/11\/camping-bord-de-mer-bidart-73x100.jpg\" data-src=\"https:\/\/www.uronea.com\/wp-content\/uploads\/2020\/11\/camping-bord-de-mer-bidart.jpg\" alt=\"camping bord de mer bidart\" class=\"images_image carre\" \/><\/div><\/div><\/div><div class=\"element colonne p-0\"><div class=\"element images\"><div class=\"image\"><img decoding=\"async\" src=\"https:\/\/www.uronea.com\/wp-content\/uploads\/2020\/11\/bord-de-mer-bidart-73x100.jpg\" data-src=\"https:\/\/www.uronea.com\/wp-content\/uploads\/2020\/11\/bord-de-mer-bidart.jpg\" alt=\"bord de mer bidart\" class=\"images_image\" \/><\/div><\/div><\/div><\/div><\/div><\/section>\n\n<section id=\"section-5f7498cd374c4\"\" class=\"section fifth-home bg-color3\" \/><div class=\"container  full\"><h2 class=\"element section-title center\">Biarritz, ein eleganter Badeort im S\u00fcdwesten Frankreichs<\/h2><div class=\"element bloc-text center w-80 center-bloc p-y-4\">\n\t<p><strong>Biarritz<\/strong> war einst ein beliebter Urlaubsort f\u00fcr den Adel, eine Stadt, die zum Meer und zu den Meereswinden hin offen ist. Es ist gut, mit relativ milden Wintern und dr\u00fcckend hei\u00dfen Sommern zu leben. Heute ist dieser belebende Ferienort zwischen Meer und Bergen die europ\u00e4ische Hauptstadt des Surfens. Ein Paradies f\u00fcr Surfer und Feinschmecker, die Gr\u00f6\u00dfen dieser Welt werden von seinen gro\u00dfen Str\u00e4nden, seinen Thalassotherapie-Zentren, seinen trendigen Bars, seinen Golfpl\u00e4tzen, aber auch seinen Galerien und Gesch\u00e4ften verf\u00fchrt.<\/p>\n<p>Biarritz liegt in den <strong>Pyr\u00e9n\u00e9es-Atlantiques<\/strong> und hat eine Strandpromenade am Atlantischen Ozean. Es ist der ideale Ort f\u00fcr Campingferien mit \u00fcberdachtem und beheiztem Swimmingpool entlang der Sandstr\u00e4nde. Erbaut auf einer Reihe von H\u00fcgeln entlang der K\u00fcste, liegt es im S\u00fcdwesten des franz\u00f6sischen Territoriums und nur 25 Kilometer von der spanischen Grenze entfernt. Zwischen Meer und Bergen symbolisiert <a href=\"https:\/\/tourisme.biarritz.fr\/\" target=\"_blank\" rel=\"noopener noreferrer\">Biarritz<\/a> Prestige, Eleganz und die S\u00fc\u00dfe des Lebens . Es wird vom Atxinetxe-Kanal durchquert und hat die Form eines Amphitheaters, das ihm seinen ganzen Charme verleiht.<\/p>\n<p><strong>Biarritz<\/strong> ist einer der bekanntesten und renommiertesten Badeorte an der franz\u00f6sischen Atlantikk\u00fcste. Es ist auch der ideale Ausgangspunkt, um das Baskenland zu erkunden. \u00dcbernachten Sie f\u00fcr ein ruhiges Wochenende in einem Mobilheim auf einem <a href=\"\/camping-pays-basque\/\">Campingplatz im Baskenland<\/a> und entdecken Sie die vielen kulturellen Aktivit\u00e4ten der Stadt.<\/p>\n<h2>Was gibt es in Biarritz zu entdecken?<\/h2>\n<p>Entdecken Sie von unserem Campingplatz Bidart aus die erstaunliche Vielfalt der <strong>Naturlandschaften<\/strong> der Stadt. Von Pointe Saint-Martin, vorbei an der <strong>Grande-Plage<\/strong>, ist die K\u00fcste eine unendliche Quelle von Ecken und Winkeln, die es zu entdecken gilt. Die Stadt Biarritz bietet auch ein <strong>umfangreiches historisches Erbe<\/strong>, das einen Abstecher wert ist, ganz zu schweigen von ihren vier Museen und religi\u00f6sen Geb\u00e4uden. Zu den Sehensw\u00fcrdigkeiten, die man gesehen haben muss, geh\u00f6ren die <strong>Pointe de Biarritz<\/strong> sowie der Leuchtturm von Biarritz mit Blick auf die Pointe de Saint Martin. Es wurde 1834 erbaut und bietet von der Spitze seiner 248 Stufen einen au\u00dfergew\u00f6hnlichen 360\u00b0-Panoramablick auf die baskische K\u00fcste, das Meer und die Berge. Der 44 Meter hohe <strong>Leuchtturm von Biarritz<\/strong> wurde auf dem ehemaligen Cap Hainsart errichtet.<\/p>\n<p>In Biarritz nimmt die Kultur das ganze Jahr \u00fcber einen privilegierten Platz im Leben der Stadt ein. Nutzen Sie w\u00e4hrend Ihres Aufenthalts in einem Mobilheim in Biarritz die Gelegenheit, die verschiedenen <strong>Feiertage und Feste<\/strong> zu entdecken.<\/p>\n<p>Entdecken Sie auch das reiche <strong>Naturerbe von Biarritz<\/strong>, das aus sechs Str\u00e4nden, 120 Hektar bewaldeten Gebieten sowie seinen zwei Seen besteht, die vom Conservatoire du Litoral gesch\u00fctzt werden. Dar\u00fcber hinaus ist der Lake Mouriscot, einer der beiden Seen von Biarritz, teilweise <strong>Natura 2000-klassifiziert<\/strong>. Aufgrund der Vielfalt der nat\u00fcrlichen Umgebungen beherbergt es Vogelarten, viele Arten von S\u00fc\u00dfwasserfischen sowie eine Flora von hohem biologischem Interesse.<\/p>\n<p>W\u00e4hrend Ihres g\u00fcnstigen Biarritz-Urlaubs k\u00f6nnen Sie <strong>auch durch den \u00f6ffentlichen Garten<\/strong> im Stadtzentrum schlendern, gegen\u00fcber dem Gare du Midi, der jetzt in einen Kulturraum umgewandelt wurde, oder sogar im Mazon-Park und im Lahouze-Garten . Im Jahr 2012 erhielt Biarritz w\u00e4hrend des Wettbewerbs f\u00fcr bl\u00fchende St\u00e4dte und D\u00f6rfer drei Blumen. Ohne das wunderbare Immobilienerbe von Biarritz zu vergessen, das diesen Badeort zu einer Stadt mit unvergleichlicher Architektur macht (siehe die sch\u00f6nsten <a href=\"https:\/\/www.barnes-cotebasque.com\/ventes\/biarritz-64200\" target= \"_blank \"rel=\"noopener noreferrer\">Immobilien in Biarritz<\/a> mit Barnes).<\/p>\n<p>Rund um die Stadt werden Ihnen viele Spazierg\u00e4nge angeboten, um die H\u00fcgel, die traditionellen D\u00f6rfer, aber vor allem die lokale Gastronomie zu entdecken. Entdecken Sie zum Einkaufen auch die vielen Gesch\u00e4fte in der Innenstadt. Setzen Sie Ihren Spaziergang zum Fischereihafen fort und entdecken Sie den <strong>Felsen der Jungfrau Maria<\/strong>, eines der Wahrzeichen der Stadt Biarritz. Bei gutem Wetter ist die Aussicht hervorragend. Auch bei Gewitter, aber auch bei Nacht ist dieser Ort faszinierend. Die in den Felsen gehauene Galerie ist Napoleon III zu verdanken, und die Jungfrau auf ihrem Gipfel ist eine Hommage an Walf\u00e4nger, die nach einem Sturm sicher und gesund zur\u00fcckgekehrt sind.<\/p>\n<h2>Was gibt es in Biarritz zu besichtigen?<\/h2>\n<p>Wenn Sie ein Mobilheim in Biarritz mieten, gibt es viele Sehensw\u00fcrdigkeiten zu besichtigen, beginnend mit dem H\u00f4tel du Palais, das an der Stelle der Villa von Kaiserin Eug\u00e9nie wieder aufgebaut wurde. Auch das am Strand verankerte <strong>Casino Municipal<\/strong> ist einen Besuch wert. Im Art-Deco-Stil veranschaulicht es perfekt das architektonische Erbe der Stadt. Das 1929 erbaute und 1994 renovierte st\u00e4dtische Casino ist im Laufe der Jahre zum Wahrzeichen der Architektur der Stadt Biarritz geworden.<\/p>\n<p>Es wurde 1992 als historisches Denkmal eingestuft. Unter den religi\u00f6sen Denkm\u00e4lern von Biarritz befindet sich auch die kaiserliche Kapelle, die 1864 auf Wunsch von Kaiserin Eug\u00e9nie de Montijo erbaut wurde. Die der mexikanischen Schwarzen Madonna Unserer Lieben Frau von Guadalupe gewidmete kaiserliche Kapelle wurde 1981 unter Denkmalschutz gestellt.<\/p>\n<p>Der Besuch wird im <strong>Meeresmuseum<\/strong> fortgesetzt. Dieses pr\u00e4chtige Art-Deco-Denkmal wurde 1935 er\u00f6ffnet und beherbergt mehr als 150 Arten von Fischen und wirbellosen Tieren aus dem Golf von Biskaya, verschiedene Sammlungen von V\u00f6geln und Walen, eine H\u00f6hle mit Haien und das Robbenbecken.<\/p>\n<p>Die <strong>Stadt des Ozeans und der Brandung<\/strong> wurde vom New Yorker Architekten Steven Holl entworfen. Dieses Geb\u00e4ude gleitet in Form einer Welle in Richtung Atlantik. In einer herrlichen Umgebung in der N\u00e4he des Golfplatzes und des Strandes von Ilbarritz hat es sich zur Aufgabe gemacht, den Ozean bekannter und respektierter zu machen.<\/p>\n<p>Gehen Sie nach der Cit\u00e9 de l&#8217;Oc\u00e9an zum <strong>Biarritz Historical Museum<\/strong>. Durch die Sammlungen und Gem\u00e4lde, die in diesem Museum in einer ehemaligen anglikanischen Kirche versammelt sind, haben Sie die M\u00f6glichkeit, die gesamte Geschichte von Biarritz nachzuerleben. Tats\u00e4chlich erz\u00e4hlt es die Geschichte der Stadt, die urspr\u00fcnglich ein kleiner Walfanghafen vom 11. bis 13. Jahrhundert war.<\/p>\n<p>Der <strong>Planet des Schokoladenmuseums<\/strong> bringt Ihnen alles \u00fcber Schokolade bei! Von den Mayas bis heute, aber auch von seiner Geschichte mit dem Baskenland. Sie werden eine hervorragende Sammlung entdecken, eine Ausstellung von Schokoladenskulpturen und um Kultur und Gastronomie zu verbinden, haben Sie die M\u00f6glichkeit, eine Verkostung zu machen.<\/p>\n<p>Vergessen Sie nicht, das <strong>Asiatica Museum<\/strong> zu besuchen, eines der f\u00fcnf wichtigsten europ\u00e4ischen Museen f\u00fcr orientalische Kunst. Nutzen Sie diesen Besuch, um einzigartige Kunstwerke aus der Region Indien, China oder Tibet zu bewundern, aber auch um Ihr Wissen zu erweitern, indem Sie alle Erl\u00e4uterungsbl\u00e4tter konsultieren.<\/p>\n<\/div><\/div><\/section>","protected":false},"excerpt":{"rendered":"","protected":false},"author":1,"featured_media":4577,"parent":0,"menu_order":0,"comment_status":"closed","ping_status":"closed","template":"templates\/template-villes.php","meta":{"_acf_changed":false,"footnotes":""},"class_list":["post-9347","page","type-page","status-publish","has-post-thumbnail","hentry"],"acf":[],"yoast_head":"<!-- This site is optimized with the Yoast SEO plugin v25.3 - https:\/\/yoast.com\/wordpress\/plugins\/seo\/ -->\n<title>Campingplatz Biarritz 3 Sterne | Mobilheimvermietung in der N\u00e4he von Biarritz<\/title>\n<meta name=\"description\" content=\"Erfahren Sie mehr \u00fcber den Tourismus in Biarritz: Entdecken Sie Biarritz w\u00e4hrend Ihres Urlaubs auf dem Campingplatz Uronea im Baskenland\" \/>\n<meta name=\"robots\" content=\"index, follow, max-snippet:-1, max-image-preview:large, max-video-preview:-1\" \/>\n<link rel=\"canonical\" href=\"https:\/\/www.uronea.com\/de\/campingplatz-biarritz\/\" \/>\n<meta property=\"og:locale\" content=\"de_DE\" \/>\n<meta property=\"og:type\" content=\"article\" \/>\n<meta property=\"og:title\" content=\"Campingplatz Biarritz 3 Sterne | Mobilheimvermietung in der N\u00e4he von Biarritz\" \/>\n<meta property=\"og:description\" content=\"Erfahren Sie mehr \u00fcber den Tourismus in Biarritz: Entdecken Sie Biarritz w\u00e4hrend Ihres Urlaubs auf dem Campingplatz Uronea im Baskenland\" \/>\n<meta property=\"og:url\" content=\"https:\/\/www.uronea.com\/de\/campingplatz-biarritz\/\" \/>\n<meta property=\"og:site_name\" content=\"Camping Ur-Onea\" \/>\n<meta property=\"article:modified_time\" content=\"2024-02-26T07:43:17+00:00\" \/>\n<meta property=\"og:image\" content=\"https:\/\/www.uronea.com\/wp-content\/uploads\/2020\/10\/camping-biarritz-1.jpg\" \/>\n\t<meta property=\"og:image:width\" content=\"1903\" \/>\n\t<meta property=\"og:image:height\" content=\"450\" \/>\n\t<meta property=\"og:image:type\" content=\"image\/jpeg\" \/>\n<meta name=\"twitter:card\" content=\"summary_large_image\" \/>\n<meta name=\"twitter:label1\" content=\"Gesch\u00e4tzte Lesezeit\" \/>\n\t<meta name=\"twitter:data1\" content=\"1\u00a0Minute\" \/>\n<script type=\"application\/ld+json\" class=\"yoast-schema-graph\">{\"@context\":\"https:\/\/schema.org\",\"@graph\":[{\"@type\":\"WebPage\",\"@id\":\"https:\/\/www.uronea.com\/de\/campingplatz-biarritz\/\",\"url\":\"https:\/\/www.uronea.com\/de\/campingplatz-biarritz\/\",\"name\":\"Campingplatz Biarritz 3 Sterne | Mobilheimvermietung in der N\u00e4he von Biarritz\",\"isPartOf\":{\"@id\":\"https:\/\/www.uronea.com\/de\/#website\"},\"primaryImageOfPage\":{\"@id\":\"https:\/\/www.uronea.com\/de\/campingplatz-biarritz\/#primaryimage\"},\"image\":{\"@id\":\"https:\/\/www.uronea.com\/de\/campingplatz-biarritz\/#primaryimage\"},\"thumbnailUrl\":\"https:\/\/www.uronea.com\/wp-content\/uploads\/2020\/10\/camping-biarritz-1.jpg\",\"datePublished\":\"2022-02-02T10:14:08+00:00\",\"dateModified\":\"2024-02-26T07:43:17+00:00\",\"description\":\"Erfahren Sie mehr \u00fcber den Tourismus in Biarritz: Entdecken Sie Biarritz w\u00e4hrend Ihres Urlaubs auf dem Campingplatz Uronea im Baskenland\",\"breadcrumb\":{\"@id\":\"https:\/\/www.uronea.com\/de\/campingplatz-biarritz\/#breadcrumb\"},\"inLanguage\":\"de\",\"potentialAction\":[{\"@type\":\"ReadAction\",\"target\":[\"https:\/\/www.uronea.com\/de\/campingplatz-biarritz\/\"]}]},{\"@type\":\"ImageObject\",\"inLanguage\":\"de\",\"@id\":\"https:\/\/www.uronea.com\/de\/campingplatz-biarritz\/#primaryimage\",\"url\":\"https:\/\/www.uronea.com\/wp-content\/uploads\/2020\/10\/camping-biarritz-1.jpg\",\"contentUrl\":\"https:\/\/www.uronea.com\/wp-content\/uploads\/2020\/10\/camping-biarritz-1.jpg\",\"width\":1903,\"height\":450,\"caption\":\"camping-biarritz\"},{\"@type\":\"BreadcrumbList\",\"@id\":\"https:\/\/www.uronea.com\/de\/campingplatz-biarritz\/#breadcrumb\",\"itemListElement\":[{\"@type\":\"ListItem\",\"position\":1,\"name\":\"Campingplatz Bidart\",\"item\":\"https:\/\/www.uronea.com\/de\/\"},{\"@type\":\"ListItem\",\"position\":2,\"name\":\"3-Sterne-Campingplatz Biarritz\"}]},{\"@type\":\"WebSite\",\"@id\":\"https:\/\/www.uronea.com\/de\/#website\",\"url\":\"https:\/\/www.uronea.com\/de\/\",\"name\":\"Camping Ur-Onea\",\"description\":\"\",\"potentialAction\":[{\"@type\":\"SearchAction\",\"target\":{\"@type\":\"EntryPoint\",\"urlTemplate\":\"https:\/\/www.uronea.com\/de\/?s={search_term_string}\"},\"query-input\":{\"@type\":\"PropertyValueSpecification\",\"valueRequired\":true,\"valueName\":\"search_term_string\"}}],\"inLanguage\":\"de\"}]}<\/script>\n<!-- \/ Yoast SEO plugin. -->","yoast_head_json":{"title":"Campingplatz Biarritz 3 Sterne | Mobilheimvermietung in der N\u00e4he von Biarritz","description":"Erfahren Sie mehr \u00fcber den Tourismus in Biarritz: Entdecken Sie Biarritz w\u00e4hrend Ihres Urlaubs auf dem Campingplatz Uronea im Baskenland","robots":{"index":"index","follow":"follow","max-snippet":"max-snippet:-1","max-image-preview":"max-image-preview:large","max-video-preview":"max-video-preview:-1"},"canonical":"https:\/\/www.uronea.com\/de\/campingplatz-biarritz\/","og_locale":"de_DE","og_type":"article","og_title":"Campingplatz Biarritz 3 Sterne | Mobilheimvermietung in der N\u00e4he von Biarritz","og_description":"Erfahren Sie mehr \u00fcber den Tourismus in Biarritz: Entdecken Sie Biarritz w\u00e4hrend Ihres Urlaubs auf dem Campingplatz Uronea im Baskenland","og_url":"https:\/\/www.uronea.com\/de\/campingplatz-biarritz\/","og_site_name":"Camping Ur-Onea","article_modified_time":"2024-02-26T07:43:17+00:00","og_image":[{"width":1903,"height":450,"url":"https:\/\/www.uronea.com\/wp-content\/uploads\/2020\/10\/camping-biarritz-1.jpg","type":"image\/jpeg"}],"twitter_card":"summary_large_image","twitter_misc":{"Gesch\u00e4tzte Lesezeit":"1\u00a0Minute"},"schema":{"@context":"https:\/\/schema.org","@graph":[{"@type":"WebPage","@id":"https:\/\/www.uronea.com\/de\/campingplatz-biarritz\/","url":"https:\/\/www.uronea.com\/de\/campingplatz-biarritz\/","name":"Campingplatz Biarritz 3 Sterne | Mobilheimvermietung in der N\u00e4he von Biarritz","isPartOf":{"@id":"https:\/\/www.uronea.com\/de\/#website"},"primaryImageOfPage":{"@id":"https:\/\/www.uronea.com\/de\/campingplatz-biarritz\/#primaryimage"},"image":{"@id":"https:\/\/www.uronea.com\/de\/campingplatz-biarritz\/#primaryimage"},"thumbnailUrl":"https:\/\/www.uronea.com\/wp-content\/uploads\/2020\/10\/camping-biarritz-1.jpg","datePublished":"2022-02-02T10:14:08+00:00","dateModified":"2024-02-26T07:43:17+00:00","description":"Erfahren Sie mehr \u00fcber den Tourismus in Biarritz: Entdecken Sie Biarritz w\u00e4hrend Ihres Urlaubs auf dem Campingplatz Uronea im Baskenland","breadcrumb":{"@id":"https:\/\/www.uronea.com\/de\/campingplatz-biarritz\/#breadcrumb"},"inLanguage":"de","potentialAction":[{"@type":"ReadAction","target":["https:\/\/www.uronea.com\/de\/campingplatz-biarritz\/"]}]},{"@type":"ImageObject","inLanguage":"de","@id":"https:\/\/www.uronea.com\/de\/campingplatz-biarritz\/#primaryimage","url":"https:\/\/www.uronea.com\/wp-content\/uploads\/2020\/10\/camping-biarritz-1.jpg","contentUrl":"https:\/\/www.uronea.com\/wp-content\/uploads\/2020\/10\/camping-biarritz-1.jpg","width":1903,"height":450,"caption":"camping-biarritz"},{"@type":"BreadcrumbList","@id":"https:\/\/www.uronea.com\/de\/campingplatz-biarritz\/#breadcrumb","itemListElement":[{"@type":"ListItem","position":1,"name":"Campingplatz Bidart","item":"https:\/\/www.uronea.com\/de\/"},{"@type":"ListItem","position":2,"name":"3-Sterne-Campingplatz Biarritz"}]},{"@type":"WebSite","@id":"https:\/\/www.uronea.com\/de\/#website","url":"https:\/\/www.uronea.com\/de\/","name":"Camping Ur-Onea","description":"","potentialAction":[{"@type":"SearchAction","target":{"@type":"EntryPoint","urlTemplate":"https:\/\/www.uronea.com\/de\/?s={search_term_string}"},"query-input":{"@type":"PropertyValueSpecification","valueRequired":true,"valueName":"search_term_string"}}],"inLanguage":"de"}]}},"_links":{"self":[{"href":"https:\/\/www.uronea.com\/de\/wp-json\/wp\/v2\/pages\/9347"}],"collection":[{"href":"https:\/\/www.uronea.com\/de\/wp-json\/wp\/v2\/pages"}],"about":[{"href":"https:\/\/www.uronea.com\/de\/wp-json\/wp\/v2\/types\/page"}],"author":[{"embeddable":true,"href":"https:\/\/www.uronea.com\/de\/wp-json\/wp\/v2\/users\/1"}],"replies":[{"embeddable":true,"href":"https:\/\/www.uronea.com\/de\/wp-json\/wp\/v2\/comments?post=9347"}],"version-history":[{"count":6,"href":"https:\/\/www.uronea.com\/de\/wp-json\/wp\/v2\/pages\/9347\/revisions"}],"predecessor-version":[{"id":10403,"href":"https:\/\/www.uronea.com\/de\/wp-json\/wp\/v2\/pages\/9347\/revisions\/10403"}],"wp:featuredmedia":[{"embeddable":true,"href":"https:\/\/www.uronea.com\/de\/wp-json\/wp\/v2\/media\/4577"}],"wp:attachment":[{"href":"https:\/\/www.uronea.com\/de\/wp-json\/wp\/v2\/media?parent=9347"}],"curies":[{"name":"wp","href":"https:\/\/api.w.org\/{rel}","templated":true}]}}