{"id":9288,"date":"2022-02-02T10:12:36","date_gmt":"2022-02-02T09:12:36","guid":{"rendered":"https:\/\/www.uronea.com\/camping-espelette\/"},"modified":"2024-02-26T08:42:41","modified_gmt":"2024-02-26T07:42:41","slug":"campingplatz-espelette","status":"publish","type":"page","link":"https:\/\/www.uronea.com\/de\/campingplatz-espelette\/","title":{"rendered":"3-Sterne-Campingplatz Espelette"},"content":{"rendered":"<section id=\"section-first-home\"\" class=\"section bg-color3 p-t-0 p-b-0\" \/><div class=\"container  full\"><div class=\"colonnes-wrap valign-top \"><div class=\"element colonne \"><h1 class=\"element section-title left p-t-10 p-x-10\">3-Sterne-Campingplatz Espelette<\/h1><div class=\"element bloc-text justify p-x-10\">\n\t<p>Vom <a href=\"\/de\/\">Campingplatz Bidart<\/a> ist ein Abstecher in die ber\u00fchmte Chili-Hauptstadt ein Muss. Espelette, ein malerisches Labourdin-Dorf, beherbergt ein sch\u00f6nes Erbe, darunter die befestigte Kirche Saint-Etienne, das Schloss der Barone von Ezpeleta. Wenn Sie durch die Fu\u00dfg\u00e4ngerzone schlendern, schauen Sie nach oben und entdecken Sie die in der Sonne trocknenden Paprikaschoten, die an den Fassaden traditioneller H\u00e4user h\u00e4ngen.<br \/>\nDer Espelette-Pfeffer ist Gegenstand einer st\u00e4ndigen Museographie im Schloss und kann auch durch eine komplette Route im Atelier du Piment entdeckt werden: Von den Anbaumethoden bis zur Verwendung in der K\u00fcche wird die ganze Welt der Paprika auf unterhaltsame und unterhaltsame Weise erkundet p\u00e4dagogischer Weg. Ein Besuch, den Sie sich nicht entgehen lassen sollten, wenn Sie mit Ihrer Familie auf dem 3-Sterne-Campingplatz im Baskenland \u00fcbernachten! Auch traditionelle Feste sind im Labourdin-Dorf jedes Jahr zu erleben: Das Chili-Festival im Oktober l\u00e4dt zum Besuch von Konzerten, Volkst\u00e4nzen und Demonstrationen baskischer Kraft ein. Im Juni feiert das Axoa-Fest diesen typisch baskischen Eintopf aus Kalbshackfleisch, Zwiebeln und Paprika. Auf dem Programm der Feierlichkeiten stehen eine gastronomische Messe, Axoa-Wettbewerbe, Bruderschaftsumz\u00fcge, Makilaris-T\u00e4nze und ein gro\u00dfes Volksessen. Im Januar feiert das Dorf die Rasse der Pottok-Pferde, deren Wiege es auch ist.<\/p>\n<\/div><\/div><div class=\"element colonne p-0\"><ul class=\"liste-de-page\"><li class=\"element call-to-action rectangle call-to-action--style-1 call-to-action--big\"><a href=\"https:\/\/www.uronea.com\/de\/campingplatz-arbonne\/\"  class=\"call-to-action_link\" title=\"Erfahren Sie mehr \u00fcber 3-sterne-campingplatz arbonne\"><div class=\"call-to-action_image\"><img decoding=\"async\" src=\"https:\/\/www.uronea.com\/wp-content\/uploads\/2020\/10\/arbonne-100x24.jpg\" data-src=\"https:\/\/www.uronea.com\/wp-content\/uploads\/2020\/10\/arbonne.jpg\" alt=\"arbonne\" class=\"big\" \/><\/div><div class=\"call-to-action_contenu\"><div class=\"call-to-action_titre\">3-Sterne-Campingplatz Arbonne<\/div><\/div><\/a><\/li><li class=\"element call-to-action  call-to-action--style-1 call-to-action--big\"><a href=\"https:\/\/www.uronea.com\/de\/campingplatz-bassussarry\/\"  class=\"call-to-action_link\" title=\"Erfahren Sie mehr \u00fcber 3-sterne-campingplatz bassussarry\"><div class=\"call-to-action_image\"><img decoding=\"async\" src=\"https:\/\/www.uronea.com\/wp-content\/uploads\/2020\/10\/Golf-terrain-batiment-2-100x24.jpg\" data-src=\"https:\/\/www.uronea.com\/wp-content\/uploads\/2020\/10\/Golf-terrain-batiment-2.jpg\" alt=\"Golf terrain batiment\" class=\"big\" \/><\/div><div class=\"call-to-action_contenu\"><div class=\"call-to-action_titre\">3-Sterne-Campingplatz Bassussarry<\/div><\/div><\/a><\/li><li class=\"element call-to-action  call-to-action--style-1 call-to-action--big\"><a href=\"https:\/\/www.uronea.com\/de\/campingplatz-anglet\/\"  class=\"call-to-action_link\" title=\"Erfahren Sie mehr \u00fcber 3-sterne-campingplatz anglet\"><div class=\"call-to-action_image\"><img decoding=\"async\" src=\"https:\/\/www.uronea.com\/wp-content\/uploads\/2020\/10\/location-anglet-100x24.jpg\" data-src=\"https:\/\/www.uronea.com\/wp-content\/uploads\/2020\/10\/location-anglet.jpg\" alt=\"location anglet\" class=\"big\" \/><\/div><div class=\"call-to-action_contenu\"><div class=\"call-to-action_titre\">3-Sterne-Campingplatz Anglet<\/div><\/div><\/a><\/li><li class=\"element call-to-action  call-to-action--style-1 call-to-action--big\"><a href=\"https:\/\/www.uronea.com\/de\/campingplatz-bayonne\/\"  class=\"call-to-action_link\" title=\"Erfahren Sie mehr \u00fcber 3-sterne-campingplatz bayonne\"><div class=\"call-to-action_image\"><img decoding=\"async\" src=\"https:\/\/www.uronea.com\/wp-content\/uploads\/2020\/10\/bayonne-100x24.jpg\" data-src=\"https:\/\/www.uronea.com\/wp-content\/uploads\/2020\/10\/bayonne.jpg\" alt=\"bayonne\" class=\"big\" \/><\/div><div class=\"call-to-action_contenu\"><div class=\"call-to-action_titre\">3-Sterne-Campingplatz Bayonne<\/div><\/div><\/a><\/li><\/ul><\/div><\/div><\/div><\/section>\n\n<section id=\"section-5f7498cd36c1d\"\" class=\"section third-home bg-black section--has-bg-img\" \/><img decoding=\"async\" src=\"https:\/\/www.uronea.com\/wp-content\/uploads\/2020\/10\/mobil-home-bidart-100x28.jpg\" data-src=\"https:\/\/www.uronea.com\/wp-content\/uploads\/2020\/10\/mobil-home-bidart.jpg\" alt=\"mobil-home bidart\" class=\"section_bg-img\" data-opacite=\"0.4\"\/><div class=\"container  extralarge\"><h2 class=\"element section-title center\">Campingplatz Ur-Onea 20 km von Espelette<\/h2><ul class=\"liste-de-page\"><li class=\"element call-to-action rectangle call-to-action--style-1 call-to-action--big\"><a href=\"https:\/\/www.uronea.com\/de\/wohnmobilvermietung-bidart\/\"  class=\"call-to-action_link\" title=\"Erfahren Sie mehr \u00fcber unsere mobilheime\"><div class=\"call-to-action_image\"><img decoding=\"async\" src=\"https:\/\/www.uronea.com\/wp-content\/uploads\/2026\/03\/MARINA-VU-IRIS-160224-SH.jpg\" data-src=\"https:\/\/www.uronea.com\/wp-content\/uploads\/2026\/03\/MARINA-VU-IRIS-160224-SH.jpg\" alt=\"\" class=\"big\" \/><\/div><div class=\"call-to-action_contenu\"><div class=\"call-to-action_titre\">Unsere Mobilheime<\/div><\/div><\/a><\/li><li class=\"element call-to-action  call-to-action--style-1 call-to-action--big\"><a href=\"https:\/\/www.uronea.com\/de\/vermietung-chalet-bidart\/\"  class=\"call-to-action_link\" title=\"Erfahren Sie mehr \u00fcber unsere ferienh\u00e4user\"><div class=\"call-to-action_image\"><img decoding=\"async\" src=\"https:\/\/www.uronea.com\/wp-content\/uploads\/2020\/11\/chalet-bidart-77x100.jpg\" data-src=\"https:\/\/www.uronea.com\/wp-content\/uploads\/2020\/11\/chalet-bidart.jpg\" alt=\"chalet bidart\" class=\"big\" \/><\/div><div class=\"call-to-action_contenu\"><div class=\"call-to-action_titre\">Unsere Ferienh\u00e4user<\/div><\/div><\/a><\/li><li class=\"element call-to-action  call-to-action--style-1 call-to-action--big\"><a href=\"https:\/\/www.uronea.com\/de\/stellplatze-mieten-bidart\/\"  class=\"call-to-action_link\" title=\"Erfahren Sie mehr \u00fcber unsere standorte\"><div class=\"call-to-action_image\"><img decoding=\"async\" src=\"https:\/\/www.uronea.com\/wp-content\/uploads\/2026\/03\/Empl-Confort-Camping-UR-ONEA-Bidart-Pays-Basque-scaled.jpg\" data-src=\"https:\/\/www.uronea.com\/wp-content\/uploads\/2026\/03\/Empl-Confort-Camping-UR-ONEA-Bidart-Pays-Basque-scaled.jpg\" alt=\"\" class=\"big\" \/><\/div><div class=\"call-to-action_contenu\"><div class=\"call-to-action_titre\">Unsere Standorte<\/div><\/div><\/a><\/li><li class=\"element call-to-action  call-to-action--style-1 call-to-action--big\"><a href=\"https:\/\/www.uronea.com\/de\/billig-camping-bidart\/\"  class=\"call-to-action_link\" title=\"Erfahren Sie mehr \u00fcber tarife\"><div class=\"call-to-action_image\"><img decoding=\"async\" src=\"https:\/\/www.uronea.com\/wp-content\/uploads\/2026\/03\/COTE-BASQUE-URONEA-56x100.jpg\" data-src=\"https:\/\/www.uronea.com\/wp-content\/uploads\/2026\/03\/COTE-BASQUE-URONEA-scaled.jpg\" alt=\"\" class=\"big\" \/><\/div><div class=\"call-to-action_contenu\"><div class=\"call-to-action_titre\">Tarife<\/div><\/div><\/a><\/li><\/ul><div class=\"element bloc-text center \">\n\t<p>Der Campingplatz in Bidart ist ein ideales Ziel, wenn Sie in Espelette oder in der N\u00e4he eine Mobilheimvermietung f\u00fcr einen Campingurlaub mit der Familie suchen: Er liegt nur 20 km vom ber\u00fchmten und malerischen Dorf Labourdin entfernt und erm\u00f6glicht Ihnen auch, das t\u00e4gliche Leben zu nutzen Baskische K\u00fcste und die Freuden des Ozeans. 600 Meter von den Str\u00e4nden entfernt ist der Campingplatz Ur-Onea ideal gelegen, um die traditionellen D\u00f6rfer des Landes und der K\u00fcste zu entdecken. Die N\u00e4he von Espelette erm\u00f6glicht es Ihnen, w\u00e4hrend Ihres Aufenthalts mehrmals zur\u00fcckzukehren, um das Erbe der kleinen Stadt zu entdecken, ihre Museen zu besuchen und an ihren Feierlichkeiten teilzunehmen. Profitieren Sie von einer <strong>Wohnmobilvermietung in der N\u00e4he von Espelette<\/strong>, um vollst\u00e4ndig in die baskische Kultur und ihre Traditionen einzutauchen! F\u00fcr ihren Campingaufenthalt im n\u00e4chsten Urlaub haben Camper und Urlauber die Wahl zwischen verschiedenen Mietobjekten, n\u00e4mlich schattigen und gro\u00dfz\u00fcgigen Camping-Caravaning-Stellpl\u00e4tzen f\u00fcr Wohnmobile, Wohnwagen und Zelte, einem Chalet im Gr\u00fcnen in der Natur mit direktem Zugang zum Meer Kinderspielplatz und das beheizte Schwimmbad oder sogar ein Open-Air-Mobilheim in einer gr\u00fcnen Umgebung in der N\u00e4he der feinen Sandstr\u00e4nde der Pyr\u00e9n\u00e9es Atlantiques. Genug, um einen Traumurlaub im Wohnmobil oder Wohnwagen auf einem Stellplatz zu verbringen.<\/p>\n<\/div><\/div><\/section>","protected":false},"excerpt":{"rendered":"","protected":false},"author":1,"featured_media":4726,"parent":0,"menu_order":0,"comment_status":"closed","ping_status":"closed","template":"templates\/template-villes.php","meta":{"_acf_changed":false,"footnotes":""},"class_list":["post-9288","page","type-page","status-publish","has-post-thumbnail","hentry"],"acf":[],"yoast_head":"<!-- This site is optimized with the Yoast SEO plugin v25.3 - https:\/\/yoast.com\/wordpress\/plugins\/seo\/ -->\n<title>Campingplatz Espelette | Mobilheim Espelette | Urlaub Espelette, Baskenland<\/title>\n<meta name=\"description\" content=\"Entdecken und besuchen Sie das charmante Dorf Espelette von unserem nur 20 km entfernten Campingplatz aus. Entdecken Sie auch unsere verschiedenen Mietobjekte.\" \/>\n<meta name=\"robots\" content=\"index, follow, max-snippet:-1, max-image-preview:large, max-video-preview:-1\" \/>\n<link rel=\"canonical\" href=\"https:\/\/www.uronea.com\/de\/campingplatz-espelette\/\" \/>\n<meta property=\"og:locale\" content=\"de_DE\" \/>\n<meta property=\"og:type\" content=\"article\" \/>\n<meta property=\"og:title\" content=\"Campingplatz Espelette | Mobilheim Espelette | Urlaub Espelette, Baskenland\" \/>\n<meta property=\"og:description\" content=\"Entdecken und besuchen Sie das charmante Dorf Espelette von unserem nur 20 km entfernten Campingplatz aus. Entdecken Sie auch unsere verschiedenen Mietobjekte.\" \/>\n<meta property=\"og:url\" content=\"https:\/\/www.uronea.com\/de\/campingplatz-espelette\/\" \/>\n<meta property=\"og:site_name\" content=\"Camping Ur-Onea\" \/>\n<meta property=\"article:modified_time\" content=\"2024-02-26T07:42:41+00:00\" \/>\n<meta property=\"og:image\" content=\"https:\/\/www.uronea.com\/wp-content\/uploads\/2020\/10\/Piments-espelette.jpg\" \/>\n\t<meta property=\"og:image:width\" content=\"1903\" \/>\n\t<meta property=\"og:image:height\" content=\"450\" \/>\n\t<meta property=\"og:image:type\" content=\"image\/jpeg\" \/>\n<meta name=\"twitter:card\" content=\"summary_large_image\" \/>\n<meta name=\"twitter:label1\" content=\"Gesch\u00e4tzte Lesezeit\" \/>\n\t<meta name=\"twitter:data1\" content=\"1\u00a0Minute\" \/>\n<script type=\"application\/ld+json\" class=\"yoast-schema-graph\">{\"@context\":\"https:\/\/schema.org\",\"@graph\":[{\"@type\":\"WebPage\",\"@id\":\"https:\/\/www.uronea.com\/de\/campingplatz-espelette\/\",\"url\":\"https:\/\/www.uronea.com\/de\/campingplatz-espelette\/\",\"name\":\"Campingplatz Espelette | Mobilheim Espelette | Urlaub Espelette, Baskenland\",\"isPartOf\":{\"@id\":\"https:\/\/www.uronea.com\/de\/#website\"},\"primaryImageOfPage\":{\"@id\":\"https:\/\/www.uronea.com\/de\/campingplatz-espelette\/#primaryimage\"},\"image\":{\"@id\":\"https:\/\/www.uronea.com\/de\/campingplatz-espelette\/#primaryimage\"},\"thumbnailUrl\":\"https:\/\/www.uronea.com\/wp-content\/uploads\/2020\/10\/Piments-espelette.jpg\",\"datePublished\":\"2022-02-02T09:12:36+00:00\",\"dateModified\":\"2024-02-26T07:42:41+00:00\",\"description\":\"Entdecken und besuchen Sie das charmante Dorf Espelette von unserem nur 20 km entfernten Campingplatz aus. Entdecken Sie auch unsere verschiedenen Mietobjekte.\",\"breadcrumb\":{\"@id\":\"https:\/\/www.uronea.com\/de\/campingplatz-espelette\/#breadcrumb\"},\"inLanguage\":\"de\",\"potentialAction\":[{\"@type\":\"ReadAction\",\"target\":[\"https:\/\/www.uronea.com\/de\/campingplatz-espelette\/\"]}]},{\"@type\":\"ImageObject\",\"inLanguage\":\"de\",\"@id\":\"https:\/\/www.uronea.com\/de\/campingplatz-espelette\/#primaryimage\",\"url\":\"https:\/\/www.uronea.com\/wp-content\/uploads\/2020\/10\/Piments-espelette.jpg\",\"contentUrl\":\"https:\/\/www.uronea.com\/wp-content\/uploads\/2020\/10\/Piments-espelette.jpg\",\"width\":1903,\"height\":450,\"caption\":\"Piments espelette\"},{\"@type\":\"BreadcrumbList\",\"@id\":\"https:\/\/www.uronea.com\/de\/campingplatz-espelette\/#breadcrumb\",\"itemListElement\":[{\"@type\":\"ListItem\",\"position\":1,\"name\":\"Campingplatz Bidart\",\"item\":\"https:\/\/www.uronea.com\/de\/\"},{\"@type\":\"ListItem\",\"position\":2,\"name\":\"3-Sterne-Campingplatz Espelette\"}]},{\"@type\":\"WebSite\",\"@id\":\"https:\/\/www.uronea.com\/de\/#website\",\"url\":\"https:\/\/www.uronea.com\/de\/\",\"name\":\"Camping Ur-Onea\",\"description\":\"\",\"potentialAction\":[{\"@type\":\"SearchAction\",\"target\":{\"@type\":\"EntryPoint\",\"urlTemplate\":\"https:\/\/www.uronea.com\/de\/?s={search_term_string}\"},\"query-input\":{\"@type\":\"PropertyValueSpecification\",\"valueRequired\":true,\"valueName\":\"search_term_string\"}}],\"inLanguage\":\"de\"}]}<\/script>\n<!-- \/ Yoast SEO plugin. -->","yoast_head_json":{"title":"Campingplatz Espelette | Mobilheim Espelette | Urlaub Espelette, Baskenland","description":"Entdecken und besuchen Sie das charmante Dorf Espelette von unserem nur 20 km entfernten Campingplatz aus. Entdecken Sie auch unsere verschiedenen Mietobjekte.","robots":{"index":"index","follow":"follow","max-snippet":"max-snippet:-1","max-image-preview":"max-image-preview:large","max-video-preview":"max-video-preview:-1"},"canonical":"https:\/\/www.uronea.com\/de\/campingplatz-espelette\/","og_locale":"de_DE","og_type":"article","og_title":"Campingplatz Espelette | Mobilheim Espelette | Urlaub Espelette, Baskenland","og_description":"Entdecken und besuchen Sie das charmante Dorf Espelette von unserem nur 20 km entfernten Campingplatz aus. Entdecken Sie auch unsere verschiedenen Mietobjekte.","og_url":"https:\/\/www.uronea.com\/de\/campingplatz-espelette\/","og_site_name":"Camping Ur-Onea","article_modified_time":"2024-02-26T07:42:41+00:00","og_image":[{"width":1903,"height":450,"url":"https:\/\/www.uronea.com\/wp-content\/uploads\/2020\/10\/Piments-espelette.jpg","type":"image\/jpeg"}],"twitter_card":"summary_large_image","twitter_misc":{"Gesch\u00e4tzte Lesezeit":"1\u00a0Minute"},"schema":{"@context":"https:\/\/schema.org","@graph":[{"@type":"WebPage","@id":"https:\/\/www.uronea.com\/de\/campingplatz-espelette\/","url":"https:\/\/www.uronea.com\/de\/campingplatz-espelette\/","name":"Campingplatz Espelette | Mobilheim Espelette | Urlaub Espelette, Baskenland","isPartOf":{"@id":"https:\/\/www.uronea.com\/de\/#website"},"primaryImageOfPage":{"@id":"https:\/\/www.uronea.com\/de\/campingplatz-espelette\/#primaryimage"},"image":{"@id":"https:\/\/www.uronea.com\/de\/campingplatz-espelette\/#primaryimage"},"thumbnailUrl":"https:\/\/www.uronea.com\/wp-content\/uploads\/2020\/10\/Piments-espelette.jpg","datePublished":"2022-02-02T09:12:36+00:00","dateModified":"2024-02-26T07:42:41+00:00","description":"Entdecken und besuchen Sie das charmante Dorf Espelette von unserem nur 20 km entfernten Campingplatz aus. Entdecken Sie auch unsere verschiedenen Mietobjekte.","breadcrumb":{"@id":"https:\/\/www.uronea.com\/de\/campingplatz-espelette\/#breadcrumb"},"inLanguage":"de","potentialAction":[{"@type":"ReadAction","target":["https:\/\/www.uronea.com\/de\/campingplatz-espelette\/"]}]},{"@type":"ImageObject","inLanguage":"de","@id":"https:\/\/www.uronea.com\/de\/campingplatz-espelette\/#primaryimage","url":"https:\/\/www.uronea.com\/wp-content\/uploads\/2020\/10\/Piments-espelette.jpg","contentUrl":"https:\/\/www.uronea.com\/wp-content\/uploads\/2020\/10\/Piments-espelette.jpg","width":1903,"height":450,"caption":"Piments espelette"},{"@type":"BreadcrumbList","@id":"https:\/\/www.uronea.com\/de\/campingplatz-espelette\/#breadcrumb","itemListElement":[{"@type":"ListItem","position":1,"name":"Campingplatz Bidart","item":"https:\/\/www.uronea.com\/de\/"},{"@type":"ListItem","position":2,"name":"3-Sterne-Campingplatz Espelette"}]},{"@type":"WebSite","@id":"https:\/\/www.uronea.com\/de\/#website","url":"https:\/\/www.uronea.com\/de\/","name":"Camping Ur-Onea","description":"","potentialAction":[{"@type":"SearchAction","target":{"@type":"EntryPoint","urlTemplate":"https:\/\/www.uronea.com\/de\/?s={search_term_string}"},"query-input":{"@type":"PropertyValueSpecification","valueRequired":true,"valueName":"search_term_string"}}],"inLanguage":"de"}]}},"_links":{"self":[{"href":"https:\/\/www.uronea.com\/de\/wp-json\/wp\/v2\/pages\/9288"}],"collection":[{"href":"https:\/\/www.uronea.com\/de\/wp-json\/wp\/v2\/pages"}],"about":[{"href":"https:\/\/www.uronea.com\/de\/wp-json\/wp\/v2\/types\/page"}],"author":[{"embeddable":true,"href":"https:\/\/www.uronea.com\/de\/wp-json\/wp\/v2\/users\/1"}],"replies":[{"embeddable":true,"href":"https:\/\/www.uronea.com\/de\/wp-json\/wp\/v2\/comments?post=9288"}],"version-history":[{"count":6,"href":"https:\/\/www.uronea.com\/de\/wp-json\/wp\/v2\/pages\/9288\/revisions"}],"predecessor-version":[{"id":10399,"href":"https:\/\/www.uronea.com\/de\/wp-json\/wp\/v2\/pages\/9288\/revisions\/10399"}],"wp:featuredmedia":[{"embeddable":true,"href":"https:\/\/www.uronea.com\/de\/wp-json\/wp\/v2\/media\/4726"}],"wp:attachment":[{"href":"https:\/\/www.uronea.com\/de\/wp-json\/wp\/v2\/media?parent=9288"}],"curies":[{"name":"wp","href":"https:\/\/api.w.org\/{rel}","templated":true}]}}