{"id":9264,"date":"2022-02-02T09:27:57","date_gmt":"2022-02-02T08:27:57","guid":{"rendered":"https:\/\/www.uronea.com\/camping-bayonne\/"},"modified":"2024-02-26T08:42:44","modified_gmt":"2024-02-26T07:42:44","slug":"campingplatz-bayonne","status":"publish","type":"page","link":"https:\/\/www.uronea.com\/de\/campingplatz-bayonne\/","title":{"rendered":"3-Sterne-Campingplatz Bayonne"},"content":{"rendered":"<section id=\"section-first-home\"\" class=\"section bg-color3 p-t-0 p-b-0\" \/><div class=\"container  full\"><div class=\"colonnes-wrap valign-top \"><div class=\"element colonne \"><h1 class=\"element section-title left p-t-10 p-x-10\">Campingplatz 3 Sterne Bayonne<\/h1><div class=\"element bloc-text justify p-x-10\">\n\t<p>Um das Baskenland optimal zu entdecken, entscheiden Sie sich f\u00fcr eine Mobilheimvermietung in der N\u00e4he von Bayonne! <a href=\"https:\/\/www.visitbayonne.com\/\" target=\"_blank\" rel=\"noopener noreferrer\">Bayonne<\/a> ist die Hauptstadt des Teils des Baskenlandes auf franz\u00f6sischem Territorium und bekannt f\u00fcr seine festlicher Geist und seine malerische Seele. Das ganze Jahr ist von erwarteten Ereignissen gepr\u00e4gt, die f\u00fcr die baskische Kultur sinnbildlich sind: der traditionelle Karneval zum Klang der Joaldunak-Glocken, das Schokoladenfest in den Stra\u00dfen der Stadt, die auch die franz\u00f6sische Hauptstadt des Kakaos ist, der Schinken, der von der gro\u00dfen Konkurrenz gepr\u00e4gt ist f\u00fcr den besten Bayonne-Schinken oder die unumg\u00e4nglichen Ferias, die zu den gr\u00f6\u00dften Versammlungen der Welt geh\u00f6ren. Die in Wei\u00df und Rot gekleideten Festayres sind ein Sinnbild f\u00fcr den baskischen und festlichen Geist von Bayonne. Kunst- und Geschichtsstadt, die Hauptstadt des Baskenlandes, hat auch ein bemerkenswertes Erbe zu entdecken, das Sie w\u00e4hrend Ihres Campingaufenthalts in Bidart entdecken k\u00f6nnen: ihre Vauban-Zitadelle und ihre mittelalterlichen Stadtmauern, ihre mittelalterliche Zitadelle und das Ch\u00e2teau-Vieux, ihre Kathedrale im gotischen Kreuzgang Arenen oder sogar seinen Bischofspalast. Die reiche Kulturstadt der Stadt kann durch mehrere Museen entdeckt werden: Die 3000 m2 Ausstellungsfl\u00e4che des Baskenmuseums, des Aubard-Schinkenmuseums und der Schokoladenwerkstatt geh\u00f6ren zu den Must-Sees w\u00e4hrend eines Urlaubs im Baskenland.<\/p>\n<\/div><\/div><div class=\"element colonne p-0\"><ul class=\"liste-de-page\"><li class=\"element call-to-action rectangle call-to-action--style-1 call-to-action--big\"><a href=\"https:\/\/www.uronea.com\/de\/tourismus-bidart\/\"  class=\"call-to-action_link\" title=\"Erfahren Sie mehr \u00fcber bidart\"><div class=\"call-to-action_image\"><img decoding=\"async\" src=\"https:\/\/www.uronea.com\/wp-content\/uploads\/2020\/11\/camping-bidart-100x57.jpg\" data-src=\"https:\/\/www.uronea.com\/wp-content\/uploads\/2020\/11\/camping-bidart.jpg\" alt=\"camping bidart\" class=\"big\" \/><\/div><div class=\"call-to-action_contenu\"><div class=\"call-to-action_titre\">Bidart<\/div><\/div><\/a><\/li><li class=\"element call-to-action  call-to-action--style-1 call-to-action--big\"><a href=\"https:\/\/www.uronea.com\/de\/campingplatz-saint-jean-de-luz\/\"  class=\"call-to-action_link\" title=\"Erfahren Sie mehr \u00fcber 3-sterne-campingplatz saint jean de luz\"><div class=\"call-to-action_image\"><img decoding=\"async\" src=\"https:\/\/www.uronea.com\/wp-content\/uploads\/2020\/10\/Saint-Jean-de-Luz-port-mer-100x24.jpg\" data-src=\"https:\/\/www.uronea.com\/wp-content\/uploads\/2020\/10\/Saint-Jean-de-Luz-port-mer.jpg\" alt=\"Saint Jean de Luz port mer\" class=\"big\" \/><\/div><div class=\"call-to-action_contenu\"><div class=\"call-to-action_titre\">3-Sterne-Campingplatz Saint Jean de Luz<\/div><\/div><\/a><\/li><li class=\"element call-to-action  call-to-action--style-1 call-to-action--big\"><a href=\"https:\/\/www.uronea.com\/de\/campingplatz-ahetze\/\"  class=\"call-to-action_link\" title=\"Erfahren Sie mehr \u00fcber 3-sterne-campingplatz ahetze\"><div class=\"call-to-action_image\"><img decoding=\"async\" src=\"https:\/\/www.uronea.com\/wp-content\/uploads\/2020\/10\/vue-panoramique-ahetze--100x16.jpg\" data-src=\"https:\/\/www.uronea.com\/wp-content\/uploads\/2020\/10\/vue-panoramique-ahetze-.jpg\" alt=\"vue panoramique ahetze\" class=\"big\" \/><\/div><div class=\"call-to-action_contenu\"><div class=\"call-to-action_titre\">3-Sterne-Campingplatz Ahetze<\/div><\/div><\/a><\/li><li class=\"element call-to-action  call-to-action--style-1 call-to-action--big\"><a href=\"https:\/\/www.uronea.com\/de\/campingplatz-arbonne\/\"  class=\"call-to-action_link\" title=\"Erfahren Sie mehr \u00fcber 3-sterne-campingplatz arbonne\"><div class=\"call-to-action_image\"><img decoding=\"async\" src=\"https:\/\/www.uronea.com\/wp-content\/uploads\/2020\/10\/arbonne-100x24.jpg\" data-src=\"https:\/\/www.uronea.com\/wp-content\/uploads\/2020\/10\/arbonne.jpg\" alt=\"arbonne\" class=\"big\" \/><\/div><div class=\"call-to-action_contenu\"><div class=\"call-to-action_titre\">3-Sterne-Campingplatz Arbonne<\/div><\/div><\/a><\/li><\/ul><\/div><\/div><\/div><\/section>\n\n<section id=\"section-5f7498cd36c1d\"\" class=\"section third-home bg-black section--has-bg-img\" \/><img decoding=\"async\" src=\"https:\/\/www.uronea.com\/wp-content\/uploads\/2020\/10\/mobil-home-bidart-100x28.jpg\" data-src=\"https:\/\/www.uronea.com\/wp-content\/uploads\/2020\/10\/mobil-home-bidart.jpg\" alt=\"mobil-home bidart\" class=\"section_bg-img\" data-opacite=\"0.4\"\/><div class=\"container  extralarge\"><h2 class=\"element section-title center\">Mobilheim Campingplatz Bayonne<\/h2><ul class=\"liste-de-page\"><li class=\"element call-to-action rectangle call-to-action--style-1 call-to-action--big\"><a href=\"https:\/\/www.uronea.com\/de\/wohnmobilvermietung-bidart\/\"  class=\"call-to-action_link\" title=\"Erfahren Sie mehr \u00fcber unsere mobilheime\"><div class=\"call-to-action_image\"><img decoding=\"async\" src=\"https:\/\/www.uronea.com\/wp-content\/uploads\/2026\/03\/MARINA-VU-IRIS-160224-SH.jpg\" data-src=\"https:\/\/www.uronea.com\/wp-content\/uploads\/2026\/03\/MARINA-VU-IRIS-160224-SH.jpg\" alt=\"\" class=\"big\" \/><\/div><div class=\"call-to-action_contenu\"><div class=\"call-to-action_titre\">Unsere Mobilheime<\/div><\/div><\/a><\/li><li class=\"element call-to-action  call-to-action--style-1 call-to-action--big\"><a href=\"https:\/\/www.uronea.com\/de\/vermietung-chalet-bidart\/\"  class=\"call-to-action_link\" title=\"Erfahren Sie mehr \u00fcber unsere ferienh\u00e4user\"><div class=\"call-to-action_image\"><img decoding=\"async\" src=\"https:\/\/www.uronea.com\/wp-content\/uploads\/2020\/11\/chalet-bidart-77x100.jpg\" data-src=\"https:\/\/www.uronea.com\/wp-content\/uploads\/2020\/11\/chalet-bidart.jpg\" alt=\"chalet bidart\" class=\"big\" \/><\/div><div class=\"call-to-action_contenu\"><div class=\"call-to-action_titre\">Unsere Ferienh\u00e4user<\/div><\/div><\/a><\/li><li class=\"element call-to-action  call-to-action--style-1 call-to-action--big\"><a href=\"https:\/\/www.uronea.com\/de\/stellplatze-mieten-bidart\/\"  class=\"call-to-action_link\" title=\"Erfahren Sie mehr \u00fcber unsere standorte\"><div class=\"call-to-action_image\"><img decoding=\"async\" src=\"https:\/\/www.uronea.com\/wp-content\/uploads\/2026\/03\/Empl-Confort-Camping-UR-ONEA-Bidart-Pays-Basque-scaled.jpg\" data-src=\"https:\/\/www.uronea.com\/wp-content\/uploads\/2026\/03\/Empl-Confort-Camping-UR-ONEA-Bidart-Pays-Basque-scaled.jpg\" alt=\"\" class=\"big\" \/><\/div><div class=\"call-to-action_contenu\"><div class=\"call-to-action_titre\">Unsere Standorte<\/div><\/div><\/a><\/li><li class=\"element call-to-action  call-to-action--style-1 call-to-action--big\"><a href=\"https:\/\/www.uronea.com\/de\/billig-camping-bidart\/\"  class=\"call-to-action_link\" title=\"Erfahren Sie mehr \u00fcber tarife\"><div class=\"call-to-action_image\"><img decoding=\"async\" src=\"https:\/\/www.uronea.com\/wp-content\/uploads\/2026\/03\/COTE-BASQUE-URONEA-56x100.jpg\" data-src=\"https:\/\/www.uronea.com\/wp-content\/uploads\/2026\/03\/COTE-BASQUE-URONEA-scaled.jpg\" alt=\"\" class=\"big\" \/><\/div><div class=\"call-to-action_contenu\"><div class=\"call-to-action_titre\">Tarife<\/div><\/div><\/a><\/li><\/ul><div class=\"element bloc-text center \">\n\t<p>Mit einer Fl\u00e4che von <strong class=\"bold color4\">24 bis 38 m2<\/strong> verf\u00fcgen die Mobilheime des Campingplatzes \u00fcber zwei oder drei Schlafzimmer und bieten Platz f\u00fcr <strong class=\"bold color4\">vier bis sechs Personen< \/stark>.<br \/>\nDazu geh\u00f6rt auch eine voll ausgestattete K\u00fcche mit Warm- und Kaltwasser, K\u00fchlschrank mit Gefrierfach, Dunstabzugshaube, Cerankochfeld, Mikrowelle usw.<br \/>\nDie Mobilheime haben auch ein Badezimmer und eine separate Toilette. Camper haben auch Anspruch auf eine Terrasse mit Gartenm\u00f6beln.<\/p>\n<\/div><\/div><\/section>\n\n<section id=\"section-5f7498cd36f68\"\" class=\"section fourth-home bg-white\" \/><div class=\"container  full\"><div class=\"colonnes-wrap valign-top valign-center\"><div class=\"element colonne p-10\"><h2 class=\"element section-title justify\">Campingplatz Bayonne am Meer<\/h2><div class=\"element bloc-text justify \">\n\t<p>Der Drei-Sterne-Campingplatz ist ein perfekter Urlaubsort, um die baskische K\u00fcste und ihre frische Luft zu genie\u00dfen. Camper k\u00f6nnen aus mehreren Aktivit\u00e4ten w\u00e4hlen, wie Wandern entlang des Coastal Path oder Wasseraktivit\u00e4ten wie Surfen, Stand-up-Paddleboarding, Jetski oder Kanufahren. Segeln und Meeresausfl\u00fcge sind ebenfalls beliebte Aktivit\u00e4ten f\u00fcr Urlauber, ebenso wie Hochseefischen und Tauchen.<\/p>\n<\/div><a href=\"https:\/\/www.uronea.com\/de\/camping-am-meer-bidart\/\" title=\"Bleiben Sie am Meer\" class=\"element bouton justify\" ><span>Bleiben Sie am Meer<\/span><\/a><\/div><div class=\"element colonne p-0 carre\"><div class=\"element images\"><div class=\"image\"><img decoding=\"async\" src=\"https:\/\/www.uronea.com\/wp-content\/uploads\/2020\/11\/camping-bord-de-mer-bidart-73x100.jpg\" data-src=\"https:\/\/www.uronea.com\/wp-content\/uploads\/2020\/11\/camping-bord-de-mer-bidart.jpg\" alt=\"camping bord de mer bidart\" class=\"images_image carre\" \/><\/div><\/div><\/div><div class=\"element colonne p-0\"><div class=\"element images\"><div class=\"image\"><img decoding=\"async\" src=\"https:\/\/www.uronea.com\/wp-content\/uploads\/2020\/11\/bord-de-mer-bidart-73x100.jpg\" data-src=\"https:\/\/www.uronea.com\/wp-content\/uploads\/2020\/11\/bord-de-mer-bidart.jpg\" alt=\"bord de mer bidart\" class=\"images_image\" \/><\/div><\/div><\/div><\/div><\/div><\/section>\n\n<section id=\"section-5f7498cd374c4\"\" class=\"section fifth-home bg-color3\" \/><div class=\"container  full\"><h2 class=\"element section-title center\">Der Campingplatz Ur-Onea 15 km von Bayonne entfernt<\/h2><div class=\"element bloc-text center w-80 center-bloc p-y-4\">\n\t<p>Ideal, wenn Sie nach einem Campingplatz in der N\u00e4he von Bayonne f\u00fcr Ihren n\u00e4chsten unvergesslichen Familienurlaub suchen, Ur-Onea, ein 3-Sterne-Campingplatz im Baskenland, liegt etwa 15 km von der sch\u00f6nen baskischen Stadt entfernt. Es bietet Urlaubern f\u00fcr ihren Campingurlaub in der Hoch- oder Nebensaison gro\u00dfz\u00fcgige Camping-Caravaning-Stellpl\u00e4tze mitten in der Natur, auf denen Wohnmobile, Wohnwagen oder Zelte auf schattigen Grundst\u00fccken oder ein Mobilheim (Bungalow) mit direktem Zugang zum Wasserbereich Platz finden sein beheiztes Schwimmbad, ideal f\u00fcr die ganze Familie, oder sogar Chalets in der N\u00e4he des Kinderspielplatzes und der feinen Sandstr\u00e4nde. Das Herz der Stadt, ihre Einkaufsstra\u00dfen und ihre Schokoladenfabriken sind in weniger als 25 Minuten zu erreichen. Denken Sie an eine Mobilheimvermietung in Bayonne, um den besten Komfort an der baskischen K\u00fcste zu genie\u00dfen und Bootsfahrten auf der Adour, erfrischende Spazierg\u00e4nge im botanischen Garten der Stadt und Nachmittagsbummel zwischen den Gesch\u00e4ften in den Fu\u00dfg\u00e4ngerzonen zu genie\u00dfen! Der <a href=\"\/de\/\">Campingplatz Ur-Onea im Baskenland<\/a> bietet auf seinem gr\u00fcnen Gel\u00e4nde wenige Minuten s\u00fcdlich von Bayonne eine gro\u00dfe Auswahl an komfortablen Mietunterk\u00fcnften. Camper k\u00f6nnen ihr Wohnmobil oder ihren Wohnwagen im Gr\u00fcnen auf einem Stellplatz unter freiem Himmel abstellen.<\/p>\n<h2>G\u00fcnstiger Campingplatz Bayonne<\/h2>\n<p>F\u00fcr die Unterbringung auf dem Campingplatz Ur Onea gelten mehrere Sonderangebote:<\/p>\n<ul>\n<li>F\u00fcr einen einw\u00f6chigen Solo-Aufenthalt in einem Azur-Mobilheim erhalten Urlauber einen Rabatt von <strong>50\u00a0\u20ac<\/strong>. Das Angebot gilt in folgenden Zeitr\u00e4umen:<br \/>\n2.-16. Mai<br \/>\nvom 23. Mai bis 16. Juni<br \/>\nvom 12. bis 26. September<\/li>\n<li>F\u00fcr einen Aufenthalt zu zweit in einem R\u00eave-Chalet oder in einem Mobilheim Azur, Oc\u00e9ane oder Iris gilt eine Erm\u00e4\u00dfigung von 40 \u20ac. Das Angebot gilt in der Nebensaison (4. April bis 27. Juni, 29. August bis 26. September) und im Sommer (13. bis 27. Juni, 29. August bis 12. September).<\/li>\n<li>Camper haben au\u00dferdem Anspruch auf ein Angebot f\u00fcr jeden Aufenthalt in einem Flores-Mobilheim, das vom 13. bis 27. Juni und vom 29. August bis 12. September g\u00fcltig ist.<\/li>\n<li>Hinzu kommt eine Erm\u00e4\u00dfigung von 80 \u20ac f\u00fcr jeden Aufenthalt von zwei aufeinanderfolgenden Wochen in einem Marina-Mobilheim, g\u00fcltig vom 20. Juni bis 4. Juli und vom 22. August bis 5. September.<\/li>\n<\/ul>\n<\/div><\/div><\/section>","protected":false},"excerpt":{"rendered":"","protected":false},"author":1,"featured_media":7913,"parent":0,"menu_order":0,"comment_status":"closed","ping_status":"closed","template":"templates\/template-villes.php","meta":{"_acf_changed":false,"footnotes":""},"class_list":["post-9264","page","type-page","status-publish","has-post-thumbnail","hentry"],"acf":[],"yoast_head":"<!-- This site is optimized with the Yoast SEO plugin v25.3 - https:\/\/yoast.com\/wordpress\/plugins\/seo\/ -->\n<title>Campingplatz Bayonne | Mobilheimvermietung Bayonne | Entdecken Sie Bayonne<\/title>\n<meta name=\"description\" content=\"Entdecken Sie die Mietangebote und Vorteile unseres Campingplatzes in Bayonne. Entdecken Sie auch die Sehensw\u00fcrdigkeiten von Bayonne (64).\" \/>\n<meta name=\"robots\" content=\"index, follow, max-snippet:-1, max-image-preview:large, max-video-preview:-1\" \/>\n<link rel=\"canonical\" href=\"https:\/\/www.uronea.com\/de\/campingplatz-bayonne\/\" \/>\n<meta property=\"og:locale\" content=\"de_DE\" \/>\n<meta property=\"og:type\" content=\"article\" \/>\n<meta property=\"og:title\" content=\"Campingplatz Bayonne | Mobilheimvermietung Bayonne | Entdecken Sie Bayonne\" \/>\n<meta property=\"og:description\" content=\"Entdecken Sie die Mietangebote und Vorteile unseres Campingplatzes in Bayonne. Entdecken Sie auch die Sehensw\u00fcrdigkeiten von Bayonne (64).\" \/>\n<meta property=\"og:url\" content=\"https:\/\/www.uronea.com\/de\/campingplatz-bayonne\/\" \/>\n<meta property=\"og:site_name\" content=\"Camping Ur-Onea\" \/>\n<meta property=\"article:modified_time\" content=\"2024-02-26T07:42:44+00:00\" \/>\n<meta property=\"og:image\" content=\"https:\/\/www.uronea.com\/wp-content\/uploads\/2020\/10\/bayonne.jpg\" \/>\n\t<meta property=\"og:image:width\" content=\"1903\" \/>\n\t<meta property=\"og:image:height\" content=\"450\" \/>\n\t<meta property=\"og:image:type\" content=\"image\/jpeg\" \/>\n<meta name=\"twitter:card\" content=\"summary_large_image\" \/>\n<meta name=\"twitter:label1\" content=\"Gesch\u00e4tzte Lesezeit\" \/>\n\t<meta name=\"twitter:data1\" content=\"1\u00a0Minute\" \/>\n<script type=\"application\/ld+json\" class=\"yoast-schema-graph\">{\"@context\":\"https:\/\/schema.org\",\"@graph\":[{\"@type\":\"WebPage\",\"@id\":\"https:\/\/www.uronea.com\/de\/campingplatz-bayonne\/\",\"url\":\"https:\/\/www.uronea.com\/de\/campingplatz-bayonne\/\",\"name\":\"Campingplatz Bayonne | Mobilheimvermietung Bayonne | Entdecken Sie Bayonne\",\"isPartOf\":{\"@id\":\"https:\/\/www.uronea.com\/de\/#website\"},\"primaryImageOfPage\":{\"@id\":\"https:\/\/www.uronea.com\/de\/campingplatz-bayonne\/#primaryimage\"},\"image\":{\"@id\":\"https:\/\/www.uronea.com\/de\/campingplatz-bayonne\/#primaryimage\"},\"thumbnailUrl\":\"https:\/\/www.uronea.com\/wp-content\/uploads\/2020\/10\/bayonne.jpg\",\"datePublished\":\"2022-02-02T08:27:57+00:00\",\"dateModified\":\"2024-02-26T07:42:44+00:00\",\"description\":\"Entdecken Sie die Mietangebote und Vorteile unseres Campingplatzes in Bayonne. Entdecken Sie auch die Sehensw\u00fcrdigkeiten von Bayonne (64).\",\"breadcrumb\":{\"@id\":\"https:\/\/www.uronea.com\/de\/campingplatz-bayonne\/#breadcrumb\"},\"inLanguage\":\"de\",\"potentialAction\":[{\"@type\":\"ReadAction\",\"target\":[\"https:\/\/www.uronea.com\/de\/campingplatz-bayonne\/\"]}]},{\"@type\":\"ImageObject\",\"inLanguage\":\"de\",\"@id\":\"https:\/\/www.uronea.com\/de\/campingplatz-bayonne\/#primaryimage\",\"url\":\"https:\/\/www.uronea.com\/wp-content\/uploads\/2020\/10\/bayonne.jpg\",\"contentUrl\":\"https:\/\/www.uronea.com\/wp-content\/uploads\/2020\/10\/bayonne.jpg\",\"width\":1903,\"height\":450,\"caption\":\"bayonne\"},{\"@type\":\"BreadcrumbList\",\"@id\":\"https:\/\/www.uronea.com\/de\/campingplatz-bayonne\/#breadcrumb\",\"itemListElement\":[{\"@type\":\"ListItem\",\"position\":1,\"name\":\"Campingplatz Bidart\",\"item\":\"https:\/\/www.uronea.com\/de\/\"},{\"@type\":\"ListItem\",\"position\":2,\"name\":\"3-Sterne-Campingplatz Bayonne\"}]},{\"@type\":\"WebSite\",\"@id\":\"https:\/\/www.uronea.com\/de\/#website\",\"url\":\"https:\/\/www.uronea.com\/de\/\",\"name\":\"Camping Ur-Onea\",\"description\":\"\",\"potentialAction\":[{\"@type\":\"SearchAction\",\"target\":{\"@type\":\"EntryPoint\",\"urlTemplate\":\"https:\/\/www.uronea.com\/de\/?s={search_term_string}\"},\"query-input\":{\"@type\":\"PropertyValueSpecification\",\"valueRequired\":true,\"valueName\":\"search_term_string\"}}],\"inLanguage\":\"de\"}]}<\/script>\n<!-- \/ Yoast SEO plugin. -->","yoast_head_json":{"title":"Campingplatz Bayonne | Mobilheimvermietung Bayonne | Entdecken Sie Bayonne","description":"Entdecken Sie die Mietangebote und Vorteile unseres Campingplatzes in Bayonne. Entdecken Sie auch die Sehensw\u00fcrdigkeiten von Bayonne (64).","robots":{"index":"index","follow":"follow","max-snippet":"max-snippet:-1","max-image-preview":"max-image-preview:large","max-video-preview":"max-video-preview:-1"},"canonical":"https:\/\/www.uronea.com\/de\/campingplatz-bayonne\/","og_locale":"de_DE","og_type":"article","og_title":"Campingplatz Bayonne | Mobilheimvermietung Bayonne | Entdecken Sie Bayonne","og_description":"Entdecken Sie die Mietangebote und Vorteile unseres Campingplatzes in Bayonne. Entdecken Sie auch die Sehensw\u00fcrdigkeiten von Bayonne (64).","og_url":"https:\/\/www.uronea.com\/de\/campingplatz-bayonne\/","og_site_name":"Camping Ur-Onea","article_modified_time":"2024-02-26T07:42:44+00:00","og_image":[{"width":1903,"height":450,"url":"https:\/\/www.uronea.com\/wp-content\/uploads\/2020\/10\/bayonne.jpg","type":"image\/jpeg"}],"twitter_card":"summary_large_image","twitter_misc":{"Gesch\u00e4tzte Lesezeit":"1\u00a0Minute"},"schema":{"@context":"https:\/\/schema.org","@graph":[{"@type":"WebPage","@id":"https:\/\/www.uronea.com\/de\/campingplatz-bayonne\/","url":"https:\/\/www.uronea.com\/de\/campingplatz-bayonne\/","name":"Campingplatz Bayonne | Mobilheimvermietung Bayonne | Entdecken Sie Bayonne","isPartOf":{"@id":"https:\/\/www.uronea.com\/de\/#website"},"primaryImageOfPage":{"@id":"https:\/\/www.uronea.com\/de\/campingplatz-bayonne\/#primaryimage"},"image":{"@id":"https:\/\/www.uronea.com\/de\/campingplatz-bayonne\/#primaryimage"},"thumbnailUrl":"https:\/\/www.uronea.com\/wp-content\/uploads\/2020\/10\/bayonne.jpg","datePublished":"2022-02-02T08:27:57+00:00","dateModified":"2024-02-26T07:42:44+00:00","description":"Entdecken Sie die Mietangebote und Vorteile unseres Campingplatzes in Bayonne. Entdecken Sie auch die Sehensw\u00fcrdigkeiten von Bayonne (64).","breadcrumb":{"@id":"https:\/\/www.uronea.com\/de\/campingplatz-bayonne\/#breadcrumb"},"inLanguage":"de","potentialAction":[{"@type":"ReadAction","target":["https:\/\/www.uronea.com\/de\/campingplatz-bayonne\/"]}]},{"@type":"ImageObject","inLanguage":"de","@id":"https:\/\/www.uronea.com\/de\/campingplatz-bayonne\/#primaryimage","url":"https:\/\/www.uronea.com\/wp-content\/uploads\/2020\/10\/bayonne.jpg","contentUrl":"https:\/\/www.uronea.com\/wp-content\/uploads\/2020\/10\/bayonne.jpg","width":1903,"height":450,"caption":"bayonne"},{"@type":"BreadcrumbList","@id":"https:\/\/www.uronea.com\/de\/campingplatz-bayonne\/#breadcrumb","itemListElement":[{"@type":"ListItem","position":1,"name":"Campingplatz Bidart","item":"https:\/\/www.uronea.com\/de\/"},{"@type":"ListItem","position":2,"name":"3-Sterne-Campingplatz Bayonne"}]},{"@type":"WebSite","@id":"https:\/\/www.uronea.com\/de\/#website","url":"https:\/\/www.uronea.com\/de\/","name":"Camping Ur-Onea","description":"","potentialAction":[{"@type":"SearchAction","target":{"@type":"EntryPoint","urlTemplate":"https:\/\/www.uronea.com\/de\/?s={search_term_string}"},"query-input":{"@type":"PropertyValueSpecification","valueRequired":true,"valueName":"search_term_string"}}],"inLanguage":"de"}]}},"_links":{"self":[{"href":"https:\/\/www.uronea.com\/de\/wp-json\/wp\/v2\/pages\/9264"}],"collection":[{"href":"https:\/\/www.uronea.com\/de\/wp-json\/wp\/v2\/pages"}],"about":[{"href":"https:\/\/www.uronea.com\/de\/wp-json\/wp\/v2\/types\/page"}],"author":[{"embeddable":true,"href":"https:\/\/www.uronea.com\/de\/wp-json\/wp\/v2\/users\/1"}],"replies":[{"embeddable":true,"href":"https:\/\/www.uronea.com\/de\/wp-json\/wp\/v2\/comments?post=9264"}],"version-history":[{"count":5,"href":"https:\/\/www.uronea.com\/de\/wp-json\/wp\/v2\/pages\/9264\/revisions"}],"predecessor-version":[{"id":10400,"href":"https:\/\/www.uronea.com\/de\/wp-json\/wp\/v2\/pages\/9264\/revisions\/10400"}],"wp:featuredmedia":[{"embeddable":true,"href":"https:\/\/www.uronea.com\/de\/wp-json\/wp\/v2\/media\/7913"}],"wp:attachment":[{"href":"https:\/\/www.uronea.com\/de\/wp-json\/wp\/v2\/media?parent=9264"}],"curies":[{"name":"wp","href":"https:\/\/api.w.org\/{rel}","templated":true}]}}