{"id":9235,"date":"2022-02-01T18:55:58","date_gmt":"2022-02-01T17:55:58","guid":{"rendered":"https:\/\/www.uronea.com\/camping-bassussarry\/"},"modified":"2024-02-26T08:42:10","modified_gmt":"2024-02-26T07:42:10","slug":"campingplatz-bassussarry","status":"publish","type":"page","link":"https:\/\/www.uronea.com\/de\/campingplatz-bassussarry\/","title":{"rendered":"3-Sterne-Campingplatz Bassussarry"},"content":{"rendered":"<section id=\"section-first-home\"\" class=\"section bg-color3 p-t-0 p-b-0\" \/><div class=\"container  full\"><div class=\"colonnes-wrap valign-top \"><div class=\"element colonne \"><h1 class=\"element section-title left p-t-10 p-x-10\">Bassussarry 3-Sterne-Campingplatz<\/h1><div class=\"element bloc-text justify p-x-10\">\n\t<p>Der Campingplatz Ur-Onea in Bidart bietet Mobilheimvermietung in der N\u00e4he von Bassussarry, einer traditionellen baskischen Stadt in der N\u00e4he von Arcangues. Das von der Nive bew\u00e4sserte Dorf Labourd, <a href=\"https:\/\/www.bassussarry.fr\/\" target=\"_blank\" rel=\"noopener noreferrer\">Bassussarry<\/a> lebt das ganze Jahr \u00fcber im Rhythmus der Festlichkeiten traditionelle und erwartete kulturelle Veranstaltungen, von den 4 Tagen der Schutzheiligenfeste um Saint-Barth\u00e9lemy bis zur Udako Pesta \u00fcber die Bassu&#8217;arts. Bassussarry, die gr\u00fcne Lunge des Stadtgebiets von Bayonne, ist auch ber\u00fchmt f\u00fcr die Sch\u00f6nheit seines 18-Loch-Golfplatzes: Der Makila-Golfplatz genie\u00dft die au\u00dfergew\u00f6hnliche Lage eines nat\u00fcrlich h\u00fcgeligen Gel\u00e4ndes, das von jahrhundertealten Eichen beschattet wird. Er wird wegen seiner breiten Fairways, der Harmonie seiner Landschaften und seiner atemberaubenden Aussicht auf die baskischen Berge gesch\u00e4tzt. Im Restaurant des Makila k\u00f6nnen Sie die Umgebung auf einer sonnigen Terrasse voll auskosten. Wenn Sie auf dem 3-Sterne-Campingplatz Baskenland<\/a> \u00fcbernachten, k\u00f6nnen Sie auch Freizeiteinrichtungen nutzen, die allen offen stehen, wie Tennispl\u00e4tze, P\u00e9tanque-Pl\u00e4tze und die unverzichtbaren Trinquets und Pelota-Pl\u00e4tze. Ein ideales Ziel, um diese Disziplinen kennenzulernen, die der baskischen Kultur so am Herzen liegen!<\/p>\n<\/div><\/div><div class=\"element colonne p-0\"><ul class=\"liste-de-page\"><li class=\"element call-to-action rectangle call-to-action--style-1 call-to-action--big\"><a href=\"https:\/\/www.uronea.com\/de\/tourismus-bidart\/\"  class=\"call-to-action_link\" title=\"Erfahren Sie mehr \u00fcber bidart\"><div class=\"call-to-action_image\"><img decoding=\"async\" src=\"https:\/\/www.uronea.com\/wp-content\/uploads\/2020\/11\/camping-bidart-100x57.jpg\" data-src=\"https:\/\/www.uronea.com\/wp-content\/uploads\/2020\/11\/camping-bidart.jpg\" alt=\"camping bidart\" class=\"big\" \/><\/div><div class=\"call-to-action_contenu\"><div class=\"call-to-action_titre\">Bidart<\/div><\/div><\/a><\/li><li class=\"element call-to-action  call-to-action--style-1 call-to-action--big\"><a href=\"https:\/\/www.uronea.com\/de\/campingplatz-biarritz\/\"  class=\"call-to-action_link\" title=\"Erfahren Sie mehr \u00fcber 3-sterne-campingplatz biarritz\"><div class=\"call-to-action_image\"><img decoding=\"async\" src=\"https:\/\/www.uronea.com\/wp-content\/uploads\/2020\/10\/camping-biarritz-1-100x24.jpg\" data-src=\"https:\/\/www.uronea.com\/wp-content\/uploads\/2020\/10\/camping-biarritz-1.jpg\" alt=\"camping-biarritz\" class=\"big\" \/><\/div><div class=\"call-to-action_contenu\"><div class=\"call-to-action_titre\">3-Sterne-Campingplatz Biarritz<\/div><\/div><\/a><\/li><li class=\"element call-to-action  call-to-action--style-1 call-to-action--big\"><a href=\"https:\/\/www.uronea.com\/de\/campingplatz-saint-jean-de-luz\/\"  class=\"call-to-action_link\" title=\"Erfahren Sie mehr \u00fcber 3-sterne-campingplatz saint jean de luz\"><div class=\"call-to-action_image\"><img decoding=\"async\" src=\"https:\/\/www.uronea.com\/wp-content\/uploads\/2020\/10\/Saint-Jean-de-Luz-port-mer-100x24.jpg\" data-src=\"https:\/\/www.uronea.com\/wp-content\/uploads\/2020\/10\/Saint-Jean-de-Luz-port-mer.jpg\" alt=\"Saint Jean de Luz port mer\" class=\"big\" \/><\/div><div class=\"call-to-action_contenu\"><div class=\"call-to-action_titre\">3-Sterne-Campingplatz Saint Jean de Luz<\/div><\/div><\/a><\/li><li class=\"element call-to-action  call-to-action--style-1 call-to-action--big\"><a href=\"https:\/\/www.uronea.com\/de\/campingplatz-ahetze\/\"  class=\"call-to-action_link\" title=\"Erfahren Sie mehr \u00fcber 3-sterne-campingplatz ahetze\"><div class=\"call-to-action_image\"><img decoding=\"async\" src=\"https:\/\/www.uronea.com\/wp-content\/uploads\/2020\/10\/vue-panoramique-ahetze--100x16.jpg\" data-src=\"https:\/\/www.uronea.com\/wp-content\/uploads\/2020\/10\/vue-panoramique-ahetze-.jpg\" alt=\"vue panoramique ahetze\" class=\"big\" \/><\/div><div class=\"call-to-action_contenu\"><div class=\"call-to-action_titre\">3-Sterne-Campingplatz Ahetze<\/div><\/div><\/a><\/li><\/ul><\/div><\/div><\/div><\/section>\n\n<section id=\"section-5f7498cd36c1d\"\" class=\"section third-home bg-black section--has-bg-img\" \/><img decoding=\"async\" src=\"https:\/\/www.uronea.com\/wp-content\/uploads\/2020\/10\/mobil-home-bidart-100x28.jpg\" data-src=\"https:\/\/www.uronea.com\/wp-content\/uploads\/2020\/10\/mobil-home-bidart.jpg\" alt=\"mobil-home bidart\" class=\"section_bg-img\" data-opacite=\"0.4\"\/><div class=\"container  extralarge\"><h2 class=\"element section-title center\">Der Campingplatz Ur-Onea 9 km von Bassussarry entfernt<\/h2><ul class=\"liste-de-page\"><li class=\"element call-to-action rectangle call-to-action--style-1 call-to-action--big\"><a href=\"https:\/\/www.uronea.com\/de\/wohnmobilvermietung-bidart\/\"  class=\"call-to-action_link\" title=\"Erfahren Sie mehr \u00fcber unsere mobilheime\"><div class=\"call-to-action_image\"><img decoding=\"async\" src=\"https:\/\/www.uronea.com\/wp-content\/uploads\/2026\/03\/MARINA-VU-IRIS-160224-SH.jpg\" data-src=\"https:\/\/www.uronea.com\/wp-content\/uploads\/2026\/03\/MARINA-VU-IRIS-160224-SH.jpg\" alt=\"\" class=\"big\" \/><\/div><div class=\"call-to-action_contenu\"><div class=\"call-to-action_titre\">Unsere Mobilheime<\/div><\/div><\/a><\/li><li class=\"element call-to-action  call-to-action--style-1 call-to-action--big\"><a href=\"https:\/\/www.uronea.com\/de\/vermietung-chalet-bidart\/\"  class=\"call-to-action_link\" title=\"Erfahren Sie mehr \u00fcber unsere ferienh\u00e4user\"><div class=\"call-to-action_image\"><img decoding=\"async\" src=\"https:\/\/www.uronea.com\/wp-content\/uploads\/2020\/11\/chalet-bidart-77x100.jpg\" data-src=\"https:\/\/www.uronea.com\/wp-content\/uploads\/2020\/11\/chalet-bidart.jpg\" alt=\"chalet bidart\" class=\"big\" \/><\/div><div class=\"call-to-action_contenu\"><div class=\"call-to-action_titre\">Unsere Ferienh\u00e4user<\/div><\/div><\/a><\/li><li class=\"element call-to-action  call-to-action--style-1 call-to-action--big\"><a href=\"https:\/\/www.uronea.com\/de\/stellplatze-mieten-bidart\/\"  class=\"call-to-action_link\" title=\"Erfahren Sie mehr \u00fcber unsere standorte\"><div class=\"call-to-action_image\"><img decoding=\"async\" src=\"https:\/\/www.uronea.com\/wp-content\/uploads\/2026\/03\/Empl-Confort-Camping-UR-ONEA-Bidart-Pays-Basque-scaled.jpg\" data-src=\"https:\/\/www.uronea.com\/wp-content\/uploads\/2026\/03\/Empl-Confort-Camping-UR-ONEA-Bidart-Pays-Basque-scaled.jpg\" alt=\"\" class=\"big\" \/><\/div><div class=\"call-to-action_contenu\"><div class=\"call-to-action_titre\">Unsere Standorte<\/div><\/div><\/a><\/li><li class=\"element call-to-action  call-to-action--style-1 call-to-action--big\"><a href=\"https:\/\/www.uronea.com\/de\/billig-camping-bidart\/\"  class=\"call-to-action_link\" title=\"Erfahren Sie mehr \u00fcber tarife\"><div class=\"call-to-action_image\"><img decoding=\"async\" src=\"https:\/\/www.uronea.com\/wp-content\/uploads\/2026\/03\/COTE-BASQUE-URONEA-56x100.jpg\" data-src=\"https:\/\/www.uronea.com\/wp-content\/uploads\/2026\/03\/COTE-BASQUE-URONEA-scaled.jpg\" alt=\"\" class=\"big\" \/><\/div><div class=\"call-to-action_contenu\"><div class=\"call-to-action_titre\">Tarife<\/div><\/div><\/a><\/li><\/ul><div class=\"element bloc-text center \">\n\t<p>W\u00e4hlen Sie f\u00fcr Ihren n\u00e4chsten unvergesslichen Familienurlaub im Freien einen Campingurlaub im \u00fcppigen Gr\u00fcn in New Aquitaine in den Pyr\u00e9n\u00e9es Atlantiques. Urlauber, die ihren Campingaufenthalt nutzen, m\u00fcssen sich f\u00fcr ihre Ferienwohnung entscheiden. Schattige und gr\u00fcne Stellpl\u00e4tze f\u00fcr Wohnmobile, Wohnwagen und Zelte unweit des beheizten Swimmingpools oder ein ger\u00e4umiges Mobilheim in einer bewaldeten Umgebung in der N\u00e4he der feinen Sandstr\u00e4nde. Das Ur-Onea l\u00e4dt Sie ein, einen erholsamen Aufenthalt im Baskenland auf dem <strong class=\"bold color4\">Campingplatz in der N\u00e4he von Bassussarry<\/strong> zu verbringen: 9 km von dem kleinen baskischen Dorf entfernt, ist unser Haus ein ideales Ziel f\u00fcr Naturliebhaber. Golfbegeisterte werden es zu sch\u00e4tzen wissen, nur 15 Minuten mit dem Auto vom gro\u00dfartigen Golfplatz des Makila Golf Club entfernt zu sein. Verbringen Sie mit einem <strong class=\"bold color4\">Wohnmobil in der N\u00e4he von Bassussarry<\/strong> einen erholsamen Aufenthalt an der baskischen K\u00fcste zwischen idyllischen Landschaften, lebhaften Badeorten, malerischen D\u00f6rfern und Berglandschaften. Genie\u00dfen Sie nur wenige Minuten von Bassussarry entfernt die Atmosph\u00e4re lokaler Feste und die Ruhe der Landschaft von Labourdine!<\/p>\n<\/div><\/div><\/section>","protected":false},"excerpt":{"rendered":"","protected":false},"author":1,"featured_media":4875,"parent":0,"menu_order":0,"comment_status":"closed","ping_status":"closed","template":"templates\/template-villes.php","meta":{"_acf_changed":false,"footnotes":""},"class_list":["post-9235","page","type-page","status-publish","has-post-thumbnail","hentry"],"acf":[],"yoast_head":"<!-- This site is optimized with the Yoast SEO plugin v25.3 - https:\/\/yoast.com\/wordpress\/plugins\/seo\/ -->\n<title>Campingplatz Bassussarry | Mobilheim in Bassussarry, Baskenland (64)<\/title>\n<meta name=\"description\" content=\"Besuchen Sie Bassussary von unserem nahe gelegenen Campingplatz aus. Entdecken Sie die verschiedenen Touristenattraktionen in der N\u00e4he von Bassussary im Baskenland.\" \/>\n<meta name=\"robots\" content=\"index, follow, max-snippet:-1, max-image-preview:large, max-video-preview:-1\" \/>\n<link rel=\"canonical\" href=\"https:\/\/www.uronea.com\/de\/campingplatz-bassussarry\/\" \/>\n<meta property=\"og:locale\" content=\"de_DE\" \/>\n<meta property=\"og:type\" content=\"article\" \/>\n<meta property=\"og:title\" content=\"Campingplatz Bassussarry | Mobilheim in Bassussarry, Baskenland (64)\" \/>\n<meta property=\"og:description\" content=\"Besuchen Sie Bassussary von unserem nahe gelegenen Campingplatz aus. Entdecken Sie die verschiedenen Touristenattraktionen in der N\u00e4he von Bassussary im Baskenland.\" \/>\n<meta property=\"og:url\" content=\"https:\/\/www.uronea.com\/de\/campingplatz-bassussarry\/\" \/>\n<meta property=\"og:site_name\" content=\"Camping Ur-Onea\" \/>\n<meta property=\"article:modified_time\" content=\"2024-02-26T07:42:10+00:00\" \/>\n<meta property=\"og:image\" content=\"https:\/\/www.uronea.com\/wp-content\/uploads\/2020\/10\/Golf-terrain-batiment-2.jpg\" \/>\n\t<meta property=\"og:image:width\" content=\"1904\" \/>\n\t<meta property=\"og:image:height\" content=\"450\" \/>\n\t<meta property=\"og:image:type\" content=\"image\/jpeg\" \/>\n<meta name=\"twitter:card\" content=\"summary_large_image\" \/>\n<meta name=\"twitter:label1\" content=\"Gesch\u00e4tzte Lesezeit\" \/>\n\t<meta name=\"twitter:data1\" content=\"1\u00a0Minute\" \/>\n<script type=\"application\/ld+json\" class=\"yoast-schema-graph\">{\"@context\":\"https:\/\/schema.org\",\"@graph\":[{\"@type\":\"WebPage\",\"@id\":\"https:\/\/www.uronea.com\/de\/campingplatz-bassussarry\/\",\"url\":\"https:\/\/www.uronea.com\/de\/campingplatz-bassussarry\/\",\"name\":\"Campingplatz Bassussarry | Mobilheim in Bassussarry, Baskenland (64)\",\"isPartOf\":{\"@id\":\"https:\/\/www.uronea.com\/de\/#website\"},\"primaryImageOfPage\":{\"@id\":\"https:\/\/www.uronea.com\/de\/campingplatz-bassussarry\/#primaryimage\"},\"image\":{\"@id\":\"https:\/\/www.uronea.com\/de\/campingplatz-bassussarry\/#primaryimage\"},\"thumbnailUrl\":\"https:\/\/www.uronea.com\/wp-content\/uploads\/2020\/10\/Golf-terrain-batiment-2.jpg\",\"datePublished\":\"2022-02-01T17:55:58+00:00\",\"dateModified\":\"2024-02-26T07:42:10+00:00\",\"description\":\"Besuchen Sie Bassussary von unserem nahe gelegenen Campingplatz aus. Entdecken Sie die verschiedenen Touristenattraktionen in der N\u00e4he von Bassussary im Baskenland.\",\"breadcrumb\":{\"@id\":\"https:\/\/www.uronea.com\/de\/campingplatz-bassussarry\/#breadcrumb\"},\"inLanguage\":\"de\",\"potentialAction\":[{\"@type\":\"ReadAction\",\"target\":[\"https:\/\/www.uronea.com\/de\/campingplatz-bassussarry\/\"]}]},{\"@type\":\"ImageObject\",\"inLanguage\":\"de\",\"@id\":\"https:\/\/www.uronea.com\/de\/campingplatz-bassussarry\/#primaryimage\",\"url\":\"https:\/\/www.uronea.com\/wp-content\/uploads\/2020\/10\/Golf-terrain-batiment-2.jpg\",\"contentUrl\":\"https:\/\/www.uronea.com\/wp-content\/uploads\/2020\/10\/Golf-terrain-batiment-2.jpg\",\"width\":1904,\"height\":450,\"caption\":\"Golf terrain batiment\"},{\"@type\":\"BreadcrumbList\",\"@id\":\"https:\/\/www.uronea.com\/de\/campingplatz-bassussarry\/#breadcrumb\",\"itemListElement\":[{\"@type\":\"ListItem\",\"position\":1,\"name\":\"Campingplatz Bidart\",\"item\":\"https:\/\/www.uronea.com\/de\/\"},{\"@type\":\"ListItem\",\"position\":2,\"name\":\"3-Sterne-Campingplatz Bassussarry\"}]},{\"@type\":\"WebSite\",\"@id\":\"https:\/\/www.uronea.com\/de\/#website\",\"url\":\"https:\/\/www.uronea.com\/de\/\",\"name\":\"Camping Ur-Onea\",\"description\":\"\",\"potentialAction\":[{\"@type\":\"SearchAction\",\"target\":{\"@type\":\"EntryPoint\",\"urlTemplate\":\"https:\/\/www.uronea.com\/de\/?s={search_term_string}\"},\"query-input\":{\"@type\":\"PropertyValueSpecification\",\"valueRequired\":true,\"valueName\":\"search_term_string\"}}],\"inLanguage\":\"de\"}]}<\/script>\n<!-- \/ Yoast SEO plugin. -->","yoast_head_json":{"title":"Campingplatz Bassussarry | Mobilheim in Bassussarry, Baskenland (64)","description":"Besuchen Sie Bassussary von unserem nahe gelegenen Campingplatz aus. Entdecken Sie die verschiedenen Touristenattraktionen in der N\u00e4he von Bassussary im Baskenland.","robots":{"index":"index","follow":"follow","max-snippet":"max-snippet:-1","max-image-preview":"max-image-preview:large","max-video-preview":"max-video-preview:-1"},"canonical":"https:\/\/www.uronea.com\/de\/campingplatz-bassussarry\/","og_locale":"de_DE","og_type":"article","og_title":"Campingplatz Bassussarry | Mobilheim in Bassussarry, Baskenland (64)","og_description":"Besuchen Sie Bassussary von unserem nahe gelegenen Campingplatz aus. Entdecken Sie die verschiedenen Touristenattraktionen in der N\u00e4he von Bassussary im Baskenland.","og_url":"https:\/\/www.uronea.com\/de\/campingplatz-bassussarry\/","og_site_name":"Camping Ur-Onea","article_modified_time":"2024-02-26T07:42:10+00:00","og_image":[{"width":1904,"height":450,"url":"https:\/\/www.uronea.com\/wp-content\/uploads\/2020\/10\/Golf-terrain-batiment-2.jpg","type":"image\/jpeg"}],"twitter_card":"summary_large_image","twitter_misc":{"Gesch\u00e4tzte Lesezeit":"1\u00a0Minute"},"schema":{"@context":"https:\/\/schema.org","@graph":[{"@type":"WebPage","@id":"https:\/\/www.uronea.com\/de\/campingplatz-bassussarry\/","url":"https:\/\/www.uronea.com\/de\/campingplatz-bassussarry\/","name":"Campingplatz Bassussarry | Mobilheim in Bassussarry, Baskenland (64)","isPartOf":{"@id":"https:\/\/www.uronea.com\/de\/#website"},"primaryImageOfPage":{"@id":"https:\/\/www.uronea.com\/de\/campingplatz-bassussarry\/#primaryimage"},"image":{"@id":"https:\/\/www.uronea.com\/de\/campingplatz-bassussarry\/#primaryimage"},"thumbnailUrl":"https:\/\/www.uronea.com\/wp-content\/uploads\/2020\/10\/Golf-terrain-batiment-2.jpg","datePublished":"2022-02-01T17:55:58+00:00","dateModified":"2024-02-26T07:42:10+00:00","description":"Besuchen Sie Bassussary von unserem nahe gelegenen Campingplatz aus. Entdecken Sie die verschiedenen Touristenattraktionen in der N\u00e4he von Bassussary im Baskenland.","breadcrumb":{"@id":"https:\/\/www.uronea.com\/de\/campingplatz-bassussarry\/#breadcrumb"},"inLanguage":"de","potentialAction":[{"@type":"ReadAction","target":["https:\/\/www.uronea.com\/de\/campingplatz-bassussarry\/"]}]},{"@type":"ImageObject","inLanguage":"de","@id":"https:\/\/www.uronea.com\/de\/campingplatz-bassussarry\/#primaryimage","url":"https:\/\/www.uronea.com\/wp-content\/uploads\/2020\/10\/Golf-terrain-batiment-2.jpg","contentUrl":"https:\/\/www.uronea.com\/wp-content\/uploads\/2020\/10\/Golf-terrain-batiment-2.jpg","width":1904,"height":450,"caption":"Golf terrain batiment"},{"@type":"BreadcrumbList","@id":"https:\/\/www.uronea.com\/de\/campingplatz-bassussarry\/#breadcrumb","itemListElement":[{"@type":"ListItem","position":1,"name":"Campingplatz Bidart","item":"https:\/\/www.uronea.com\/de\/"},{"@type":"ListItem","position":2,"name":"3-Sterne-Campingplatz Bassussarry"}]},{"@type":"WebSite","@id":"https:\/\/www.uronea.com\/de\/#website","url":"https:\/\/www.uronea.com\/de\/","name":"Camping Ur-Onea","description":"","potentialAction":[{"@type":"SearchAction","target":{"@type":"EntryPoint","urlTemplate":"https:\/\/www.uronea.com\/de\/?s={search_term_string}"},"query-input":{"@type":"PropertyValueSpecification","valueRequired":true,"valueName":"search_term_string"}}],"inLanguage":"de"}]}},"_links":{"self":[{"href":"https:\/\/www.uronea.com\/de\/wp-json\/wp\/v2\/pages\/9235"}],"collection":[{"href":"https:\/\/www.uronea.com\/de\/wp-json\/wp\/v2\/pages"}],"about":[{"href":"https:\/\/www.uronea.com\/de\/wp-json\/wp\/v2\/types\/page"}],"author":[{"embeddable":true,"href":"https:\/\/www.uronea.com\/de\/wp-json\/wp\/v2\/users\/1"}],"replies":[{"embeddable":true,"href":"https:\/\/www.uronea.com\/de\/wp-json\/wp\/v2\/comments?post=9235"}],"version-history":[{"count":5,"href":"https:\/\/www.uronea.com\/de\/wp-json\/wp\/v2\/pages\/9235\/revisions"}],"predecessor-version":[{"id":10398,"href":"https:\/\/www.uronea.com\/de\/wp-json\/wp\/v2\/pages\/9235\/revisions\/10398"}],"wp:featuredmedia":[{"embeddable":true,"href":"https:\/\/www.uronea.com\/de\/wp-json\/wp\/v2\/media\/4875"}],"wp:attachment":[{"href":"https:\/\/www.uronea.com\/de\/wp-json\/wp\/v2\/media?parent=9235"}],"curies":[{"name":"wp","href":"https:\/\/api.w.org\/{rel}","templated":true}]}}