{"id":9173,"date":"2022-02-01T09:49:39","date_gmt":"2022-02-01T08:49:39","guid":{"rendered":"https:\/\/www.uronea.com\/camping-arbonne\/"},"modified":"2024-02-26T08:41:29","modified_gmt":"2024-02-26T07:41:29","slug":"campingplatz-arbonne","status":"publish","type":"page","link":"https:\/\/www.uronea.com\/de\/campingplatz-arbonne\/","title":{"rendered":"3-Sterne-Campingplatz Arbonne"},"content":{"rendered":"<section id=\"section-first-home\"\" class=\"section bg-color3 p-t-0 p-b-0\" \/><div class=\"container  full\"><div class=\"colonnes-wrap valign-top \"><div class=\"element colonne \"><h1 class=\"element section-title justify p-t-10 p-x-10\">Tourismus in Arbonne<\/h1><div class=\"element bloc-text justify p-x-10\">\n\t<p>Wenn Sie in einem der Wohnwagen, Mobilheime oder Wohnmobile auf einem Stellplatz auf unserem <a href=\"\/de\/\">Campingplatz in Bidart<\/a> \u00fcbernachten, k\u00f6nnen Sie eines der typischsten baskischen D\u00f6rfer von Labourd entdecken: an der Grenze zu Bidart und Biarritz, <a href=\"http:\/\/www.arbonne.fr\/\" target=\"_blank\" rel=\"noopener noreferrer\">Arbonne<\/a> ist eine traditionelle Stadt, die sich rund um ihre Kirche, ihr Rathaus und ihr Pelota entwickelt hat Gericht. Es hat die Originalit\u00e4t, dass seine Benoiterie noch intakt ist, das ehemalige weltliche Wachhaus der Kirche und der Friedhof. Heute beherbergt es Ausstellungen zur Geschichte des Dorfes und zur baskischen Kultur. Die Kirche Saint-Laurent d&#8217;Arbonne ist ebenfalls ein typisches Labourdin-denkmalgesch\u00fctztes Denkmal, bemerkenswert f\u00fcr ihren Giebelturm mit Arkaden, ihre Holzgalerien und ihre bemalte Decke. Wenn Sie f\u00fcr Ihren n\u00e4chsten Urlaub im Baskenland ein Mobilheim in der N\u00e4he von Arbonne mieten, k\u00f6nnen Sie auch interessante Exemplare der baskischen Grabkunst bewundern: Der Friedhof von Arbonne besitzt eine der reichsten Sammlungen scheibenf\u00f6rmiger Stelen aus dem Baskenland.<\/p>\n<\/div><\/div><div class=\"element colonne p-0\"><ul class=\"liste-de-page\"><li class=\"element call-to-action rectangle call-to-action--style-1 call-to-action--big\"><a href=\"https:\/\/www.uronea.com\/de\/campingplatz-anglet\/\"  class=\"call-to-action_link\" title=\"Erfahren Sie mehr \u00fcber 3-sterne-campingplatz anglet\"><div class=\"call-to-action_image\"><img decoding=\"async\" src=\"https:\/\/www.uronea.com\/wp-content\/uploads\/2020\/10\/location-anglet-100x24.jpg\" data-src=\"https:\/\/www.uronea.com\/wp-content\/uploads\/2020\/10\/location-anglet.jpg\" alt=\"location anglet\" class=\"big\" \/><\/div><div class=\"call-to-action_contenu\"><div class=\"call-to-action_titre\">3-Sterne-Campingplatz Anglet<\/div><\/div><\/a><\/li><li class=\"element call-to-action  call-to-action--style-1 call-to-action--big\"><a href=\"https:\/\/www.uronea.com\/de\/campingplatz-bayonne\/\"  class=\"call-to-action_link\" title=\"Erfahren Sie mehr \u00fcber 3-sterne-campingplatz bayonne\"><div class=\"call-to-action_image\"><img decoding=\"async\" src=\"https:\/\/www.uronea.com\/wp-content\/uploads\/2020\/10\/bayonne-100x24.jpg\" data-src=\"https:\/\/www.uronea.com\/wp-content\/uploads\/2020\/10\/bayonne.jpg\" alt=\"bayonne\" class=\"big\" \/><\/div><div class=\"call-to-action_contenu\"><div class=\"call-to-action_titre\">3-Sterne-Campingplatz Bayonne<\/div><\/div><\/a><\/li><li class=\"element call-to-action  call-to-action--style-1 call-to-action--big\"><a href=\"https:\/\/www.uronea.com\/de\/campingplatz-espelette\/\"  class=\"call-to-action_link\" title=\"Erfahren Sie mehr \u00fcber espelette\"><div class=\"call-to-action_image\"><img decoding=\"async\" src=\"https:\/\/www.uronea.com\/wp-content\/uploads\/2020\/10\/camping-espelette-1-100x57.jpg\" data-src=\"https:\/\/www.uronea.com\/wp-content\/uploads\/2020\/10\/camping-espelette-1.jpg\" alt=\"camping espelette\" class=\"big\" \/><\/div><div class=\"call-to-action_contenu\"><div class=\"call-to-action_titre\">Espelette<\/div><\/div><\/a><\/li><li class=\"element call-to-action  call-to-action--style-1 call-to-action--big\"><a href=\"https:\/\/www.uronea.com\/de\/campingplatz-guethary\/\"  class=\"call-to-action_link\" title=\"Erfahren Sie mehr \u00fcber 3-sterne-campingplatz guethary\"><div class=\"call-to-action_image\"><img decoding=\"async\" src=\"https:\/\/www.uronea.com\/wp-content\/uploads\/2020\/10\/tourisme-guethary-100x24.jpg\" data-src=\"https:\/\/www.uronea.com\/wp-content\/uploads\/2020\/10\/tourisme-guethary.jpg\" alt=\"tourisme guethary\" class=\"big\" \/><\/div><div class=\"call-to-action_contenu\"><div class=\"call-to-action_titre\">3-Sterne-Campingplatz Guethary<\/div><\/div><\/a><\/li><\/ul><\/div><\/div><\/div><\/section>\n\n<section id=\"section-5f7498cd36c1d\"\" class=\"section third-home bg-black section--has-bg-img\" \/><img decoding=\"async\" src=\"https:\/\/www.uronea.com\/wp-content\/uploads\/2020\/10\/mobil-home-bidart-100x28.jpg\" data-src=\"https:\/\/www.uronea.com\/wp-content\/uploads\/2020\/10\/mobil-home-bidart.jpg\" alt=\"mobil-home bidart\" class=\"section_bg-img\" data-opacite=\"0.4\"\/><div class=\"container  extralarge\"><h2 class=\"element section-title center\">Campingplatz Ur-Onea 4 km von Arbonne entfernt<\/h2><ul class=\"liste-de-page\"><li class=\"element call-to-action rectangle call-to-action--style-1 call-to-action--big\"><a href=\"https:\/\/www.uronea.com\/de\/wohnmobilvermietung-bidart\/\"  class=\"call-to-action_link\" title=\"Erfahren Sie mehr \u00fcber unsere mobilheime\"><div class=\"call-to-action_image\"><img decoding=\"async\" src=\"https:\/\/www.uronea.com\/wp-content\/uploads\/2026\/03\/MARINA-VU-IRIS-160224-SH.jpg\" data-src=\"https:\/\/www.uronea.com\/wp-content\/uploads\/2026\/03\/MARINA-VU-IRIS-160224-SH.jpg\" alt=\"\" class=\"big\" \/><\/div><div class=\"call-to-action_contenu\"><div class=\"call-to-action_titre\">Unsere Mobilheime<\/div><\/div><\/a><\/li><li class=\"element call-to-action  call-to-action--style-1 call-to-action--big\"><a href=\"https:\/\/www.uronea.com\/de\/vermietung-chalet-bidart\/\"  class=\"call-to-action_link\" title=\"Erfahren Sie mehr \u00fcber unsere ferienh\u00e4user\"><div class=\"call-to-action_image\"><img decoding=\"async\" src=\"https:\/\/www.uronea.com\/wp-content\/uploads\/2020\/11\/chalet-bidart-77x100.jpg\" data-src=\"https:\/\/www.uronea.com\/wp-content\/uploads\/2020\/11\/chalet-bidart.jpg\" alt=\"chalet bidart\" class=\"big\" \/><\/div><div class=\"call-to-action_contenu\"><div class=\"call-to-action_titre\">Unsere Ferienh\u00e4user<\/div><\/div><\/a><\/li><li class=\"element call-to-action  call-to-action--style-1 call-to-action--big\"><a href=\"https:\/\/www.uronea.com\/de\/stellplatze-mieten-bidart\/\"  class=\"call-to-action_link\" title=\"Erfahren Sie mehr \u00fcber unsere standorte\"><div class=\"call-to-action_image\"><img decoding=\"async\" src=\"https:\/\/www.uronea.com\/wp-content\/uploads\/2026\/03\/Empl-Confort-Camping-UR-ONEA-Bidart-Pays-Basque-scaled.jpg\" data-src=\"https:\/\/www.uronea.com\/wp-content\/uploads\/2026\/03\/Empl-Confort-Camping-UR-ONEA-Bidart-Pays-Basque-scaled.jpg\" alt=\"\" class=\"big\" \/><\/div><div class=\"call-to-action_contenu\"><div class=\"call-to-action_titre\">Unsere Standorte<\/div><\/div><\/a><\/li><li class=\"element call-to-action  call-to-action--style-1 call-to-action--big\"><a href=\"https:\/\/www.uronea.com\/de\/billig-camping-bidart\/\"  class=\"call-to-action_link\" title=\"Erfahren Sie mehr \u00fcber tarife\"><div class=\"call-to-action_image\"><img decoding=\"async\" src=\"https:\/\/www.uronea.com\/wp-content\/uploads\/2026\/03\/COTE-BASQUE-URONEA-56x100.jpg\" data-src=\"https:\/\/www.uronea.com\/wp-content\/uploads\/2026\/03\/COTE-BASQUE-URONEA-scaled.jpg\" alt=\"\" class=\"big\" \/><\/div><div class=\"call-to-action_contenu\"><div class=\"call-to-action_titre\">Tarife<\/div><\/div><\/a><\/li><\/ul><div class=\"element bloc-text center \">\n\t<p>Entscheiden Sie sich f\u00fcr Ihren n\u00e4chsten Familienurlaub an der Atlantikk\u00fcste f\u00fcr einen Familien-Campingurlaub inmitten der Natur. F\u00fcr ihren Campingaufenthalt m\u00fcssen Urlauber aus unseren verschiedenen Mietunterk\u00fcnften w\u00e4hlen, einen der ger\u00e4umigen und gr\u00fcnen Camping-Caravaning-Stellpl\u00e4tze f\u00fcr Wohnmobile, Zelte und Wohnwagen in der N\u00e4he des beheizten Swimmingpools, ein gro\u00dfes Mobilheim (Bungalow) Komfort ganz in der N\u00e4he des feinen Sandstrand oder sogar ein Chalet unweit von Kinderspielpl\u00e4tzen im Freien. Tauchen Sie f\u00fcr Ihren Urlaub in die baskische Kultur ein, indem Sie sich f\u00fcr einen Aufenthalt auf einem <strong class=\"bold color4\">Campingplatz in Arbonne<\/strong> oder in der N\u00e4he entscheiden. Unser Campingplatz im Baskenland im Gr\u00fcnen bietet gr\u00fcne Stellpl\u00e4tze und Mobilheimvermietung in der N\u00e4he von Arbonne, weniger als 5 km vom Dorfzentrum entfernt. Sie k\u00f6nnen Radtouren nutzen, um in weniger als 20 Minuten den Ort Benoiterie zu erreichen und die belebende Naturlandschaft rund um das Dorf zu entdecken: eine Abwechslung von Mooren, Eichenhainen und Weiden, die alle eine wichtige Artenvielfalt beherbergen. Mit dem Auto reichen 10 Minuten von Ur-Onea aus, um Arbonne zu erreichen und die sch\u00f6ne denkmalgesch\u00fctzte Kirche und den baskischen Friedhof zu besuchen. Verpassen Sie im Sommer nicht die Patronatsfeste von Saint-Laurent, die eine Gelegenheit bieten, vier Festtage zu erleben. Das baskische Kuchenfest r\u00fcckt die lokale Gastronomie durch einen Amateurwettbewerb und zahlreiche Aktivit\u00e4ten ins Rampenlicht.<\/p>\n<\/div><\/div><\/section>","protected":false},"excerpt":{"rendered":"","protected":false},"author":1,"featured_media":7983,"parent":0,"menu_order":0,"comment_status":"closed","ping_status":"closed","template":"templates\/template-villes.php","meta":{"_acf_changed":false,"footnotes":""},"class_list":["post-9173","page","type-page","status-publish","has-post-thumbnail","hentry"],"acf":[],"yoast_head":"<!-- This site is optimized with the Yoast SEO plugin v25.3 - https:\/\/yoast.com\/wordpress\/plugins\/seo\/ -->\n<title>Campingplatz Arbonne 64 | Mobilheim Arbonne | Arbonne Tourismus<\/title>\n<meta name=\"description\" content=\"Entdecken Sie unseren Campingplatz in der N\u00e4he von Arbonne in der 64. Konsultieren Sie unseren Arbonne-Touristenf\u00fchrer, damit Sie nichts verpassen.\" \/>\n<meta name=\"robots\" content=\"index, follow, max-snippet:-1, max-image-preview:large, max-video-preview:-1\" \/>\n<link rel=\"canonical\" href=\"https:\/\/www.uronea.com\/de\/campingplatz-arbonne\/\" \/>\n<meta property=\"og:locale\" content=\"de_DE\" \/>\n<meta property=\"og:type\" content=\"article\" \/>\n<meta property=\"og:title\" content=\"Campingplatz Arbonne 64 | Mobilheim Arbonne | Arbonne Tourismus\" \/>\n<meta property=\"og:description\" content=\"Entdecken Sie unseren Campingplatz in der N\u00e4he von Arbonne in der 64. Konsultieren Sie unseren Arbonne-Touristenf\u00fchrer, damit Sie nichts verpassen.\" \/>\n<meta property=\"og:url\" content=\"https:\/\/www.uronea.com\/de\/campingplatz-arbonne\/\" \/>\n<meta property=\"og:site_name\" content=\"Camping Ur-Onea\" \/>\n<meta property=\"article:modified_time\" content=\"2024-02-26T07:41:29+00:00\" \/>\n<meta property=\"og:image\" content=\"https:\/\/www.uronea.com\/wp-content\/uploads\/2020\/10\/arbonne.jpg\" \/>\n\t<meta property=\"og:image:width\" content=\"1903\" \/>\n\t<meta property=\"og:image:height\" content=\"450\" \/>\n\t<meta property=\"og:image:type\" content=\"image\/jpeg\" \/>\n<meta name=\"twitter:card\" content=\"summary_large_image\" \/>\n<meta name=\"twitter:label1\" content=\"Gesch\u00e4tzte Lesezeit\" \/>\n\t<meta name=\"twitter:data1\" content=\"1\u00a0Minute\" \/>\n<script type=\"application\/ld+json\" class=\"yoast-schema-graph\">{\"@context\":\"https:\/\/schema.org\",\"@graph\":[{\"@type\":\"WebPage\",\"@id\":\"https:\/\/www.uronea.com\/de\/campingplatz-arbonne\/\",\"url\":\"https:\/\/www.uronea.com\/de\/campingplatz-arbonne\/\",\"name\":\"Campingplatz Arbonne 64 | Mobilheim Arbonne | Arbonne Tourismus\",\"isPartOf\":{\"@id\":\"https:\/\/www.uronea.com\/de\/#website\"},\"primaryImageOfPage\":{\"@id\":\"https:\/\/www.uronea.com\/de\/campingplatz-arbonne\/#primaryimage\"},\"image\":{\"@id\":\"https:\/\/www.uronea.com\/de\/campingplatz-arbonne\/#primaryimage\"},\"thumbnailUrl\":\"https:\/\/www.uronea.com\/wp-content\/uploads\/2020\/10\/arbonne.jpg\",\"datePublished\":\"2022-02-01T08:49:39+00:00\",\"dateModified\":\"2024-02-26T07:41:29+00:00\",\"description\":\"Entdecken Sie unseren Campingplatz in der N\u00e4he von Arbonne in der 64. Konsultieren Sie unseren Arbonne-Touristenf\u00fchrer, damit Sie nichts verpassen.\",\"breadcrumb\":{\"@id\":\"https:\/\/www.uronea.com\/de\/campingplatz-arbonne\/#breadcrumb\"},\"inLanguage\":\"de\",\"potentialAction\":[{\"@type\":\"ReadAction\",\"target\":[\"https:\/\/www.uronea.com\/de\/campingplatz-arbonne\/\"]}]},{\"@type\":\"ImageObject\",\"inLanguage\":\"de\",\"@id\":\"https:\/\/www.uronea.com\/de\/campingplatz-arbonne\/#primaryimage\",\"url\":\"https:\/\/www.uronea.com\/wp-content\/uploads\/2020\/10\/arbonne.jpg\",\"contentUrl\":\"https:\/\/www.uronea.com\/wp-content\/uploads\/2020\/10\/arbonne.jpg\",\"width\":1903,\"height\":450,\"caption\":\"arbonne\"},{\"@type\":\"BreadcrumbList\",\"@id\":\"https:\/\/www.uronea.com\/de\/campingplatz-arbonne\/#breadcrumb\",\"itemListElement\":[{\"@type\":\"ListItem\",\"position\":1,\"name\":\"Campingplatz Bidart\",\"item\":\"https:\/\/www.uronea.com\/de\/\"},{\"@type\":\"ListItem\",\"position\":2,\"name\":\"3-Sterne-Campingplatz Arbonne\"}]},{\"@type\":\"WebSite\",\"@id\":\"https:\/\/www.uronea.com\/de\/#website\",\"url\":\"https:\/\/www.uronea.com\/de\/\",\"name\":\"Camping Ur-Onea\",\"description\":\"\",\"potentialAction\":[{\"@type\":\"SearchAction\",\"target\":{\"@type\":\"EntryPoint\",\"urlTemplate\":\"https:\/\/www.uronea.com\/de\/?s={search_term_string}\"},\"query-input\":{\"@type\":\"PropertyValueSpecification\",\"valueRequired\":true,\"valueName\":\"search_term_string\"}}],\"inLanguage\":\"de\"}]}<\/script>\n<!-- \/ Yoast SEO plugin. -->","yoast_head_json":{"title":"Campingplatz Arbonne 64 | Mobilheim Arbonne | Arbonne Tourismus","description":"Entdecken Sie unseren Campingplatz in der N\u00e4he von Arbonne in der 64. Konsultieren Sie unseren Arbonne-Touristenf\u00fchrer, damit Sie nichts verpassen.","robots":{"index":"index","follow":"follow","max-snippet":"max-snippet:-1","max-image-preview":"max-image-preview:large","max-video-preview":"max-video-preview:-1"},"canonical":"https:\/\/www.uronea.com\/de\/campingplatz-arbonne\/","og_locale":"de_DE","og_type":"article","og_title":"Campingplatz Arbonne 64 | Mobilheim Arbonne | Arbonne Tourismus","og_description":"Entdecken Sie unseren Campingplatz in der N\u00e4he von Arbonne in der 64. Konsultieren Sie unseren Arbonne-Touristenf\u00fchrer, damit Sie nichts verpassen.","og_url":"https:\/\/www.uronea.com\/de\/campingplatz-arbonne\/","og_site_name":"Camping Ur-Onea","article_modified_time":"2024-02-26T07:41:29+00:00","og_image":[{"width":1903,"height":450,"url":"https:\/\/www.uronea.com\/wp-content\/uploads\/2020\/10\/arbonne.jpg","type":"image\/jpeg"}],"twitter_card":"summary_large_image","twitter_misc":{"Gesch\u00e4tzte Lesezeit":"1\u00a0Minute"},"schema":{"@context":"https:\/\/schema.org","@graph":[{"@type":"WebPage","@id":"https:\/\/www.uronea.com\/de\/campingplatz-arbonne\/","url":"https:\/\/www.uronea.com\/de\/campingplatz-arbonne\/","name":"Campingplatz Arbonne 64 | Mobilheim Arbonne | Arbonne Tourismus","isPartOf":{"@id":"https:\/\/www.uronea.com\/de\/#website"},"primaryImageOfPage":{"@id":"https:\/\/www.uronea.com\/de\/campingplatz-arbonne\/#primaryimage"},"image":{"@id":"https:\/\/www.uronea.com\/de\/campingplatz-arbonne\/#primaryimage"},"thumbnailUrl":"https:\/\/www.uronea.com\/wp-content\/uploads\/2020\/10\/arbonne.jpg","datePublished":"2022-02-01T08:49:39+00:00","dateModified":"2024-02-26T07:41:29+00:00","description":"Entdecken Sie unseren Campingplatz in der N\u00e4he von Arbonne in der 64. Konsultieren Sie unseren Arbonne-Touristenf\u00fchrer, damit Sie nichts verpassen.","breadcrumb":{"@id":"https:\/\/www.uronea.com\/de\/campingplatz-arbonne\/#breadcrumb"},"inLanguage":"de","potentialAction":[{"@type":"ReadAction","target":["https:\/\/www.uronea.com\/de\/campingplatz-arbonne\/"]}]},{"@type":"ImageObject","inLanguage":"de","@id":"https:\/\/www.uronea.com\/de\/campingplatz-arbonne\/#primaryimage","url":"https:\/\/www.uronea.com\/wp-content\/uploads\/2020\/10\/arbonne.jpg","contentUrl":"https:\/\/www.uronea.com\/wp-content\/uploads\/2020\/10\/arbonne.jpg","width":1903,"height":450,"caption":"arbonne"},{"@type":"BreadcrumbList","@id":"https:\/\/www.uronea.com\/de\/campingplatz-arbonne\/#breadcrumb","itemListElement":[{"@type":"ListItem","position":1,"name":"Campingplatz Bidart","item":"https:\/\/www.uronea.com\/de\/"},{"@type":"ListItem","position":2,"name":"3-Sterne-Campingplatz Arbonne"}]},{"@type":"WebSite","@id":"https:\/\/www.uronea.com\/de\/#website","url":"https:\/\/www.uronea.com\/de\/","name":"Camping Ur-Onea","description":"","potentialAction":[{"@type":"SearchAction","target":{"@type":"EntryPoint","urlTemplate":"https:\/\/www.uronea.com\/de\/?s={search_term_string}"},"query-input":{"@type":"PropertyValueSpecification","valueRequired":true,"valueName":"search_term_string"}}],"inLanguage":"de"}]}},"_links":{"self":[{"href":"https:\/\/www.uronea.com\/de\/wp-json\/wp\/v2\/pages\/9173"}],"collection":[{"href":"https:\/\/www.uronea.com\/de\/wp-json\/wp\/v2\/pages"}],"about":[{"href":"https:\/\/www.uronea.com\/de\/wp-json\/wp\/v2\/types\/page"}],"author":[{"embeddable":true,"href":"https:\/\/www.uronea.com\/de\/wp-json\/wp\/v2\/users\/1"}],"replies":[{"embeddable":true,"href":"https:\/\/www.uronea.com\/de\/wp-json\/wp\/v2\/comments?post=9173"}],"version-history":[{"count":7,"href":"https:\/\/www.uronea.com\/de\/wp-json\/wp\/v2\/pages\/9173\/revisions"}],"predecessor-version":[{"id":10397,"href":"https:\/\/www.uronea.com\/de\/wp-json\/wp\/v2\/pages\/9173\/revisions\/10397"}],"wp:featuredmedia":[{"embeddable":true,"href":"https:\/\/www.uronea.com\/de\/wp-json\/wp\/v2\/media\/7983"}],"wp:attachment":[{"href":"https:\/\/www.uronea.com\/de\/wp-json\/wp\/v2\/media?parent=9173"}],"curies":[{"name":"wp","href":"https:\/\/api.w.org\/{rel}","templated":true}]}}