{"id":8554,"date":"2014-10-23T13:41:46","date_gmt":"2014-10-23T12:41:46","guid":{"rendered":"https:\/\/www.uronea.com\/mentions-legales\/"},"modified":"2021-02-05T17:13:41","modified_gmt":"2021-02-05T16:13:41","slug":"mentions-legales","status":"publish","type":"page","link":"https:\/\/www.uronea.com\/de\/mentions-legales\/","title":{"rendered":"Rechtlicher Hinweis"},"content":{"rendered":"<section id=\"section-5fa3d5fcbf388\"\" class=\"section bg-white\" \/><div class=\"container  extralarge\"><h1 class=\"element section-title center\">Rechtlicher Hinweis<\/h1><\/div><\/section>\n\n<section id=\"section-5fa3d5fcbf53b\"\" class=\"section bg-white p-t-0\" \/><div class=\"container  extralarge\"><div class=\"element bloc-text center \">\n\t<h2>Site-Editor<\/h2>\n<p>CAMPING UR-ONEA ****<\/p>\n<p>Rue de la Chapelle &#8211; 64210 BIDART<\/p>\n<p>Tel : 05 59 26 53 61 &#8211; Fax : 05 59 26 53 94<br \/>\nE-Mail: contact@uronea.com<br \/>\nSiret: 34060580700015<\/p>\n<p>SCR: Bayonne B 340 605 807<\/p>\n<p>Pr\u00e4fekturdekret: 2012\/TOU\/104 f\u00fcr 269 Stellpl\u00e4tze, Klassifizierung 3-Sterne &#8222;Tourismus&#8220;.<\/p>\n<p>Code APE : 5530Z<\/p>\n<p>Intracommunity Umsatzsteuer-Identifikationsnummer: FR33340605807<\/p>\n<p>Leistung<\/p>\n<p>TUVEDLACOM<br \/>\nVertreten durch Herrn Yohan Darmayan in seiner Eigenschaft als Manager<br \/>\nHauptsitz : 6 route de Pitoys &#8211; Zone de Maignon, 64600 Anglet, Frankreich<br \/>\nTel : 09 72 49 05 44<br \/>\nE-Mail: contact@tuvedlacom.com<br \/>\nWebsite: www.tuvedlacom.com<br \/>\nSIRET: 79078282500034<br \/>\nAPE : 6201Z<\/p>\n<h2>Copyrights und Urheberrecht<\/h2>\n<p>Der gesamte Inhalt dieser Website unterliegt dem Urheberrecht und dem geistigen Eigentum nach franz\u00f6sischem Recht. Jegliche Vervielf\u00e4ltigung (einschlie\u00dflich Fotos, Icons und herunterladbare Dokumente) ist ohne vorherige Zustimmung von TUVEDLACOM verboten. Die Vervielf\u00e4ltigung der gesamten oder eines Teils der Website in Papierform oder in elektronischer Form auf einem elektronischen Datentr\u00e4ger ist verboten. TuVeDlaCom lehnt jede Verantwortung f\u00fcr die auf der Website vorhandenen Inhalte ab. TuVeDlaCom lehnt auch jede Verantwortung f\u00fcr externe Links zu dieser Website ab.<\/p>\n<h2>Personenbezogene Daten und pers\u00f6nliche Informationen<\/h2>\n<p>Sie haben das Recht auf Zugang, \u00c4nderung, Berichtigung und L\u00f6schung der Sie betreffenden Daten gem\u00e4\u00df Artikel 34 des franz\u00f6sischen Gesetzes &#8222;Informatique et Libert\u00e9s&#8220; n\u00b0 78-17 vom 6. Januar 1978, ge\u00e4ndert am 6. August 2004. Um dieses Zugriffsrecht auszu\u00fcben, k\u00f6nnen Sie dies durch eine einfache schriftliche Anfrage an den Herausgeber der Website tun.<\/p>\n<h2>Gesetzgebung<\/h2>\n<p>Gem\u00e4\u00df dem Gesetz vom 11. M\u00e4rz 1957 (Art. 41) und dem Kodex des geistigen Eigentums vom 1. Juli 1992 ist es verboten, Teile der Website ohne vorherige Genehmigung des Herausgebers der Website ganz oder teilweise zu reproduzieren. Logos, Visuals, Fotos, Videos, Grafikcharts, Texte sind Eigentum der jeweiligen Inhaber. Diese Seite kann ohne sein Wissen mit anderen Seiten durch Hypermedia-Links verbunden worden sein. Der Herausgeber der Seite lehnt jede Verantwortung f\u00fcr die auf diesen anderen Seiten dargestellten Informationen ab. Der Internetnutzer erkennt an, dass die Nutzung dieser Website dem franz\u00f6sischen Recht unterliegt.<\/p>\n<\/div><\/div><\/section>","protected":false},"excerpt":{"rendered":"","protected":false},"author":1,"featured_media":0,"parent":0,"menu_order":0,"comment_status":"closed","ping_status":"closed","template":"","meta":{"_acf_changed":false,"footnotes":""},"class_list":["post-8554","page","type-page","status-publish","hentry"],"acf":[],"yoast_head":"<!-- This site is optimized with the Yoast SEO plugin v25.3 - https:\/\/yoast.com\/wordpress\/plugins\/seo\/ -->\n<title>Rechtlicher Hinweis - Camping Ur-Onea<\/title>\n<meta name=\"robots\" content=\"noindex, nofollow\" \/>\n<meta property=\"og:locale\" content=\"de_DE\" \/>\n<meta property=\"og:type\" content=\"article\" \/>\n<meta property=\"og:title\" content=\"Rechtlicher Hinweis - Camping Ur-Onea\" \/>\n<meta property=\"og:url\" content=\"https:\/\/www.uronea.com\/de\/mentions-legales\/\" \/>\n<meta property=\"og:site_name\" content=\"Camping Ur-Onea\" \/>\n<meta property=\"article:modified_time\" content=\"2021-02-05T16:13:41+00:00\" \/>\n<meta name=\"twitter:card\" content=\"summary_large_image\" \/>\n<script type=\"application\/ld+json\" class=\"yoast-schema-graph\">{\"@context\":\"https:\/\/schema.org\",\"@graph\":[{\"@type\":\"WebPage\",\"@id\":\"https:\/\/www.uronea.com\/de\/mentions-legales\/\",\"url\":\"https:\/\/www.uronea.com\/de\/mentions-legales\/\",\"name\":\"Rechtlicher Hinweis - Camping Ur-Onea\",\"isPartOf\":{\"@id\":\"https:\/\/www.uronea.com\/de\/#website\"},\"datePublished\":\"2014-10-23T12:41:46+00:00\",\"dateModified\":\"2021-02-05T16:13:41+00:00\",\"breadcrumb\":{\"@id\":\"https:\/\/www.uronea.com\/de\/mentions-legales\/#breadcrumb\"},\"inLanguage\":\"de\",\"potentialAction\":[{\"@type\":\"ReadAction\",\"target\":[\"https:\/\/www.uronea.com\/de\/mentions-legales\/\"]}]},{\"@type\":\"BreadcrumbList\",\"@id\":\"https:\/\/www.uronea.com\/de\/mentions-legales\/#breadcrumb\",\"itemListElement\":[{\"@type\":\"ListItem\",\"position\":1,\"name\":\"Campingplatz Bidart\",\"item\":\"https:\/\/www.uronea.com\/de\/\"},{\"@type\":\"ListItem\",\"position\":2,\"name\":\"Rechtlicher Hinweis\"}]},{\"@type\":\"WebSite\",\"@id\":\"https:\/\/www.uronea.com\/de\/#website\",\"url\":\"https:\/\/www.uronea.com\/de\/\",\"name\":\"Camping Ur-Onea\",\"description\":\"\",\"potentialAction\":[{\"@type\":\"SearchAction\",\"target\":{\"@type\":\"EntryPoint\",\"urlTemplate\":\"https:\/\/www.uronea.com\/de\/?s={search_term_string}\"},\"query-input\":{\"@type\":\"PropertyValueSpecification\",\"valueRequired\":true,\"valueName\":\"search_term_string\"}}],\"inLanguage\":\"de\"}]}<\/script>\n<!-- \/ Yoast SEO plugin. -->","yoast_head_json":{"title":"Rechtlicher Hinweis - Camping Ur-Onea","robots":{"index":"noindex","follow":"nofollow"},"og_locale":"de_DE","og_type":"article","og_title":"Rechtlicher Hinweis - Camping Ur-Onea","og_url":"https:\/\/www.uronea.com\/de\/mentions-legales\/","og_site_name":"Camping Ur-Onea","article_modified_time":"2021-02-05T16:13:41+00:00","twitter_card":"summary_large_image","schema":{"@context":"https:\/\/schema.org","@graph":[{"@type":"WebPage","@id":"https:\/\/www.uronea.com\/de\/mentions-legales\/","url":"https:\/\/www.uronea.com\/de\/mentions-legales\/","name":"Rechtlicher Hinweis - Camping Ur-Onea","isPartOf":{"@id":"https:\/\/www.uronea.com\/de\/#website"},"datePublished":"2014-10-23T12:41:46+00:00","dateModified":"2021-02-05T16:13:41+00:00","breadcrumb":{"@id":"https:\/\/www.uronea.com\/de\/mentions-legales\/#breadcrumb"},"inLanguage":"de","potentialAction":[{"@type":"ReadAction","target":["https:\/\/www.uronea.com\/de\/mentions-legales\/"]}]},{"@type":"BreadcrumbList","@id":"https:\/\/www.uronea.com\/de\/mentions-legales\/#breadcrumb","itemListElement":[{"@type":"ListItem","position":1,"name":"Campingplatz Bidart","item":"https:\/\/www.uronea.com\/de\/"},{"@type":"ListItem","position":2,"name":"Rechtlicher Hinweis"}]},{"@type":"WebSite","@id":"https:\/\/www.uronea.com\/de\/#website","url":"https:\/\/www.uronea.com\/de\/","name":"Camping Ur-Onea","description":"","potentialAction":[{"@type":"SearchAction","target":{"@type":"EntryPoint","urlTemplate":"https:\/\/www.uronea.com\/de\/?s={search_term_string}"},"query-input":{"@type":"PropertyValueSpecification","valueRequired":true,"valueName":"search_term_string"}}],"inLanguage":"de"}]}},"_links":{"self":[{"href":"https:\/\/www.uronea.com\/de\/wp-json\/wp\/v2\/pages\/8554"}],"collection":[{"href":"https:\/\/www.uronea.com\/de\/wp-json\/wp\/v2\/pages"}],"about":[{"href":"https:\/\/www.uronea.com\/de\/wp-json\/wp\/v2\/types\/page"}],"author":[{"embeddable":true,"href":"https:\/\/www.uronea.com\/de\/wp-json\/wp\/v2\/users\/1"}],"replies":[{"embeddable":true,"href":"https:\/\/www.uronea.com\/de\/wp-json\/wp\/v2\/comments?post=8554"}],"version-history":[{"count":3,"href":"https:\/\/www.uronea.com\/de\/wp-json\/wp\/v2\/pages\/8554\/revisions"}],"predecessor-version":[{"id":8565,"href":"https:\/\/www.uronea.com\/de\/wp-json\/wp\/v2\/pages\/8554\/revisions\/8565"}],"wp:attachment":[{"href":"https:\/\/www.uronea.com\/de\/wp-json\/wp\/v2\/media?parent=8554"}],"curies":[{"name":"wp","href":"https:\/\/api.w.org\/{rel}","templated":true}]}}