{"id":8142,"date":"2014-10-01T09:45:03","date_gmt":"2014-10-01T07:45:03","guid":{"rendered":"https:\/\/www.uronea.com\/avis\/"},"modified":"2022-01-17T15:48:05","modified_gmt":"2022-01-17T14:48:05","slug":"hinweis","status":"publish","type":"page","link":"https:\/\/www.uronea.com\/de\/hinweis\/","title":{"rendered":"Camping : Avis"},"content":{"rendered":"<section id=\"section-5f885a0bd7e88\"\" class=\"section bg-white p-b-0\" \/><div class=\"container \"><h1 class=\"element section-title center\">Meinungen des Campingplatzes<\/h1><\/div><\/section>\n\n<section id=\"section-61e581a2c1202\"\" class=\"section bg-white\" \/><div class=\"container \"><div class=\"element bloc-text justify \">\n\t<p style=\"\n    display: flex;\n    justify-content: center;\n\"><ctv-reviews data-modal-position=\"bottom\"><\/ctv-reviews><\/p>\n<\/div><\/div><\/section>\n\n<section id=\"section-5f885d111aa47\"\" class=\"section bg-white p-t-0 p-b-0\" \/><div class=\"container \"><div class=\"element bloc-text justify \">\n\t<p><script>\n    window.ctoutvert = {\n        id: 3954,\n        lang: 'de',\n        url: 'https:\/\/bookingpremium.secureholiday.net\/widgets\/', \n    };\n    (function (w, d, s, ctv, r, js, fjs) {\n        r=new XMLHttpRequest();r.open('GET',w[ctv].url+'js\/src.json');\n        r.responseType='json';r.json=true;r.send();\n        r.onload=function(){w[ctv].src=r.responseType=='json'?r.response:JSON.parse(r.response);\n        js.src=w[ctv].src[0];fjs.parentNode.insertBefore(js, fjs);}\n        js=d.createElement(s),fjs=d.getElementsByTagName(s)[0];\n        js.id='ctvwidget';js.async=1;\n    }(window, document, 'script', 'ctoutvert'));\n<\/script><br \/>\n<ctv-reviews-list ><\/ctv-reviews-list><\/p>\n<\/div><\/div><\/section>\n\n<section id=\"section-5f885a0bd8073\"\" class=\"section bg-white p-t-0\" \/><div class=\"container \"><div class=\"element bloc-text justify \">\n\t<p>Unsere Website hat das Ziel, Sie mit allen Informationen zu versorgen, die Sie f\u00fcr die <strong class=\"bold color1\">Organisation<\/strong> Ihres Urlaubs im Baskenland ben\u00f6tigen. Egal, ob Sie als Paar, mit Ihrer Familie oder mit Freunden reisen, Sie wollen nat\u00fcrlich vor der Reservierung sicher sein, dass die Einrichtungen und Dienstleistungen unseres Outdoor-Hotels Ihren Erwartungen entsprechen.  <\/p>\n<p>Um das herauszufinden, konsultieren Sie bitte die <strong class=\"bold color1\">Meinung der G\u00e4ste<\/strong>, die auf dem <a href=\"\/de\/\">Camping Ur-Onea in Bidart<\/a> \u00fcbernachtet haben. Die Bewertung, die sie uns geben, und ihre Kommentare sagen viel \u00fcber die Qualit\u00e4t unserer Unterk\u00fcnfte und Einrichtungen aus. Einige von ihnen waren von der gr\u00fcnen Umgebung des Anwesens, der N\u00e4he des Strandes, der Sauberkeit der R\u00e4umlichkeiten und dem herzlichen Empfang angetan. Andere liebten den sicheren Wasserbereich f\u00fcr Erwachsene und Kinder mit dem beheizten und \u00fcberdachten Schwimmbad in Bidart, den Wasserspielen, dem Planschbecken und dem Jacuzzi. <\/p>\n<p>Und Sie, was erwarten Sie von Ihrem n\u00e4chsten Urlaub in Bidart im Baskenland? Ein <strong class=\"bold color1\">totaler Tapetenwechsel<\/strong> ? Ein <strong class=\"bold color1\">Luxus-Mobilheim mit<\/strong> seiner Ausstattungsbatterie zum besten Preis ? Ein ger\u00e4umiger Stellplatz in Bidart und <strong class=\"bold color1\">schattig<\/strong> zum Aufstellen Ihres Zeltes, Parken Ihres Wohnwagens oder Wohnmobils w\u00e4hrend Ihrer Eskapade an der baskischen K\u00fcste ? Nehmen Sie sich die Zeit, die Meinungen anderer Camper zu lesen und vor allem, teilen Sie Ihre am Ende des <strong class=\"bold color1\">Aufenthalts<\/strong> mit! <\/p>\n<p>Entdecken Sie die Bewertungen des Campingplatzes Ur-Onea von Camping2BE, einer Bewertungsplattform, die direkt mit unserem Online-Buchungssystem verbunden ist. Alle Bewertungen sind zertifiziert, um Ihnen echte Meinungen von Kunden zu bieten, die bereits auf unserem Campingplatz Bidart \u00fcbernachtet haben. <\/p>\n<p>Wenn Sie Bewertungen aus <strong class=\"bold color1\">zus\u00e4tzlichen Quellen<\/strong> haben m\u00f6chten, schauen Sie sich unsere Campingplatzbewertungen auf Facebook an. Sie haben dann einen noch gr\u00f6\u00dferen Kundenkreis, der auf unserem Campingplatz am Meer in Bidart im Baskenland \u00fcbernachtet hat. <\/p>\n<\/div><\/div><\/section>","protected":false},"excerpt":{"rendered":"","protected":false},"author":1,"featured_media":7944,"parent":0,"menu_order":0,"comment_status":"closed","ping_status":"closed","template":"","meta":{"_acf_changed":false,"footnotes":""},"class_list":["post-8142","page","type-page","status-publish","has-post-thumbnail","hentry"],"acf":[],"yoast_head":"<!-- This site is optimized with the Yoast SEO plugin v25.3 - https:\/\/yoast.com\/wordpress\/plugins\/seo\/ -->\n<title>Meinung der Camper auf dem Campingplatz Uronea in Bidart<\/title>\n<meta name=\"description\" content=\"Entdecken Sie die Meinungen von ehemaligen Kunden des Campingplatzes Uronea in Bidart: konsultieren Sie und hinterlassen Sie Ihre Meinung auf dieser Seite!\" \/>\n<meta name=\"robots\" content=\"index, follow, max-snippet:-1, max-image-preview:large, max-video-preview:-1\" \/>\n<link rel=\"canonical\" href=\"https:\/\/www.uronea.com\/de\/hinweis\/\" \/>\n<meta property=\"og:locale\" content=\"de_DE\" \/>\n<meta property=\"og:type\" content=\"article\" \/>\n<meta property=\"og:title\" content=\"Meinung der Camper auf dem Campingplatz Uronea in Bidart\" \/>\n<meta property=\"og:description\" content=\"Entdecken Sie die Meinungen von ehemaligen Kunden des Campingplatzes Uronea in Bidart: konsultieren Sie und hinterlassen Sie Ihre Meinung auf dieser Seite!\" \/>\n<meta property=\"og:url\" content=\"https:\/\/www.uronea.com\/de\/hinweis\/\" \/>\n<meta property=\"og:site_name\" content=\"Camping Ur-Onea\" \/>\n<meta property=\"article:modified_time\" content=\"2022-01-17T14:48:05+00:00\" \/>\n<meta property=\"og:image\" content=\"https:\/\/www.uronea.com\/wp-content\/uploads\/2020\/12\/avis-camping.jpg\" \/>\n\t<meta property=\"og:image:width\" content=\"1903\" \/>\n\t<meta property=\"og:image:height\" content=\"450\" \/>\n\t<meta property=\"og:image:type\" content=\"image\/jpeg\" \/>\n<meta name=\"twitter:card\" content=\"summary_large_image\" \/>\n<script type=\"application\/ld+json\" class=\"yoast-schema-graph\">{\"@context\":\"https:\/\/schema.org\",\"@graph\":[{\"@type\":\"WebPage\",\"@id\":\"https:\/\/www.uronea.com\/de\/hinweis\/\",\"url\":\"https:\/\/www.uronea.com\/de\/hinweis\/\",\"name\":\"Meinung der Camper auf dem Campingplatz Uronea in Bidart\",\"isPartOf\":{\"@id\":\"https:\/\/www.uronea.com\/de\/#website\"},\"primaryImageOfPage\":{\"@id\":\"https:\/\/www.uronea.com\/de\/hinweis\/#primaryimage\"},\"image\":{\"@id\":\"https:\/\/www.uronea.com\/de\/hinweis\/#primaryimage\"},\"thumbnailUrl\":\"https:\/\/www.uronea.com\/wp-content\/uploads\/2020\/12\/avis-camping.jpg\",\"datePublished\":\"2014-10-01T07:45:03+00:00\",\"dateModified\":\"2022-01-17T14:48:05+00:00\",\"description\":\"Entdecken Sie die Meinungen von ehemaligen Kunden des Campingplatzes Uronea in Bidart: konsultieren Sie und hinterlassen Sie Ihre Meinung auf dieser Seite!\",\"breadcrumb\":{\"@id\":\"https:\/\/www.uronea.com\/de\/hinweis\/#breadcrumb\"},\"inLanguage\":\"de\",\"potentialAction\":[{\"@type\":\"ReadAction\",\"target\":[\"https:\/\/www.uronea.com\/de\/hinweis\/\"]}]},{\"@type\":\"ImageObject\",\"inLanguage\":\"de\",\"@id\":\"https:\/\/www.uronea.com\/de\/hinweis\/#primaryimage\",\"url\":\"https:\/\/www.uronea.com\/wp-content\/uploads\/2020\/12\/avis-camping.jpg\",\"contentUrl\":\"https:\/\/www.uronea.com\/wp-content\/uploads\/2020\/12\/avis-camping.jpg\",\"width\":1903,\"height\":450,\"caption\":\"avis camping\"},{\"@type\":\"BreadcrumbList\",\"@id\":\"https:\/\/www.uronea.com\/de\/hinweis\/#breadcrumb\",\"itemListElement\":[{\"@type\":\"ListItem\",\"position\":1,\"name\":\"Campingplatz Bidart\",\"item\":\"https:\/\/www.uronea.com\/de\/\"},{\"@type\":\"ListItem\",\"position\":2,\"name\":\"Kundenmeinung Camping Ur-Onea\"}]},{\"@type\":\"WebSite\",\"@id\":\"https:\/\/www.uronea.com\/de\/#website\",\"url\":\"https:\/\/www.uronea.com\/de\/\",\"name\":\"Camping Ur-Onea\",\"description\":\"\",\"potentialAction\":[{\"@type\":\"SearchAction\",\"target\":{\"@type\":\"EntryPoint\",\"urlTemplate\":\"https:\/\/www.uronea.com\/de\/?s={search_term_string}\"},\"query-input\":{\"@type\":\"PropertyValueSpecification\",\"valueRequired\":true,\"valueName\":\"search_term_string\"}}],\"inLanguage\":\"de\"}]}<\/script>\n<!-- \/ Yoast SEO plugin. -->","yoast_head_json":{"title":"Meinung der Camper auf dem Campingplatz Uronea in Bidart","description":"Entdecken Sie die Meinungen von ehemaligen Kunden des Campingplatzes Uronea in Bidart: konsultieren Sie und hinterlassen Sie Ihre Meinung auf dieser Seite!","robots":{"index":"index","follow":"follow","max-snippet":"max-snippet:-1","max-image-preview":"max-image-preview:large","max-video-preview":"max-video-preview:-1"},"canonical":"https:\/\/www.uronea.com\/de\/hinweis\/","og_locale":"de_DE","og_type":"article","og_title":"Meinung der Camper auf dem Campingplatz Uronea in Bidart","og_description":"Entdecken Sie die Meinungen von ehemaligen Kunden des Campingplatzes Uronea in Bidart: konsultieren Sie und hinterlassen Sie Ihre Meinung auf dieser Seite!","og_url":"https:\/\/www.uronea.com\/de\/hinweis\/","og_site_name":"Camping Ur-Onea","article_modified_time":"2022-01-17T14:48:05+00:00","og_image":[{"width":1903,"height":450,"url":"https:\/\/www.uronea.com\/wp-content\/uploads\/2020\/12\/avis-camping.jpg","type":"image\/jpeg"}],"twitter_card":"summary_large_image","schema":{"@context":"https:\/\/schema.org","@graph":[{"@type":"WebPage","@id":"https:\/\/www.uronea.com\/de\/hinweis\/","url":"https:\/\/www.uronea.com\/de\/hinweis\/","name":"Meinung der Camper auf dem Campingplatz Uronea in Bidart","isPartOf":{"@id":"https:\/\/www.uronea.com\/de\/#website"},"primaryImageOfPage":{"@id":"https:\/\/www.uronea.com\/de\/hinweis\/#primaryimage"},"image":{"@id":"https:\/\/www.uronea.com\/de\/hinweis\/#primaryimage"},"thumbnailUrl":"https:\/\/www.uronea.com\/wp-content\/uploads\/2020\/12\/avis-camping.jpg","datePublished":"2014-10-01T07:45:03+00:00","dateModified":"2022-01-17T14:48:05+00:00","description":"Entdecken Sie die Meinungen von ehemaligen Kunden des Campingplatzes Uronea in Bidart: konsultieren Sie und hinterlassen Sie Ihre Meinung auf dieser Seite!","breadcrumb":{"@id":"https:\/\/www.uronea.com\/de\/hinweis\/#breadcrumb"},"inLanguage":"de","potentialAction":[{"@type":"ReadAction","target":["https:\/\/www.uronea.com\/de\/hinweis\/"]}]},{"@type":"ImageObject","inLanguage":"de","@id":"https:\/\/www.uronea.com\/de\/hinweis\/#primaryimage","url":"https:\/\/www.uronea.com\/wp-content\/uploads\/2020\/12\/avis-camping.jpg","contentUrl":"https:\/\/www.uronea.com\/wp-content\/uploads\/2020\/12\/avis-camping.jpg","width":1903,"height":450,"caption":"avis camping"},{"@type":"BreadcrumbList","@id":"https:\/\/www.uronea.com\/de\/hinweis\/#breadcrumb","itemListElement":[{"@type":"ListItem","position":1,"name":"Campingplatz Bidart","item":"https:\/\/www.uronea.com\/de\/"},{"@type":"ListItem","position":2,"name":"Kundenmeinung Camping Ur-Onea"}]},{"@type":"WebSite","@id":"https:\/\/www.uronea.com\/de\/#website","url":"https:\/\/www.uronea.com\/de\/","name":"Camping Ur-Onea","description":"","potentialAction":[{"@type":"SearchAction","target":{"@type":"EntryPoint","urlTemplate":"https:\/\/www.uronea.com\/de\/?s={search_term_string}"},"query-input":{"@type":"PropertyValueSpecification","valueRequired":true,"valueName":"search_term_string"}}],"inLanguage":"de"}]}},"_links":{"self":[{"href":"https:\/\/www.uronea.com\/de\/wp-json\/wp\/v2\/pages\/8142"}],"collection":[{"href":"https:\/\/www.uronea.com\/de\/wp-json\/wp\/v2\/pages"}],"about":[{"href":"https:\/\/www.uronea.com\/de\/wp-json\/wp\/v2\/types\/page"}],"author":[{"embeddable":true,"href":"https:\/\/www.uronea.com\/de\/wp-json\/wp\/v2\/users\/1"}],"replies":[{"embeddable":true,"href":"https:\/\/www.uronea.com\/de\/wp-json\/wp\/v2\/comments?post=8142"}],"version-history":[{"count":4,"href":"https:\/\/www.uronea.com\/de\/wp-json\/wp\/v2\/pages\/8142\/revisions"}],"predecessor-version":[{"id":9076,"href":"https:\/\/www.uronea.com\/de\/wp-json\/wp\/v2\/pages\/8142\/revisions\/9076"}],"wp:featuredmedia":[{"embeddable":true,"href":"https:\/\/www.uronea.com\/de\/wp-json\/wp\/v2\/media\/7944"}],"wp:attachment":[{"href":"https:\/\/www.uronea.com\/de\/wp-json\/wp\/v2\/media?parent=8142"}],"curies":[{"name":"wp","href":"https:\/\/api.w.org\/{rel}","templated":true}]}}