{"id":8136,"date":"2014-10-01T09:44:44","date_gmt":"2014-10-01T07:44:44","guid":{"rendered":"https:\/\/www.uronea.com\/services-camping-pays-basque\/"},"modified":"2026-03-05T14:35:09","modified_gmt":"2026-03-05T13:35:09","slug":"dienstleistungen-camping-pays-basque","status":"publish","type":"page","link":"https:\/\/www.uronea.com\/de\/dienstleistungen-camping-pays-basque\/","title":{"rendered":"Camping : Services"},"content":{"rendered":"<section id=\"section-5f85acbd70cfe\"\" class=\"section bg-white\" \/><div class=\"container  extralarge\"><h1 class=\"element section-title center\">3-Sterne-Campingplatz Dienstleistungen Baskenland<\/h1><h2 class=\"element section-title center m-t-6\">Dienstleistungen auf dem Campingplatz<\/h2><div class=\"element bloc-text center \">\n\t<p>In unserem <a href=\"\/de\/\">Camping in Bidart<\/a> an der baskischen K\u00fcste steht Ihnen die <strong class=\"bold color1\">Rezeption<\/strong> im Juli und August von 8:30 bis 12:45 Uhr und von 14:15 bis 20:00 Uhr, im April, Mai, Juni und September von 9:00 bis 12:15 Uhr und von 14:15 bis 19:00 Uhr und von Oktober bis M\u00e4rz von Montag bis Freitag von 9:00 bis 12:30 Uhr und von 13:30 bis 17:00 Uhr zur Verf\u00fcgung (Telefondienst + einige Samstage). Das Personal versorgt Sie gerne mit allen <strong class=\"bold color1\">touristischen Informationen<\/strong>, die Sie ben\u00f6tigen; die Rezeption informiert Sie auch \u00fcber die verschiedenen <strong class=\"bold color1\">Aktivit\u00e4ten<\/strong> und <strong class=\"bold color1\">Animationen<\/strong> des Campingplatzes, einschlie\u00dflich Ausfl\u00fcgen und Shows. <\/p>\n<\/div><\/div><\/section>\n\n<section id=\"section-5f85acbd710f2\"\" class=\"section bg-color3 p-t-0 p-b-0\" \/><div class=\"container  full\"><div class=\"colonnes-wrap valign-middle \"><div class=\"element colonne p-x-10 p-y-4\"><h2 class=\"element section-title left\">Unsere Dienstleistungen auf dem Campingplatz<\/h2><div class=\"element bloc-text justify \">\n\t<p>F\u00fchlen Sie sich frei, in den <strong class=\"bold color1\">Lebensmittelladen<\/strong> zu gehen, um sich mit dem N\u00f6tigsten einzudecken. Hier finden Sie auch Eisflaschen, k\u00f6nnen Ihre K\u00fchlakkus einfrieren oder Ihre Zeitungen, Postkarten oder einige Souvenirs kaufen.<\/p>\n<p>Unsere <strong class=\"bold color1\">Bar<\/strong> \u00f6ffnet ihre T\u00fcren, wenn Sie eine Erfrischung brauchen, w\u00e4hrend die <strong>Restaurant-<\/strong><strong class=\"bold color1\">Snack-Pizzeria<\/strong> Sie vom 13. April bis zum 21. September 2024 gerne die regionalen Spezialit\u00e4ten kosten l\u00e4sst. Die Marke bietet auch einen <strong class=\"bold color1\">Fr\u00fchst\u00fccksservice<\/strong> und <strong class=\"bold color1\">Takeaway-Gerichte<\/strong>. Jeden Morgen erwarten Sie frische Br\u00f6tchen und Geb\u00e4ck.<\/p>\n<p>Ein <strong class=\"bold color1\">Spielzimmer f\u00fcr die ganze Familie<\/strong>, ein Billardtisch, einfache Vergn\u00fcgungen wiedergefunden.<\/p>\n<p><strong>Ein WIFI-Zugang<\/strong>, der das ganze Gel\u00e4nde abdeckt, sind dank der Anschlusskarten, die direkt online verkauft werden, zug\u00e4nglich.<\/p>\n<p>Waschraum mit Waschmaschinen ( 5 kg &#8211; 4.50\u20ac -10 kg : 6 \u20ac ) und Trocknern (4.00\u20ac) mit Ihrem Wechselgeld befindet sich neben dem Sanit\u00e4rblock A (gegen\u00fcber dem Wasserbereich). Sie brauchen keine M\u00fcnze. Sie k\u00f6nnen dort Ihr eigenes fl\u00fcssiges oder pulverf\u00f6rmiges Maschinenwaschmittel aufbewahren, eine Waschmitteldosis (1 \u20ac) oder ein Fass im Lebensmittelgesch\u00e4ft kaufen. Ein B\u00fcgeleisen steht Ihnen an der Rezeption zur Verf\u00fcgung.<\/p>\n<\/div><\/div><div class=\"element colonne p-0\"><div class=\"element images\"><div class=\"image\"><img decoding=\"async\" src=\"https:\/\/www.uronea.com\/wp-content\/uploads\/2020\/12\/bar-restaurant-bidart-100x58.jpg\" data-src=\"https:\/\/www.uronea.com\/wp-content\/uploads\/2020\/12\/bar-restaurant-bidart.jpg\" alt=\"salle jeux bidart\" class=\"images_image\" \/><\/div><\/div><\/div><\/div><\/div><\/section>\n\n<section id=\"section-5fa3d2ec70a03\"\" class=\"section bg-white p-t-0 p-b-0\" \/><div class=\"container  full\"><div class=\"accordeon\"><div class=\"slide \"><div class=\"slide_image\"><img decoding=\"async\" src=\"https:\/\/www.uronea.com\/wp-content\/uploads\/2026\/03\/TERRASSE-RESTAURANT-URONEA-CONVIVIALITE-BIDART-BIARRITZ-PAYS-BASQUE-100x45.jpg\" data-src=\"https:\/\/www.uronea.com\/wp-content\/uploads\/2026\/03\/TERRASSE-RESTAURANT-URONEA-CONVIVIALITE-BIDART-BIARRITZ-PAYS-BASQUE-scaled.jpg\" alt=\"\" class=\"\" \/><\/div><\/div><div class=\"slide \"><div class=\"slide_image\"><img decoding=\"async\" src=\"https:\/\/www.uronea.com\/wp-content\/uploads\/2020\/12\/glace-camping-100x77.jpg\" data-src=\"https:\/\/www.uronea.com\/wp-content\/uploads\/2020\/12\/glace-camping.jpg\" alt=\"glace camping\" class=\"\" \/><\/div><\/div><div class=\"slide \"><div class=\"slide_image\"><img decoding=\"async\" src=\"https:\/\/www.uronea.com\/wp-content\/uploads\/2020\/12\/sangria-basque-100x77.jpg\" data-src=\"https:\/\/www.uronea.com\/wp-content\/uploads\/2020\/12\/sangria-basque.jpg\" alt=\"sangria basque\" class=\"\" \/><\/div><\/div><div class=\"slide \"><div class=\"slide_image\"><img decoding=\"async\" src=\"https:\/\/www.uronea.com\/wp-content\/uploads\/2020\/12\/paella-basque-100x77.jpg\" data-src=\"https:\/\/www.uronea.com\/wp-content\/uploads\/2020\/12\/paella-basque.jpg\" alt=\"paella basque\" class=\"\" \/><\/div><\/div><\/div><\/div><\/section>\n\n<section id=\"section-second\"\" class=\"section bg-color3 p-t-0 p-b-0\" \/><div class=\"container  full\"><div class=\"colonnes-wrap valign-middle \"><div class=\"element colonne p-0\"><div class=\"element images\"><div class=\"image\"><img decoding=\"async\" src=\"https:\/\/www.uronea.com\/wp-content\/uploads\/2026\/03\/SANITAIRES-MODERNES-CABINES-DUO-FAMILIALES-UR-ONEA-BIDART-BIARRITZ-PAYS-BASQUE-scaled-e1772717463226-1-84x100.jpg\" data-src=\"https:\/\/www.uronea.com\/wp-content\/uploads\/2026\/03\/SANITAIRES-MODERNES-CABINES-DUO-FAMILIALES-UR-ONEA-BIDART-BIARRITZ-PAYS-BASQUE-scaled-e1772717463226-1.jpg\" alt=\"sanitaire camping uronea\" class=\"images_image\" \/><\/div><\/div><\/div><div class=\"element colonne p-x-10 p-y-4\"><div class=\"element bloc-text justify \">\n\t<p><strong class=\"bold color1\">Waschraum<\/strong> in jedem Sanit\u00e4rgeb\u00e4ude mit Waschmaschine (4,50\u20ac) und Trockner (4,00\u20ac) mit Wechselgeld. Ein <strong class=\"bold color1\">B\u00fcgeleisen<\/strong> steht Ihnen an der Rezeption zur Verf\u00fcgung.<br \/>\nLeihger\u00e4te an der Rezeption :<\/p>\n<ul>\n<li><strong class=\"bold color1\">Tresore<\/strong>(2\u20ac\/Tag)<\/li>\n<li><strong class=\"bold color1\">Fernsehen<\/strong> (5\u20ac\/Tag oder 35\u20ac\/Woche)<\/li>\n<li><strong class=\"bold color1\">Einwegbl\u00e4tter<\/strong> (16 \u20ac die Bl\u00e4tter 160 oder 140 und 12 \u20ac die Bl\u00e4tter 90)<\/li>\n<li><strong class=\"bold color1\">K\u00fchlschr\u00e4nke<\/strong> (5 \u20ac\/Tag- keine Abholung am Samstagmorgen)<\/li>\n<\/ul>\n<p>Denken Sie daran, sie zu reservieren. <\/p>\n<p>Bleiben Sie unbesorgt, mit Ruhe.<\/p>\n<p>Mit den <strong class=\"bold color1\">kostenlosen Shuttles<\/strong> k\u00f6nnen Sie ins Zentrum von Bidart oder im Sommer zu den Str\u00e4nden fahren. Zu Fu\u00df brauchen Sie daf\u00fcr nur 15 Minuten. Verschiedene lokale Gesch\u00e4fte erwarten Sie: B\u00e4ckerei, Metzgerei, Tabakpresse, Souvenirl\u00e4den, Apotheke und \u00c4rzte. Der n\u00e4chstgelegene <strong class=\"bold color1\">Supermarkt<\/strong> ist 2,50 km entfernt. <\/p>\n<\/div><\/div><\/div><\/div><\/section>\n\n<section id=\"section-cta-bottom\"\" class=\"section bg-white\" \/><div class=\"container  extralarge\"><div class=\"element section-title center title-cta\">Finden Sie unsere Entspannungsbereiche<\/div><ul class=\"liste-de-page\"><li class=\"element call-to-action carre call-to-action--style-1 call-to-action--normal\"><a href=\"https:\/\/www.uronea.com\/de\/familiencampingplatz-baskenland\/\"  class=\"call-to-action_link\" title=\"Erfahren Sie mehr \u00fcber unsere animationen\"><div class=\"call-to-action_image\"><img decoding=\"async\" src=\"https:\/\/www.uronea.com\/wp-content\/uploads\/2020\/12\/animations-pays-basque-77x100.jpg\" data-src=\"https:\/\/www.uronea.com\/wp-content\/uploads\/2020\/12\/animations-pays-basque.jpg\" alt=\"animations pays-basque\" class=\"normal\" \/><\/div><div class=\"call-to-action_contenu\"><div class=\"call-to-action_titre\">Unsere Animationen<\/div><\/div><\/a><\/li><li class=\"element call-to-action  call-to-action--style-1 call-to-action--normal\"><a href=\"https:\/\/www.uronea.com\/de\/camping-am-meer-bidart\/\"  class=\"call-to-action_link\" title=\"Erfahren Sie mehr \u00fcber seaside\"><div class=\"call-to-action_image\"><img decoding=\"async\" src=\"https:\/\/www.uronea.com\/wp-content\/uploads\/2020\/11\/plage-bidart-1-100x95.jpg\" data-src=\"https:\/\/www.uronea.com\/wp-content\/uploads\/2020\/11\/plage-bidart-1.jpg\" alt=\"plage bidart\" class=\"normal\" \/><\/div><div class=\"call-to-action_contenu\"><div class=\"call-to-action_titre\">Seaside<\/div><\/div><\/a><\/li><li class=\"element call-to-action  call-to-action--style-1 call-to-action--normal\"><a href=\"https:\/\/www.uronea.com\/de\/camping-pool-bidart\/\"  class=\"call-to-action_link\" title=\"Erfahren Sie mehr \u00fcber der aquatische bereich\"><div class=\"call-to-action_image\"><img decoding=\"async\" src=\"https:\/\/www.uronea.com\/wp-content\/uploads\/2020\/10\/piscine-basque-100x87.jpg\" data-src=\"https:\/\/www.uronea.com\/wp-content\/uploads\/2020\/10\/piscine-basque.jpg\" alt=\"piscine basque\" class=\"normal\" \/><\/div><div class=\"call-to-action_contenu\"><div class=\"call-to-action_titre\">Der aquatische Bereich<\/div><\/div><\/a><\/li><\/ul><\/div><\/section>","protected":false},"excerpt":{"rendered":"","protected":false},"author":1,"featured_media":7110,"parent":0,"menu_order":0,"comment_status":"closed","ping_status":"closed","template":"","meta":{"_acf_changed":false,"footnotes":""},"class_list":["post-8136","page","type-page","status-publish","has-post-thumbnail","hentry"],"acf":[],"yoast_head":"<!-- This site is optimized with the Yoast SEO plugin v25.3 - https:\/\/yoast.com\/wordpress\/plugins\/seo\/ -->\n<title>3-Sterne-Leistungen | Unsere 3-Sterne-Leistungen in Bidart (64)<\/title>\n<meta name=\"description\" content=\"Entdecken Sie alle 3-Sterne-Leistungen des Campingplatzes Pays Basque in Bidart\" \/>\n<meta name=\"robots\" content=\"index, follow, max-snippet:-1, max-image-preview:large, max-video-preview:-1\" \/>\n<link rel=\"canonical\" href=\"https:\/\/www.uronea.com\/de\/dienstleistungen-camping-pays-basque\/\" \/>\n<meta property=\"og:locale\" content=\"de_DE\" \/>\n<meta property=\"og:type\" content=\"article\" \/>\n<meta property=\"og:title\" content=\"3-Sterne-Leistungen | Unsere 3-Sterne-Leistungen in Bidart (64)\" \/>\n<meta property=\"og:description\" content=\"Entdecken Sie alle 3-Sterne-Leistungen des Campingplatzes Pays Basque in Bidart\" \/>\n<meta property=\"og:url\" content=\"https:\/\/www.uronea.com\/de\/dienstleistungen-camping-pays-basque\/\" \/>\n<meta property=\"og:site_name\" content=\"Camping Ur-Onea\" \/>\n<meta property=\"article:modified_time\" content=\"2026-03-05T13:35:09+00:00\" \/>\n<meta property=\"og:image\" content=\"https:\/\/www.uronea.com\/wp-content\/uploads\/2020\/11\/services-animations-bidart.jpg\" \/>\n\t<meta property=\"og:image:width\" content=\"1903\" \/>\n\t<meta property=\"og:image:height\" content=\"450\" \/>\n\t<meta property=\"og:image:type\" content=\"image\/jpeg\" \/>\n<meta name=\"twitter:card\" content=\"summary_large_image\" \/>\n<meta name=\"twitter:label1\" content=\"Gesch\u00e4tzte Lesezeit\" \/>\n\t<meta name=\"twitter:data1\" content=\"1\u00a0Minute\" \/>\n<script type=\"application\/ld+json\" class=\"yoast-schema-graph\">{\"@context\":\"https:\/\/schema.org\",\"@graph\":[{\"@type\":\"WebPage\",\"@id\":\"https:\/\/www.uronea.com\/de\/dienstleistungen-camping-pays-basque\/\",\"url\":\"https:\/\/www.uronea.com\/de\/dienstleistungen-camping-pays-basque\/\",\"name\":\"3-Sterne-Leistungen | Unsere 3-Sterne-Leistungen in Bidart (64)\",\"isPartOf\":{\"@id\":\"https:\/\/www.uronea.com\/de\/#website\"},\"primaryImageOfPage\":{\"@id\":\"https:\/\/www.uronea.com\/de\/dienstleistungen-camping-pays-basque\/#primaryimage\"},\"image\":{\"@id\":\"https:\/\/www.uronea.com\/de\/dienstleistungen-camping-pays-basque\/#primaryimage\"},\"thumbnailUrl\":\"https:\/\/www.uronea.com\/wp-content\/uploads\/2020\/11\/services-animations-bidart.jpg\",\"datePublished\":\"2014-10-01T07:44:44+00:00\",\"dateModified\":\"2026-03-05T13:35:09+00:00\",\"description\":\"Entdecken Sie alle 3-Sterne-Leistungen des Campingplatzes Pays Basque in Bidart\",\"breadcrumb\":{\"@id\":\"https:\/\/www.uronea.com\/de\/dienstleistungen-camping-pays-basque\/#breadcrumb\"},\"inLanguage\":\"de\",\"potentialAction\":[{\"@type\":\"ReadAction\",\"target\":[\"https:\/\/www.uronea.com\/de\/dienstleistungen-camping-pays-basque\/\"]}]},{\"@type\":\"ImageObject\",\"inLanguage\":\"de\",\"@id\":\"https:\/\/www.uronea.com\/de\/dienstleistungen-camping-pays-basque\/#primaryimage\",\"url\":\"https:\/\/www.uronea.com\/wp-content\/uploads\/2020\/11\/services-animations-bidart.jpg\",\"contentUrl\":\"https:\/\/www.uronea.com\/wp-content\/uploads\/2020\/11\/services-animations-bidart.jpg\",\"width\":1903,\"height\":450,\"caption\":\"services animations bidart\"},{\"@type\":\"BreadcrumbList\",\"@id\":\"https:\/\/www.uronea.com\/de\/dienstleistungen-camping-pays-basque\/#breadcrumb\",\"itemListElement\":[{\"@type\":\"ListItem\",\"position\":1,\"name\":\"Campingplatz Bidart\",\"item\":\"https:\/\/www.uronea.com\/de\/\"},{\"@type\":\"ListItem\",\"position\":2,\"name\":\"Unsere Dienstleistungen im Bereich Camping\"}]},{\"@type\":\"WebSite\",\"@id\":\"https:\/\/www.uronea.com\/de\/#website\",\"url\":\"https:\/\/www.uronea.com\/de\/\",\"name\":\"Camping Ur-Onea\",\"description\":\"\",\"potentialAction\":[{\"@type\":\"SearchAction\",\"target\":{\"@type\":\"EntryPoint\",\"urlTemplate\":\"https:\/\/www.uronea.com\/de\/?s={search_term_string}\"},\"query-input\":{\"@type\":\"PropertyValueSpecification\",\"valueRequired\":true,\"valueName\":\"search_term_string\"}}],\"inLanguage\":\"de\"}]}<\/script>\n<!-- \/ Yoast SEO plugin. -->","yoast_head_json":{"title":"3-Sterne-Leistungen | Unsere 3-Sterne-Leistungen in Bidart (64)","description":"Entdecken Sie alle 3-Sterne-Leistungen des Campingplatzes Pays Basque in Bidart","robots":{"index":"index","follow":"follow","max-snippet":"max-snippet:-1","max-image-preview":"max-image-preview:large","max-video-preview":"max-video-preview:-1"},"canonical":"https:\/\/www.uronea.com\/de\/dienstleistungen-camping-pays-basque\/","og_locale":"de_DE","og_type":"article","og_title":"3-Sterne-Leistungen | Unsere 3-Sterne-Leistungen in Bidart (64)","og_description":"Entdecken Sie alle 3-Sterne-Leistungen des Campingplatzes Pays Basque in Bidart","og_url":"https:\/\/www.uronea.com\/de\/dienstleistungen-camping-pays-basque\/","og_site_name":"Camping Ur-Onea","article_modified_time":"2026-03-05T13:35:09+00:00","og_image":[{"width":1903,"height":450,"url":"https:\/\/www.uronea.com\/wp-content\/uploads\/2020\/11\/services-animations-bidart.jpg","type":"image\/jpeg"}],"twitter_card":"summary_large_image","twitter_misc":{"Gesch\u00e4tzte Lesezeit":"1\u00a0Minute"},"schema":{"@context":"https:\/\/schema.org","@graph":[{"@type":"WebPage","@id":"https:\/\/www.uronea.com\/de\/dienstleistungen-camping-pays-basque\/","url":"https:\/\/www.uronea.com\/de\/dienstleistungen-camping-pays-basque\/","name":"3-Sterne-Leistungen | Unsere 3-Sterne-Leistungen in Bidart (64)","isPartOf":{"@id":"https:\/\/www.uronea.com\/de\/#website"},"primaryImageOfPage":{"@id":"https:\/\/www.uronea.com\/de\/dienstleistungen-camping-pays-basque\/#primaryimage"},"image":{"@id":"https:\/\/www.uronea.com\/de\/dienstleistungen-camping-pays-basque\/#primaryimage"},"thumbnailUrl":"https:\/\/www.uronea.com\/wp-content\/uploads\/2020\/11\/services-animations-bidart.jpg","datePublished":"2014-10-01T07:44:44+00:00","dateModified":"2026-03-05T13:35:09+00:00","description":"Entdecken Sie alle 3-Sterne-Leistungen des Campingplatzes Pays Basque in Bidart","breadcrumb":{"@id":"https:\/\/www.uronea.com\/de\/dienstleistungen-camping-pays-basque\/#breadcrumb"},"inLanguage":"de","potentialAction":[{"@type":"ReadAction","target":["https:\/\/www.uronea.com\/de\/dienstleistungen-camping-pays-basque\/"]}]},{"@type":"ImageObject","inLanguage":"de","@id":"https:\/\/www.uronea.com\/de\/dienstleistungen-camping-pays-basque\/#primaryimage","url":"https:\/\/www.uronea.com\/wp-content\/uploads\/2020\/11\/services-animations-bidart.jpg","contentUrl":"https:\/\/www.uronea.com\/wp-content\/uploads\/2020\/11\/services-animations-bidart.jpg","width":1903,"height":450,"caption":"services animations bidart"},{"@type":"BreadcrumbList","@id":"https:\/\/www.uronea.com\/de\/dienstleistungen-camping-pays-basque\/#breadcrumb","itemListElement":[{"@type":"ListItem","position":1,"name":"Campingplatz Bidart","item":"https:\/\/www.uronea.com\/de\/"},{"@type":"ListItem","position":2,"name":"Unsere Dienstleistungen im Bereich Camping"}]},{"@type":"WebSite","@id":"https:\/\/www.uronea.com\/de\/#website","url":"https:\/\/www.uronea.com\/de\/","name":"Camping Ur-Onea","description":"","potentialAction":[{"@type":"SearchAction","target":{"@type":"EntryPoint","urlTemplate":"https:\/\/www.uronea.com\/de\/?s={search_term_string}"},"query-input":{"@type":"PropertyValueSpecification","valueRequired":true,"valueName":"search_term_string"}}],"inLanguage":"de"}]}},"_links":{"self":[{"href":"https:\/\/www.uronea.com\/de\/wp-json\/wp\/v2\/pages\/8136"}],"collection":[{"href":"https:\/\/www.uronea.com\/de\/wp-json\/wp\/v2\/pages"}],"about":[{"href":"https:\/\/www.uronea.com\/de\/wp-json\/wp\/v2\/types\/page"}],"author":[{"embeddable":true,"href":"https:\/\/www.uronea.com\/de\/wp-json\/wp\/v2\/users\/1"}],"replies":[{"embeddable":true,"href":"https:\/\/www.uronea.com\/de\/wp-json\/wp\/v2\/comments?post=8136"}],"version-history":[{"count":12,"href":"https:\/\/www.uronea.com\/de\/wp-json\/wp\/v2\/pages\/8136\/revisions"}],"predecessor-version":[{"id":11600,"href":"https:\/\/www.uronea.com\/de\/wp-json\/wp\/v2\/pages\/8136\/revisions\/11600"}],"wp:featuredmedia":[{"embeddable":true,"href":"https:\/\/www.uronea.com\/de\/wp-json\/wp\/v2\/media\/7110"}],"wp:attachment":[{"href":"https:\/\/www.uronea.com\/de\/wp-json\/wp\/v2\/media?parent=8136"}],"curies":[{"name":"wp","href":"https:\/\/api.w.org\/{rel}","templated":true}]}}