{"id":8118,"date":"2016-11-15T13:11:18","date_gmt":"2016-11-15T12:11:18","guid":{"rendered":"https:\/\/www.uronea.com\/camping-pas-cher-bidart\/"},"modified":"2026-03-03T09:57:24","modified_gmt":"2026-03-03T08:57:24","slug":"billig-camping-bidart","status":"publish","type":"page","link":"https:\/\/www.uronea.com\/de\/billig-camping-bidart\/","title":{"rendered":"H\u00e9bergements : Tarifs"},"content":{"rendered":"<section id=\"section-5f896adf721ef\"\" class=\"section bg-white p-b-0\" \/><div class=\"container  extralarge\"><h1 class=\"element section-title center\">G\u00fcnstiger Campingplatz in Bidart<\/h1><div class=\"element bloc-text center \">\n\t<p>Genie\u00dfen Sie am Tor zu den Pyr\u00e9n\u00e9es-Atlantiques jeden Moment Ihres Urlaubs und schwingen Sie im Rhythmus des <strong class=\"bold color1\">Seidendorfes<\/strong> des Baskenlandes. Zwischen der Atlantikk\u00fcste und den Pyren\u00e4en gelegen, verbindet sie auf wunderbare Weise Landschaft und Meer. Umgeben vom <strong class=\"bold color1\">Naturerbe<\/strong> und der einzigartigen <strong class=\"bold color1\">architektonischen Landschaft<\/strong>, ist die Region ber\u00fchmt f\u00fcr ihre <strong class=\"bold color1\">ber\u00fchmten baskischen Berge<\/strong> und ihre idyllischen <strong class=\"bold color1\">Touristenorte<\/strong>, die seit Jahrzehnten immer noch die Beliebtheit des Ortes widerspiegeln.<\/p>\n<p>Nur ein paar Minuten von dieser Stadt entfernt, entdecken Sie den Campingplatz Pays Basque Ur-Onea***. Wir empfangen Sie mit offenen Armen in einer <strong class=\"bold color1\">warmen<\/strong> und freundlichen Umgebung am Meer der baskischen K\u00fcste. Mit einem Aufenthalt auf unserem Campingplatz versprechen wir unseren G\u00e4sten einen unvergesslichen Aufenthalt mit hochwertigen Dienstleistungen. Und das alles zu einem erm\u00e4\u00dfigten Preis, der Ihrem Urlaubsbudget zweifellos entgegenkommt.<\/p>\n<\/div><\/div><\/section>\n\n<section id=\"section-5f896adf7248c\"\" class=\"section bg-white p-t-0 p-b-0\" \/><div class=\"container  extralarge\"><div class=\"colonnes-wrap valign-top \"><div class=\"element colonne w-70\"><div class=\"element bloc-text justify \">\n\t<p><script>\n    window.ctoutvert = {\n        id: 3954,\n        lang: 'nl',\n        url: 'https:\/\/bookingpremium.secureholiday.net\/widgets\/', \n    };\n    (function (w, d, s, ctv, r, js, fjs) {\n        r=new XMLHttpRequest();r.open('GET',w[ctv].url+'js\/src.json');\n        r.responseType='json';r.json=true;r.send();\n        r.onload=function(){w[ctv].src=r.responseType=='json'?r.response:JSON.parse(r.response);\n        js.src=w[ctv].src[0];fjs.parentNode.insertBefore(js, fjs);}\n        js=d.createElement(s),fjs=d.getElementsByTagName(s)[0];\n        js.id='ctvwidget';js.async=1;\n    }(window, document, 'script', 'ctoutvert'));\n<\/script><br \/>\n<ctv-availability ><\/ctv-availability><\/p>\n<\/div><\/div><div class=\"element colonne w-40\"><div class=\"element bloc-text justify \">\n\t<p><ctv-offers data-only-with-stock='false' ><\/ctv-offers><\/p>\n<\/div><\/div><\/div><\/div><\/section>\n\n<section id=\"section-5f896adf7281f\"\" class=\"section bg-color3 p-t-0 p-b-0\" \/><div class=\"container  full\"><div class=\"colonnes-wrap valign-middle \"><div class=\"element colonne p-x-10 p-y-4\"><h2 class=\"element section-title left\">G\u00fcnstige Wohnmobilvermietung Bidart<\/h2><div class=\"element bloc-text justify \">\n\t<p>Jeder tr\u00e4umt davon, einen unvergesslichen, preiswerten Urlaub in einer au\u00dfergew\u00f6hnlichen, <strong class=\"bold color1\">geschichtstr\u00e4chtigen<\/strong> Region wie dem Baskenland zu verbringen. Nur 5 km s\u00fcdwestlich der Gro\u00dfstadt Biarritz gelegen, verspricht Ihnen der <a href=\"\/de\/\">Camping Ur-Onea***<\/a> einen unvergesslichen Urlaub. Um Sie in einem <strong class=\"bold color1\">komfortablen Raum<\/strong> unterzubringen, bieten wir eine gro\u00dfe Auswahl an Mietunterk\u00fcnften zu einem <strong class=\"bold color1\">sehr g\u00fcnstigen Preis<\/strong>. Egal, ob Sie sich f\u00fcr ein Mietmobilheim oder ein Chalet entscheiden, wir garantieren Ihnen einen absolut exotischen Aufenthalt inmitten einer ausgezeichneten nat\u00fcrlichen Umgebung. Ger\u00e4umig, unsere Unterk\u00fcnfte k\u00f6nnen 4 bis 6 Personen beherbergen.<\/p>\n<p>Wenn Sie auf der Suche nach einem g\u00fcnstigen Mobilheim im Baskenland f\u00fcr eine gro\u00dfe Familie sind, bieten wir Ihnen mit dem <strong class=\"bold color1\">&#8220; Mobil-home Marina Grand Confort&#8220;<\/strong> eine hochwertige Unterkunft. Dieses perfekt ausgestattete Modell zeichnet sich durch das <strong class=\"bold color1\">gut gestaltete Wohnmobil aus<\/strong>, das es zeigt. Auf einer Fl\u00e4che von 38 m\u00b2 stehen Ihnen drei separate Schlafzimmer (f\u00fcr bis zu 6 Personen), eine Einbauk\u00fcche, ein Badezimmer, ein separates WC und eine moderne Heizung zur Verf\u00fcgung. Verbessern Sie Ihren Aufenthalt, indem Sie Momente der Entspannung auf der gro\u00dfen Terrasse genie\u00dfen. <strong class=\"bold color1\">Harmonie und Geselligkeit<\/strong> sind die Schl\u00fcsselw\u00f6rter, die Sie durch Ihren Urlaub schaukeln werden.<\/p>\n<\/div><\/div><div class=\"element colonne p-0\"><div class=\"element images\"><div class=\"image\"><img decoding=\"async\" src=\"https:\/\/www.uronea.com\/wp-content\/uploads\/2020\/11\/offres-couple-pays-basque-100x87.jpg\" data-src=\"https:\/\/www.uronea.com\/wp-content\/uploads\/2020\/11\/offres-couple-pays-basque.jpg\" alt=\"offres couple pays-basque\" class=\"images_image\" \/><\/div><\/div><\/div><\/div><\/div><\/section>\n\n<section id=\"section-5fa3cfdca96c5\"\" class=\"section bg-white p-t-0 p-b-0\" \/><div class=\"container  full\"><div class=\"accordeon\"><div class=\"slide \"><div class=\"slide_image\"><img decoding=\"async\" src=\"https:\/\/www.uronea.com\/wp-content\/uploads\/2020\/12\/location-mobil-home-pays-basque-100x77.jpg\" data-src=\"https:\/\/www.uronea.com\/wp-content\/uploads\/2020\/12\/location-mobil-home-pays-basque.jpg\" alt=\"location mobil-home pays-basque\" class=\"\" \/><\/div><\/div><div class=\"slide \"><div class=\"slide_image\"><img decoding=\"async\" src=\"https:\/\/www.uronea.com\/wp-content\/uploads\/2020\/12\/allee-mobil-home-pays-basque-100x77.jpg\" data-src=\"https:\/\/www.uronea.com\/wp-content\/uploads\/2020\/12\/allee-mobil-home-pays-basque.jpg\" alt=\"all\u00e9e mobil-home pays-basque\" class=\"\" \/><\/div><\/div><div class=\"slide \"><div class=\"slide_image\"><img decoding=\"async\" src=\"https:\/\/www.uronea.com\/wp-content\/uploads\/2020\/12\/louer-mobil-home-pays-basque-100x77.jpg\" data-src=\"https:\/\/www.uronea.com\/wp-content\/uploads\/2020\/12\/louer-mobil-home-pays-basque.jpg\" alt=\"louer mobil-home pays-basque\" class=\"\" \/><\/div><\/div><div class=\"slide \"><div class=\"slide_image\"><img decoding=\"async\" src=\"https:\/\/www.uronea.com\/wp-content\/uploads\/2020\/11\/location-famille-pays-basque-100x77.jpg\" data-src=\"https:\/\/www.uronea.com\/wp-content\/uploads\/2020\/11\/location-famille-pays-basque.jpg\" alt=\"location famille pays-basque\" class=\"\" \/><\/div><\/div><\/div><\/div><\/section>\n\n<section id=\"section-5f896864c0e1a\"\" class=\"section bg-white p-t-0 p-b-0\" \/><div class=\"container  full\"><div class=\"colonnes-wrap valign-middle \"><div class=\"element colonne p-0\"><div class=\"element images\"><div class=\"image\"><img decoding=\"async\" src=\"https:\/\/www.uronea.com\/wp-content\/uploads\/2020\/11\/location-chalet-pas-cher-pays-basque-1-100x74.jpg\" data-src=\"https:\/\/www.uronea.com\/wp-content\/uploads\/2020\/11\/location-chalet-pas-cher-pays-basque-1.jpg\" alt=\"location chalet pas cher pays-basque\" class=\"images_image\" \/><\/div><\/div><\/div><div class=\"element colonne p-x-10 p-y-4\"><div class=\"element bloc-text justify \">\n\t<p>Sie m\u00f6gen eher die <strong class=\"bold color1\">warme Atmosph\u00e4re<\/strong> eines Chalets? Unser <strong class=\"bold color1\">Chalet-Traum<\/strong>, der zu einem niedrigen Preis angeboten wird, empf\u00e4ngt Sie in einer freundlichen und gr\u00fcnen Umgebung. Von Ihrer Terrasse aus k\u00f6nnen Sie einen herrlichen Blick auf die Umgebung genie\u00dfen. F\u00fcr Ihren Komfort hat unser Mietchalet zwei anmutige Schlafzimmer, eine K\u00fcche und ein Duschbad mit eigenem WC. Das Ganze hat einen <strong class=\"bold color1\">optimalen Komfort<\/strong>, um Ihnen einen <strong class=\"bold color1\">erholsamen Aufenthalt<\/strong> in einer ruhigen Gegend zu bieten.<\/p>\n<p>Paare werden mit einem Aufenthalt in unserem Haus am zufriedensten sein, denn wir haben erm\u00e4\u00dfigte Mietobjekte, die speziell f\u00fcr einen romantischen Aufenthalt gedacht sind. Peppen Sie Ihren Urlaub auf, indem Sie eines unserer Chalets oder Mobilheime w\u00e4hlen. Bei einem 24 m\u00b2 oder 26 m\u00b2 gro\u00dfen Modell haben Sie einen gro\u00dfen Schlafraum, ein Badezimmer mit eigener Toilette, eine voll ausgestattete K\u00fcche und eine sch\u00f6ne Terrasse, auf der Sie Ihre <strong class=\"bold color1\">Momente der Intimit\u00e4t<\/strong> genie\u00dfen k\u00f6nnen.<\/p>\n<\/div><\/div><\/div><\/div><\/section>\n\n<section id=\"section-5f896adf72d6a\"\" class=\"section bg-color3\" \/><div class=\"container  extralarge\"><h2 class=\"element section-title center\">G\u00fcnstiger Campingplatz mit Schwimmbad in Bidart<\/h2><div class=\"element bloc-text center \">\n\t<p>Im Herzen der baskischen K\u00fcste, in der Region Bidart, begr\u00fc\u00dfen wir unsere Urlauber mit Freude in der <strong class=\"bold color1\">gro\u00dfen spielerischen Wasserfl\u00e4che<\/strong> unseres Campingplatzes. Ein Traumurlaub mit den F\u00fc\u00dfen im Wasser ist ein Luxus, den sich jeder leisten kann. Im Freilufthotel Ur-Onea*** bieten wir Ihnen einen unvergesslichen Aufenthalt zu einem Preis, den Sie sich leisten k\u00f6nnen. Daf\u00fcr gibt es ein gro\u00dfes, 150 m\u00b2 gro\u00dfes, \u00fcberdachtes und auf 28\u00b0C beheiztes Schwimmbad, ausgestattet mit einem Whirlpoolbereich mit Sprudelb\u00e4dern, Jacuzzis und einem Planschbecken f\u00fcr die Kleinen.<\/p>\n<p>Wenn Sie es vorziehen, das <strong class=\"bold color1\">Sonnenbad<\/strong> zu genie\u00dfen, haben wir auch einen Au\u00dfenpool mit einer angenehmen Temperatur von 25\u00b0C, der von Mai bis September ge\u00f6ffnet ist. Jung und Alt, Sie werden Momente des reinen Vergn\u00fcgens genie\u00dfen, w\u00e4hrend Sie die verschiedenen <strong class=\"bold color1\">Spielbereiche nutzen<\/strong> : Lagune, Fluss gegen die Str\u00f6mung, Schwanenhals&#8230; Unser Hallenbad ist von April bis September ge\u00f6ffnet. Wir empfehlen Ihnen auch, unseren <strong class=\"bold color1\">Wellness-Bereich<\/strong> Ludi&#8217;Spa zu besuchen, um Momente der Entspannung und Ruhe zu genie\u00dfen.<\/p>\n<p>F\u00fcr etwas Lachen und Spa\u00df, gehen Sie zu den Wasserspielpl\u00e4tzen an den weiten Str\u00e4nden von Bidart, wo Sie die <strong class=\"bold color1\">Ablenkung<\/strong> und <strong class=\"bold color1\">Ablenkung<\/strong> finden. Wenn Sie sich zum Br\u00e4unen verleiten lassen, stehen die Liegest\u00fchle f\u00fcr Sie bereit.<\/p>\n<p>Bei einem Aufenthalt auf unserem <strong class=\"bold color1\">pr\u00e4mierten Campingplatz<\/strong> profitieren Sie au\u00dferdem von weiteren lustigen Aktivit\u00e4ten (Spielzimmer, Billard&#8230;), einer WIFI-Abdeckung und einem W\u00e4scheservice. Wenn Sie einen kleinen Hunger versp\u00fcren oder Ihren Durst stillen wollen, \u00f6ffnen unser Lebensmittelgesch\u00e4ft, die Bar und die Snack-Pizzeria ihre T\u00fcren f\u00fcr Sie.<\/p>\n<\/div><\/div><\/section>\n\n<section id=\"section-cta-bottom\"\" class=\"section bg-white\" \/><div class=\"container  extralarge\"><div class=\"element section-title center title-cta\">Mieten Sie unsere Unterkunft in Bidart<\/div><ul class=\"liste-de-page\"><li class=\"element call-to-action carre call-to-action--style-1 call-to-action--normal\"><a href=\"https:\/\/www.uronea.com\/de\/vermietung-chalet-bidart\/\"  class=\"call-to-action_link\" title=\"Erfahren Sie mehr \u00fcber unsere ferienh\u00e4user\"><div class=\"call-to-action_image\"><img decoding=\"async\" src=\"https:\/\/www.uronea.com\/wp-content\/uploads\/2020\/11\/chalet-bidart-77x100.jpg\" data-src=\"https:\/\/www.uronea.com\/wp-content\/uploads\/2020\/11\/chalet-bidart.jpg\" alt=\"chalet bidart\" class=\"normal\" \/><\/div><div class=\"call-to-action_contenu\"><div class=\"call-to-action_titre\">Unsere Ferienh\u00e4user<\/div><\/div><\/a><\/li><li class=\"element call-to-action  call-to-action--style-1 call-to-action--normal\"><a href=\"https:\/\/www.uronea.com\/de\/stellplatze-mieten-bidart\/\"  class=\"call-to-action_link\" title=\"Erfahren Sie mehr \u00fcber unsere standorte\"><div class=\"call-to-action_image\"><img decoding=\"async\" src=\"https:\/\/www.uronea.com\/wp-content\/uploads\/2026\/03\/Empl-Confort-Camping-UR-ONEA-Bidart-Pays-Basque-scaled.jpg\" data-src=\"https:\/\/www.uronea.com\/wp-content\/uploads\/2026\/03\/Empl-Confort-Camping-UR-ONEA-Bidart-Pays-Basque-scaled.jpg\" alt=\"\" class=\"normal\" \/><\/div><div class=\"call-to-action_contenu\"><div class=\"call-to-action_titre\">Unsere Standorte<\/div><\/div><\/a><\/li><li class=\"element call-to-action  call-to-action--style-1 call-to-action--normal\"><a href=\"https:\/\/www.uronea.com\/de\/wohnmobilvermietung-bidart\/\"  class=\"call-to-action_link\" title=\"Erfahren Sie mehr \u00fcber unsere mobilheime\"><div class=\"call-to-action_image\"><img decoding=\"async\" src=\"https:\/\/www.uronea.com\/wp-content\/uploads\/2026\/03\/MARINA-VU-IRIS-160224-SH.jpg\" data-src=\"https:\/\/www.uronea.com\/wp-content\/uploads\/2026\/03\/MARINA-VU-IRIS-160224-SH.jpg\" alt=\"\" class=\"normal\" \/><\/div><div class=\"call-to-action_contenu\"><div class=\"call-to-action_titre\">Unsere Mobilheime<\/div><\/div><\/a><\/li><\/ul><\/div><\/section>","protected":false},"excerpt":{"rendered":"","protected":false},"author":1,"featured_media":11458,"parent":0,"menu_order":0,"comment_status":"closed","ping_status":"closed","template":"","meta":{"_acf_changed":false,"footnotes":""},"class_list":["post-8118","page","type-page","status-publish","has-post-thumbnail","hentry"],"acf":[],"yoast_head":"<!-- This site is optimized with the Yoast SEO plugin v25.3 - https:\/\/yoast.com\/wordpress\/plugins\/seo\/ -->\n<title>G\u00fcnstige Camping Bidart | Beste Preise Unterkunft Bidart | Tarif Bidart<\/title>\n<meta name=\"description\" content=\"Entdecken Sie unseren g\u00fcnstigen Campingplatz im Baskenland: g\u00fcnstiger Aufenthalt im Baskenland in Bidart, erfahren Sie hier mehr!\" \/>\n<meta name=\"robots\" content=\"index, follow, max-snippet:-1, max-image-preview:large, max-video-preview:-1\" \/>\n<link rel=\"canonical\" href=\"https:\/\/www.uronea.com\/de\/billig-camping-bidart\/\" \/>\n<meta property=\"og:locale\" content=\"de_DE\" \/>\n<meta property=\"og:type\" content=\"article\" \/>\n<meta property=\"og:title\" content=\"G\u00fcnstige Camping Bidart | Beste Preise Unterkunft Bidart | Tarif Bidart\" \/>\n<meta property=\"og:description\" content=\"Entdecken Sie unseren g\u00fcnstigen Campingplatz im Baskenland: g\u00fcnstiger Aufenthalt im Baskenland in Bidart, erfahren Sie hier mehr!\" \/>\n<meta property=\"og:url\" content=\"https:\/\/www.uronea.com\/de\/billig-camping-bidart\/\" \/>\n<meta property=\"og:site_name\" content=\"Camping Ur-Onea\" \/>\n<meta property=\"article:modified_time\" content=\"2026-03-03T08:57:24+00:00\" \/>\n<meta property=\"og:image\" content=\"https:\/\/www.uronea.com\/wp-content\/uploads\/2026\/03\/COTE-BASQUE-URONEA-scaled.jpg\" \/>\n\t<meta property=\"og:image:width\" content=\"1440\" \/>\n\t<meta property=\"og:image:height\" content=\"2560\" \/>\n\t<meta property=\"og:image:type\" content=\"image\/jpeg\" \/>\n<meta name=\"twitter:card\" content=\"summary_large_image\" \/>\n<meta name=\"twitter:label1\" content=\"Gesch\u00e4tzte Lesezeit\" \/>\n\t<meta name=\"twitter:data1\" content=\"1\u00a0Minute\" \/>\n<script type=\"application\/ld+json\" class=\"yoast-schema-graph\">{\"@context\":\"https:\/\/schema.org\",\"@graph\":[{\"@type\":\"WebPage\",\"@id\":\"https:\/\/www.uronea.com\/de\/billig-camping-bidart\/\",\"url\":\"https:\/\/www.uronea.com\/de\/billig-camping-bidart\/\",\"name\":\"G\u00fcnstige Camping Bidart | Beste Preise Unterkunft Bidart | Tarif Bidart\",\"isPartOf\":{\"@id\":\"https:\/\/www.uronea.com\/de\/#website\"},\"primaryImageOfPage\":{\"@id\":\"https:\/\/www.uronea.com\/de\/billig-camping-bidart\/#primaryimage\"},\"image\":{\"@id\":\"https:\/\/www.uronea.com\/de\/billig-camping-bidart\/#primaryimage\"},\"thumbnailUrl\":\"https:\/\/www.uronea.com\/wp-content\/uploads\/2026\/03\/COTE-BASQUE-URONEA-scaled.jpg\",\"datePublished\":\"2016-11-15T12:11:18+00:00\",\"dateModified\":\"2026-03-03T08:57:24+00:00\",\"description\":\"Entdecken Sie unseren g\u00fcnstigen Campingplatz im Baskenland: g\u00fcnstiger Aufenthalt im Baskenland in Bidart, erfahren Sie hier mehr!\",\"breadcrumb\":{\"@id\":\"https:\/\/www.uronea.com\/de\/billig-camping-bidart\/#breadcrumb\"},\"inLanguage\":\"de\",\"potentialAction\":[{\"@type\":\"ReadAction\",\"target\":[\"https:\/\/www.uronea.com\/de\/billig-camping-bidart\/\"]}]},{\"@type\":\"ImageObject\",\"inLanguage\":\"de\",\"@id\":\"https:\/\/www.uronea.com\/de\/billig-camping-bidart\/#primaryimage\",\"url\":\"https:\/\/www.uronea.com\/wp-content\/uploads\/2026\/03\/COTE-BASQUE-URONEA-scaled.jpg\",\"contentUrl\":\"https:\/\/www.uronea.com\/wp-content\/uploads\/2026\/03\/COTE-BASQUE-URONEA-scaled.jpg\",\"width\":1440,\"height\":2560},{\"@type\":\"BreadcrumbList\",\"@id\":\"https:\/\/www.uronea.com\/de\/billig-camping-bidart\/#breadcrumb\",\"itemListElement\":[{\"@type\":\"ListItem\",\"position\":1,\"name\":\"Campingplatz Bidart\",\"item\":\"https:\/\/www.uronea.com\/de\/\"},{\"@type\":\"ListItem\",\"position\":2,\"name\":\"Unsere Mietpreise in Bidart\"}]},{\"@type\":\"WebSite\",\"@id\":\"https:\/\/www.uronea.com\/de\/#website\",\"url\":\"https:\/\/www.uronea.com\/de\/\",\"name\":\"Camping Ur-Onea\",\"description\":\"\",\"potentialAction\":[{\"@type\":\"SearchAction\",\"target\":{\"@type\":\"EntryPoint\",\"urlTemplate\":\"https:\/\/www.uronea.com\/de\/?s={search_term_string}\"},\"query-input\":{\"@type\":\"PropertyValueSpecification\",\"valueRequired\":true,\"valueName\":\"search_term_string\"}}],\"inLanguage\":\"de\"}]}<\/script>\n<!-- \/ Yoast SEO plugin. -->","yoast_head_json":{"title":"G\u00fcnstige Camping Bidart | Beste Preise Unterkunft Bidart | Tarif Bidart","description":"Entdecken Sie unseren g\u00fcnstigen Campingplatz im Baskenland: g\u00fcnstiger Aufenthalt im Baskenland in Bidart, erfahren Sie hier mehr!","robots":{"index":"index","follow":"follow","max-snippet":"max-snippet:-1","max-image-preview":"max-image-preview:large","max-video-preview":"max-video-preview:-1"},"canonical":"https:\/\/www.uronea.com\/de\/billig-camping-bidart\/","og_locale":"de_DE","og_type":"article","og_title":"G\u00fcnstige Camping Bidart | Beste Preise Unterkunft Bidart | Tarif Bidart","og_description":"Entdecken Sie unseren g\u00fcnstigen Campingplatz im Baskenland: g\u00fcnstiger Aufenthalt im Baskenland in Bidart, erfahren Sie hier mehr!","og_url":"https:\/\/www.uronea.com\/de\/billig-camping-bidart\/","og_site_name":"Camping Ur-Onea","article_modified_time":"2026-03-03T08:57:24+00:00","og_image":[{"width":1440,"height":2560,"url":"https:\/\/www.uronea.com\/wp-content\/uploads\/2026\/03\/COTE-BASQUE-URONEA-scaled.jpg","type":"image\/jpeg"}],"twitter_card":"summary_large_image","twitter_misc":{"Gesch\u00e4tzte Lesezeit":"1\u00a0Minute"},"schema":{"@context":"https:\/\/schema.org","@graph":[{"@type":"WebPage","@id":"https:\/\/www.uronea.com\/de\/billig-camping-bidart\/","url":"https:\/\/www.uronea.com\/de\/billig-camping-bidart\/","name":"G\u00fcnstige Camping Bidart | Beste Preise Unterkunft Bidart | Tarif Bidart","isPartOf":{"@id":"https:\/\/www.uronea.com\/de\/#website"},"primaryImageOfPage":{"@id":"https:\/\/www.uronea.com\/de\/billig-camping-bidart\/#primaryimage"},"image":{"@id":"https:\/\/www.uronea.com\/de\/billig-camping-bidart\/#primaryimage"},"thumbnailUrl":"https:\/\/www.uronea.com\/wp-content\/uploads\/2026\/03\/COTE-BASQUE-URONEA-scaled.jpg","datePublished":"2016-11-15T12:11:18+00:00","dateModified":"2026-03-03T08:57:24+00:00","description":"Entdecken Sie unseren g\u00fcnstigen Campingplatz im Baskenland: g\u00fcnstiger Aufenthalt im Baskenland in Bidart, erfahren Sie hier mehr!","breadcrumb":{"@id":"https:\/\/www.uronea.com\/de\/billig-camping-bidart\/#breadcrumb"},"inLanguage":"de","potentialAction":[{"@type":"ReadAction","target":["https:\/\/www.uronea.com\/de\/billig-camping-bidart\/"]}]},{"@type":"ImageObject","inLanguage":"de","@id":"https:\/\/www.uronea.com\/de\/billig-camping-bidart\/#primaryimage","url":"https:\/\/www.uronea.com\/wp-content\/uploads\/2026\/03\/COTE-BASQUE-URONEA-scaled.jpg","contentUrl":"https:\/\/www.uronea.com\/wp-content\/uploads\/2026\/03\/COTE-BASQUE-URONEA-scaled.jpg","width":1440,"height":2560},{"@type":"BreadcrumbList","@id":"https:\/\/www.uronea.com\/de\/billig-camping-bidart\/#breadcrumb","itemListElement":[{"@type":"ListItem","position":1,"name":"Campingplatz Bidart","item":"https:\/\/www.uronea.com\/de\/"},{"@type":"ListItem","position":2,"name":"Unsere Mietpreise in Bidart"}]},{"@type":"WebSite","@id":"https:\/\/www.uronea.com\/de\/#website","url":"https:\/\/www.uronea.com\/de\/","name":"Camping Ur-Onea","description":"","potentialAction":[{"@type":"SearchAction","target":{"@type":"EntryPoint","urlTemplate":"https:\/\/www.uronea.com\/de\/?s={search_term_string}"},"query-input":{"@type":"PropertyValueSpecification","valueRequired":true,"valueName":"search_term_string"}}],"inLanguage":"de"}]}},"_links":{"self":[{"href":"https:\/\/www.uronea.com\/de\/wp-json\/wp\/v2\/pages\/8118"}],"collection":[{"href":"https:\/\/www.uronea.com\/de\/wp-json\/wp\/v2\/pages"}],"about":[{"href":"https:\/\/www.uronea.com\/de\/wp-json\/wp\/v2\/types\/page"}],"author":[{"embeddable":true,"href":"https:\/\/www.uronea.com\/de\/wp-json\/wp\/v2\/users\/1"}],"replies":[{"embeddable":true,"href":"https:\/\/www.uronea.com\/de\/wp-json\/wp\/v2\/comments?post=8118"}],"version-history":[{"count":5,"href":"https:\/\/www.uronea.com\/de\/wp-json\/wp\/v2\/pages\/8118\/revisions"}],"predecessor-version":[{"id":11469,"href":"https:\/\/www.uronea.com\/de\/wp-json\/wp\/v2\/pages\/8118\/revisions\/11469"}],"wp:featuredmedia":[{"embeddable":true,"href":"https:\/\/www.uronea.com\/de\/wp-json\/wp\/v2\/media\/11458"}],"wp:attachment":[{"href":"https:\/\/www.uronea.com\/de\/wp-json\/wp\/v2\/media?parent=8118"}],"curies":[{"name":"wp","href":"https:\/\/api.w.org\/{rel}","templated":true}]}}