{"id":8112,"date":"2020-10-13T16:10:05","date_gmt":"2020-10-13T14:10:05","guid":{"rendered":"https:\/\/www.uronea.com\/tourisme-pays-basque\/"},"modified":"2020-12-15T14:45:15","modified_gmt":"2020-12-15T13:45:15","slug":"tourismus-baskenland","status":"publish","type":"page","link":"https:\/\/www.uronea.com\/de\/tourismus-baskenland\/","title":{"rendered":"Tourisme : Pays Basque"},"content":{"rendered":"<section id=\"section-5f85acbd70cfe\"\" class=\"section bg-white\" \/><div class=\"container  extralarge\"><h1 class=\"element section-title center\">Ferien Baskenland<\/h1><h2 class=\"element section-title center m-t-6\">Natur und Landschaften des Baskenlandes<\/h2><div class=\"element bloc-text center \">\n\t<p>Das Baskenland ist in der Tat eines der seltenen Gebiete auf der Welt, wo man sowohl die <strong class=\"bold color1\">Weite<\/strong> genie\u00dfen als auch die <strong class=\"bold color1\">frische Bergluft<\/strong> einatmen kann. Auf jeden Fall ist es schwierig, nicht in den Bann der gro\u00dfen Naturr\u00e4ume zu geraten, die den Reichtum dieser Tourismusregion im S\u00fcdwesten ausmachen.<\/p>\n<p>Zu den Sehensw\u00fcrdigkeiten, die einen Abstecher wert sind, geh\u00f6rt die <strong class=\"bold color1\">montagne de la Rhune<\/strong>. Mit einem Gipfel von \u00fcber 900 Metern \u00fcber dem Meeresspiegel bietet er einen atemberaubenden Panoramablick auf die franz\u00f6sische und spanische K\u00fcste. Man denkt auch an den <strong class=\"bold color1\">mont du Xoldokogaina<\/strong>, wo man Seen, Teiche, S\u00fcmpfe und Quellen bewundern kann&#8230; und einen atemberaubenden Blick auf Urrugne und die K\u00fcste genie\u00dfen kann. Sie k\u00f6nnen auch ein au\u00dfergew\u00f6hnliches Panorama auf das Meer vom Cenitz Hill aus genie\u00dfen&#8230;<\/p>\n<p>Die Eskapade ist auch eine gute Gelegenheit, die <strong class=\"bold color1\">Vielfalt der Fauna<\/strong> und die <strong class=\"bold color1\">Flora<\/strong> des Baskenlandes zu entdecken. Wanderer entdecken unter anderem das <strong class=\"bold color1\">Pottok<\/strong>, von der Gr\u00f6\u00dfe her auf halbem Weg zwischen Pferd und Pony, aber auch das &#8222;Manex&#8220;-Schaf, ein Schaf mit gebogenen H\u00f6rnern und schwarzem Kopf und Beinen, oder die Betiso-Kuh, die in Freiheit in den Bergen lebt. Der baskische Himmel ist die &#8222;bewachte Jagd&#8220; von Geiern, Falken, Raben und Bussarden&#8230; <\/p>\n<\/div><\/div><\/section>\n\n<section id=\"section-5f85acbd710f2\"\" class=\"section bg-color3 p-t-0 p-b-0\" \/><div class=\"container  full\"><div class=\"colonnes-wrap valign-middle \"><div class=\"element colonne p-x-10 p-y-4\"><h2 class=\"element section-title left\">Die baskische K\u00fcstenlinie<\/h2><div class=\"element bloc-text justify \">\n\t<p>In der N\u00e4he des <a href=\"\/de\/\">Campingplatzes Ur-Onea<\/a> ist die <strong class=\"bold color1\">Wanderung<\/strong> auf dem <strong class=\"bold color1\">K\u00fcstenpfad<\/strong> die beste M\u00f6glichkeit, die Attraktionen der baskischen K\u00fcste zu genie\u00dfen. Dieser etwa zwanzig Kilometer lange Weg verbindet Bidart mit Hendaye und f\u00fchrt unter anderem durch Saint-Jean-de-Luz und die <strong class=\"bold color1\">baskische K\u00fcstenstra\u00dfe<\/strong>. <\/p>\n<p>Die Natur h\u00e4lt f\u00fcr die Besucher sch\u00f6ne \u00dcberraschungen bereit, wie die <strong class=\"bold color1\">zahllosen B\u00e4che<\/strong> und die <strong class=\"bold color1\">Felsen des Gesimses<\/strong>. Auch Wanderer haben die M\u00f6glichkeit, einen faszinierenden Blick auf die Bergwelt zu genie\u00dfen.  <\/p>\n<p>Der K\u00fcstenweg f\u00fchrt durch das malerische Dorf Gu\u00e9thary. \u00dcber die <strong class=\"bold color1\">Pointe de Sainte-Barbe<\/strong> gelangen Urlauber nach Saint-Jean-de-Luz, bevor sie \u00fcber das baskische Gesims Hendaye und die <strong class=\"bold color1\">Domaine d&#8217;Abbadia<\/strong> erreichen. Manche k\u00f6nnen dem Drang nicht widerstehen, das Abenteuer auf der anderen Seite der <strong class=\"bold color1\">spanischen Grenze<\/strong> fortzusetzen, um zum Beispiel Irun oder San Sebastian zu entdecken. <\/p>\n<\/div><\/div><div class=\"element colonne p-0\"><div class=\"element images\"><div class=\"image\"><img decoding=\"async\" src=\"https:\/\/www.uronea.com\/wp-content\/uploads\/2020\/12\/littoral-basque-100x90.jpg\" data-src=\"https:\/\/www.uronea.com\/wp-content\/uploads\/2020\/12\/littoral-basque.jpg\" alt=\"littoral basque\" class=\"images_image\" \/><\/div><\/div><\/div><\/div><\/div><\/section>\n\n<section id=\"section-5fa004c5e424d\"\" class=\"section bg-white p-t-0 p-b-0\" \/><div class=\"container  full\"><div class=\"accordeon\"><div class=\"slide \"><div class=\"slide_image\"><img decoding=\"async\" src=\"https:\/\/www.uronea.com\/wp-content\/uploads\/2020\/12\/rafting-pays-basque-100x77.jpg\" data-src=\"https:\/\/www.uronea.com\/wp-content\/uploads\/2020\/12\/rafting-pays-basque.jpg\" alt=\"rafting pays-basque\" class=\"\" \/><\/div><\/div><div class=\"slide \"><div class=\"slide_image\"><img decoding=\"async\" src=\"https:\/\/www.uronea.com\/wp-content\/uploads\/2020\/11\/paysage-pays-basque-100x77.jpg\" data-src=\"https:\/\/www.uronea.com\/wp-content\/uploads\/2020\/11\/paysage-pays-basque.jpg\" alt=\"paysage pays-basque\" class=\"\" \/><\/div><\/div><div class=\"slide \"><div class=\"slide_image\"><img decoding=\"async\" src=\"https:\/\/www.uronea.com\/wp-content\/uploads\/2020\/12\/surf-basque-100x77.jpg\" data-src=\"https:\/\/www.uronea.com\/wp-content\/uploads\/2020\/12\/surf-basque.jpg\" alt=\"surf basque\" class=\"\" \/><\/div><\/div><div class=\"slide \"><div class=\"slide_image\"><img decoding=\"async\" src=\"https:\/\/www.uronea.com\/wp-content\/uploads\/2020\/12\/pays-basque-100x77.jpg\" data-src=\"https:\/\/www.uronea.com\/wp-content\/uploads\/2020\/12\/pays-basque.jpg\" alt=\"pays-basque\" class=\"\" \/><\/div><\/div><\/div><\/div><\/section>\n\n<section id=\"section-5f85acbd71395\"\" class=\"section bg-white\" \/><div class=\"container  extralarge\"><h2 class=\"element section-title center\">Freizeit und Aktivit\u00e4ten im Baskenland (64)<\/h2><div class=\"element bloc-text center \">\n\t<p>Die <strong class=\"bold color1\">Wanderungen<\/strong> geh\u00f6ren zu den beliebtesten Aktivit\u00e4ten f\u00fcr Besucher des Baskenlandes, zumal die Gegend viele <strong class=\"bold color1\">ausgebaute Wege<\/strong> und <strong class=\"bold color1\">markierte Pfade<\/strong> hat. Die \u00f6rtlichen Wege, die sich f\u00fcr Ausfl\u00fcge mit der Familie oder Freunden anbieten, sind gelb markiert. Die <strong class=\"bold color1\">Langstreckenwanderwege<\/strong> (GR) sind rot und wei\u00df markiert. Quadfahren, Radfahren und Mountainbiken sind weitere, immer beliebtere M\u00f6glichkeiten der Erkundung, vor allem an der baskischen K\u00fcste. <\/p>\n<p>Die baskische K\u00fcste ist auch ideal f\u00fcr eine Vielzahl von nautischen Aktivit\u00e4ten wie Surfen, Wasserski, Stand-up-Paddle, Angeln, Rafting und Bootsfahrten. <\/p>\n<p>Das Baskenland ist auch leidenschaftlich in einer Reihe von Sportdisziplinen, insbesondere <strong class=\"bold color1\">Basque pelota<\/strong> und <strong class=\"bold color1\">Basque force<\/strong>, aber auch Rugby, Golf, Trainer und in geringerem Ma\u00dfe Basketball. <\/p>\n<\/div><\/div><\/section>\n\n<section id=\"section-5f85a720bbf4a\"\" class=\"section bg-color3 p-t-0 p-b-0\" \/><div class=\"container  full\"><div class=\"colonnes-wrap valign-middle \"><div class=\"element colonne p-0\"><div class=\"element images\"><div class=\"image\"><img decoding=\"async\" src=\"https:\/\/www.uronea.com\/wp-content\/uploads\/2020\/12\/roche-vierge-biarritz-100x90.jpg\" data-src=\"https:\/\/www.uronea.com\/wp-content\/uploads\/2020\/12\/roche-vierge-biarritz.jpg\" alt=\"roche vierge Biarritz\" class=\"images_image\" \/><\/div><\/div><\/div><div class=\"element colonne p-x-10 p-y-4\"><h2 class=\"element section-title left\">Besuchen Sie das Baskenland mit Ihrer Familie<\/h2><div class=\"element bloc-text justify \">\n\t<p>Wir haben drei der <strong class=\"bold color1\">Must-see-Orte<\/strong> w\u00e4hrend eines Familienausflugs im Baskenland ausgew\u00e4hlt: <\/p>\n<ul>\n<li><strong class=\"bold color1\">Stadt des Meeres und des Surfens<\/strong> (Biarritz)<\/li>\n<p>Das Museum l\u00e4dt dazu ein, die Beziehung von Biarritz zum Meer durch eine ganze Reihe von <strong class=\"bold color1\">interaktiven Ausstellungen<\/strong> und <strong class=\"bold color1\">Multimedia<\/strong> zu erforschen, die Kindern sicher gefallen werden. Die Schule bietet zum Beispiel ein <strong class=\"bold color1\">Virtual-Reality-Surferlebnis<\/strong> und das <strong class=\"bold color1\">&#8222;Bathyscaphe&#8220;<\/strong>, ein dynamisches Kino mit Spezialeffekten, die realer sind als das Leben, das Sie zum Gouf de Capbreton f\u00fchrt, einer Unterwasserschlucht in 3.500 Metern Tiefe vor der K\u00fcste von Biarritz. <\/p>\n<li><strong class=\"bold color1\">Der Leuchtturm von Biarritz<\/strong><\/li>\n<p>An der Pointe Saint-Martin, die die Grenze zwischen der felsigen K\u00fcste von Biarritz und dem feinen Sand der Landes markiert, steht der Leuchtturm der Stadt <strong class=\"bold color1\">auf der Spitze eines felsigen Vorsprungs<\/strong> fast 80 Meter \u00fcber dem Wasser.<br \/>\nSie leitet Segler seit 1834 und die aktuellen Linsen sind mehr als ein Jahrhundert alt, sie stammen aus dem Jahr 1904 und haben eine Reichweite von 40 km.<br \/>\nDer Leuchtturm ist seit 1980 <strong class=\"bold color1\">voll automatisiert<\/strong>. Sie betreten es, m\u00fcssen aber die 248 Stufen hinaufsteigen, um die Galerie zu erreichen. Oder Sie k\u00f6nnen es von au\u00dfen bewundern und das sch\u00f6ne Panorama genie\u00dfen, das die Landzunge bietet. <\/p>\n<li><strong class=\"bold color1\">Das Schloss-Observatorium Abbadia<\/strong> (Hendaye)<\/li>\n<p>Das Geb\u00e4ude ist eine der sch\u00f6nsten Errungenschaften der <strong class=\"bold color1\">neugotischen Architektur<\/strong>. Erbaut von Eug\u00e8ne Viollet-le-Duc und Edmond Duthoit im Auftrag von Antoine d&#8217;Abbadie, ist das Schloss als <strong class=\"bold color1\">historisches Monument<\/strong> gelistet und <strong class=\"bold color1\">als &#8222;Maison des Illustres&#8220;<\/strong> klassifiziert.\n<\/ul>\n<\/div><\/div><\/div><\/div><\/section>\n\n<section id=\"section-accordeon\"\" class=\"section bg-white p-t-0 p-b-0\" \/><div class=\"container  full\"><div class=\"accordeon\"><div class=\"slide \"><div class=\"slide_image\"><img decoding=\"async\" src=\"https:\/\/www.uronea.com\/wp-content\/uploads\/2020\/11\/plage-biarritz-100x77.jpg\" data-src=\"https:\/\/www.uronea.com\/wp-content\/uploads\/2020\/11\/plage-biarritz.jpg\" alt=\"plage biarritz\" class=\"\" \/><\/div><\/div><div class=\"slide \"><div class=\"slide_image\"><img decoding=\"async\" src=\"https:\/\/www.uronea.com\/wp-content\/uploads\/2020\/11\/espelette-vacances-100x77.jpg\" data-src=\"https:\/\/www.uronea.com\/wp-content\/uploads\/2020\/11\/espelette-vacances.jpg\" alt=\"espelette vacances\" class=\"\" \/><\/div><\/div><div class=\"slide \"><div class=\"slide_image\"><img decoding=\"async\" src=\"https:\/\/www.uronea.com\/wp-content\/uploads\/2020\/11\/grande-plage-biarritz-100x77.jpg\" data-src=\"https:\/\/www.uronea.com\/wp-content\/uploads\/2020\/11\/grande-plage-biarritz.jpg\" alt=\"grande plage biarritz\" class=\"\" \/><\/div><\/div><div class=\"slide \"><div class=\"slide_image\"><img decoding=\"async\" src=\"https:\/\/www.uronea.com\/wp-content\/uploads\/2020\/11\/deux-jumeaux-hendaye-100x77.jpg\" data-src=\"https:\/\/www.uronea.com\/wp-content\/uploads\/2020\/11\/deux-jumeaux-hendaye.jpg\" alt=\"deux jumeaux hendaye\" class=\"\" \/><\/div><\/div><\/div><\/div><\/section>\n\n<section id=\"section-5f85acbd71912\"\" class=\"section bg-white\" \/><div class=\"container  extralarge\"><h2 class=\"element section-title center\">Kultur und Traditionen im Baskenland<\/h2><div class=\"element bloc-text center \">\n\t<p>Das Baskenland besteht aus einem franz\u00f6sischen und einem spanischen Teil, die durch die westlichen Pyren\u00e4en getrennt sind. Das franz\u00f6sische Baskenland liegt im S\u00fcdwesten Frankreichs und geh\u00f6rt zu den Pyr\u00e9n\u00e9es-Atlantiques in Aquitanien. <\/p>\n<p>Das franz\u00f6sische Baskenland besteht aus <strong class=\"bold color1\">3 Provinzen<\/strong> : dem Labourd mit der ber\u00fchmten baskischen K\u00fcste, dem Basse-Navarre mit seinen charmanten D\u00f6rfern wie Saint-Jean-Pied-de-Port und H\u00e9lette und der Provinz Soule, die f\u00fcr ihre herrlichen Berge bekannt ist. <\/p>\n<p>Die baskische K\u00fcste ist die Freude der Surfer und Angler mit ihren <strong class=\"bold color1\">magischen Str\u00e4nden<\/strong> und <strong class=\"bold color1\">Klippen<\/strong>, die ihren Besuchern atemberaubende Landschaften bieten. Nach dem Vorbild von Biarritz sind die Orte an der baskischen K\u00fcste dank ihres gem\u00e4\u00dfigten Klimas und idealen Lebensumfelds in ganz Frankreich bekannt. <\/p>\n<p>Ausgestattet mit <strong class=\"bold color1\">prachtvollen Landschaften<\/strong>, ist das Baskenland auch reich an <strong class=\"bold color1\">kulturellem Plan<\/strong> und <strong class=\"bold color1\">architektonischem Plan<\/strong>, viele werden von Baskenland-Immobilien angezogen. Es wird die <strong class=\"bold color1\">amateurs de farniente<\/strong>, sch\u00f6ne Str\u00e4nde, Sand und Felsen, sowie die gewagtesten Touristen verf\u00fchren. Es l\u00e4dt zu einem <strong class=\"bold color1\">Aufenthalt zwischen Meer und Berg<\/strong> ein. <\/p>\n<\/div><\/div><\/section>\n\n<section id=\"section-cta-bottom\"\" class=\"section bg-color3\" \/><div class=\"container  extralarge\"><div class=\"element section-title center title-cta\">Besuchen Sie Bidart und seine Umgebung<\/div><ul class=\"liste-de-page\"><li class=\"element call-to-action carre call-to-action--style-1 call-to-action--normal\"><a href=\"https:\/\/www.uronea.com\/de\/tourismus-bidart\/\"  class=\"call-to-action_link\" title=\"Erfahren Sie mehr \u00fcber bidart\"><div class=\"call-to-action_image\"><img decoding=\"async\" src=\"https:\/\/www.uronea.com\/wp-content\/uploads\/2020\/11\/camping-bidart-100x57.jpg\" data-src=\"https:\/\/www.uronea.com\/wp-content\/uploads\/2020\/11\/camping-bidart.jpg\" alt=\"camping bidart\" class=\"normal\" \/><\/div><div class=\"call-to-action_contenu\"><div class=\"call-to-action_titre\">Bidart<\/div><\/div><\/a><\/li><\/ul><\/div><\/section>","protected":false},"excerpt":{"rendered":"","protected":false},"author":1,"featured_media":7865,"parent":0,"menu_order":0,"comment_status":"closed","ping_status":"closed","template":"","meta":{"_acf_changed":false,"footnotes":""},"class_list":["post-8112","page","type-page","status-publish","has-post-thumbnail","hentry"],"acf":[],"yoast_head":"<!-- This site is optimized with the Yoast SEO plugin v25.3 - https:\/\/yoast.com\/wordpress\/plugins\/seo\/ -->\n<title>Urlaub Baskenland | Was man an der baskischen K\u00fcste unternehmen kann<\/title>\n<meta name=\"description\" content=\"Erfahren Sie mehr \u00fcber den Tourismus im Baskenland: Entdecken Sie das Baskenland in Ihrem Urlaub auf dem Campingplatz Ur-Onea in Bidart (64)\" \/>\n<meta name=\"robots\" content=\"index, follow, max-snippet:-1, max-image-preview:large, max-video-preview:-1\" \/>\n<link rel=\"canonical\" href=\"https:\/\/www.uronea.com\/de\/tourismus-baskenland\/\" \/>\n<meta property=\"og:locale\" content=\"de_DE\" \/>\n<meta property=\"og:type\" content=\"article\" \/>\n<meta property=\"og:title\" content=\"Urlaub Baskenland | Was man an der baskischen K\u00fcste unternehmen kann\" \/>\n<meta property=\"og:description\" content=\"Erfahren Sie mehr \u00fcber den Tourismus im Baskenland: Entdecken Sie das Baskenland in Ihrem Urlaub auf dem Campingplatz Ur-Onea in Bidart (64)\" \/>\n<meta property=\"og:url\" content=\"https:\/\/www.uronea.com\/de\/tourismus-baskenland\/\" \/>\n<meta property=\"og:site_name\" content=\"Camping Ur-Onea\" \/>\n<meta property=\"article:modified_time\" content=\"2020-12-15T13:45:15+00:00\" \/>\n<meta property=\"og:image\" content=\"https:\/\/www.uronea.com\/wp-content\/uploads\/2020\/12\/vacances-pays-basque.jpg\" \/>\n\t<meta property=\"og:image:width\" content=\"1903\" \/>\n\t<meta property=\"og:image:height\" content=\"451\" \/>\n\t<meta property=\"og:image:type\" content=\"image\/jpeg\" \/>\n<meta name=\"twitter:card\" content=\"summary_large_image\" \/>\n<script type=\"application\/ld+json\" class=\"yoast-schema-graph\">{\"@context\":\"https:\/\/schema.org\",\"@graph\":[{\"@type\":\"WebPage\",\"@id\":\"https:\/\/www.uronea.com\/de\/tourismus-baskenland\/\",\"url\":\"https:\/\/www.uronea.com\/de\/tourismus-baskenland\/\",\"name\":\"Urlaub Baskenland | Was man an der baskischen K\u00fcste unternehmen kann\",\"isPartOf\":{\"@id\":\"https:\/\/www.uronea.com\/de\/#website\"},\"primaryImageOfPage\":{\"@id\":\"https:\/\/www.uronea.com\/de\/tourismus-baskenland\/#primaryimage\"},\"image\":{\"@id\":\"https:\/\/www.uronea.com\/de\/tourismus-baskenland\/#primaryimage\"},\"thumbnailUrl\":\"https:\/\/www.uronea.com\/wp-content\/uploads\/2020\/12\/vacances-pays-basque.jpg\",\"datePublished\":\"2020-10-13T14:10:05+00:00\",\"dateModified\":\"2020-12-15T13:45:15+00:00\",\"description\":\"Erfahren Sie mehr \u00fcber den Tourismus im Baskenland: Entdecken Sie das Baskenland in Ihrem Urlaub auf dem Campingplatz Ur-Onea in Bidart (64)\",\"breadcrumb\":{\"@id\":\"https:\/\/www.uronea.com\/de\/tourismus-baskenland\/#breadcrumb\"},\"inLanguage\":\"de\",\"potentialAction\":[{\"@type\":\"ReadAction\",\"target\":[\"https:\/\/www.uronea.com\/de\/tourismus-baskenland\/\"]}]},{\"@type\":\"ImageObject\",\"inLanguage\":\"de\",\"@id\":\"https:\/\/www.uronea.com\/de\/tourismus-baskenland\/#primaryimage\",\"url\":\"https:\/\/www.uronea.com\/wp-content\/uploads\/2020\/12\/vacances-pays-basque.jpg\",\"contentUrl\":\"https:\/\/www.uronea.com\/wp-content\/uploads\/2020\/12\/vacances-pays-basque.jpg\",\"width\":1903,\"height\":451,\"caption\":\"vacances pays-basque\"},{\"@type\":\"BreadcrumbList\",\"@id\":\"https:\/\/www.uronea.com\/de\/tourismus-baskenland\/#breadcrumb\",\"itemListElement\":[{\"@type\":\"ListItem\",\"position\":1,\"name\":\"Campingplatz Bidart\",\"item\":\"https:\/\/www.uronea.com\/de\/\"},{\"@type\":\"ListItem\",\"position\":2,\"name\":\"Urlaub im Baskenland\"}]},{\"@type\":\"WebSite\",\"@id\":\"https:\/\/www.uronea.com\/de\/#website\",\"url\":\"https:\/\/www.uronea.com\/de\/\",\"name\":\"Camping Ur-Onea\",\"description\":\"\",\"potentialAction\":[{\"@type\":\"SearchAction\",\"target\":{\"@type\":\"EntryPoint\",\"urlTemplate\":\"https:\/\/www.uronea.com\/de\/?s={search_term_string}\"},\"query-input\":{\"@type\":\"PropertyValueSpecification\",\"valueRequired\":true,\"valueName\":\"search_term_string\"}}],\"inLanguage\":\"de\"}]}<\/script>\n<!-- \/ Yoast SEO plugin. -->","yoast_head_json":{"title":"Urlaub Baskenland | Was man an der baskischen K\u00fcste unternehmen kann","description":"Erfahren Sie mehr \u00fcber den Tourismus im Baskenland: Entdecken Sie das Baskenland in Ihrem Urlaub auf dem Campingplatz Ur-Onea in Bidart (64)","robots":{"index":"index","follow":"follow","max-snippet":"max-snippet:-1","max-image-preview":"max-image-preview:large","max-video-preview":"max-video-preview:-1"},"canonical":"https:\/\/www.uronea.com\/de\/tourismus-baskenland\/","og_locale":"de_DE","og_type":"article","og_title":"Urlaub Baskenland | Was man an der baskischen K\u00fcste unternehmen kann","og_description":"Erfahren Sie mehr \u00fcber den Tourismus im Baskenland: Entdecken Sie das Baskenland in Ihrem Urlaub auf dem Campingplatz Ur-Onea in Bidart (64)","og_url":"https:\/\/www.uronea.com\/de\/tourismus-baskenland\/","og_site_name":"Camping Ur-Onea","article_modified_time":"2020-12-15T13:45:15+00:00","og_image":[{"width":1903,"height":451,"url":"https:\/\/www.uronea.com\/wp-content\/uploads\/2020\/12\/vacances-pays-basque.jpg","type":"image\/jpeg"}],"twitter_card":"summary_large_image","schema":{"@context":"https:\/\/schema.org","@graph":[{"@type":"WebPage","@id":"https:\/\/www.uronea.com\/de\/tourismus-baskenland\/","url":"https:\/\/www.uronea.com\/de\/tourismus-baskenland\/","name":"Urlaub Baskenland | Was man an der baskischen K\u00fcste unternehmen kann","isPartOf":{"@id":"https:\/\/www.uronea.com\/de\/#website"},"primaryImageOfPage":{"@id":"https:\/\/www.uronea.com\/de\/tourismus-baskenland\/#primaryimage"},"image":{"@id":"https:\/\/www.uronea.com\/de\/tourismus-baskenland\/#primaryimage"},"thumbnailUrl":"https:\/\/www.uronea.com\/wp-content\/uploads\/2020\/12\/vacances-pays-basque.jpg","datePublished":"2020-10-13T14:10:05+00:00","dateModified":"2020-12-15T13:45:15+00:00","description":"Erfahren Sie mehr \u00fcber den Tourismus im Baskenland: Entdecken Sie das Baskenland in Ihrem Urlaub auf dem Campingplatz Ur-Onea in Bidart (64)","breadcrumb":{"@id":"https:\/\/www.uronea.com\/de\/tourismus-baskenland\/#breadcrumb"},"inLanguage":"de","potentialAction":[{"@type":"ReadAction","target":["https:\/\/www.uronea.com\/de\/tourismus-baskenland\/"]}]},{"@type":"ImageObject","inLanguage":"de","@id":"https:\/\/www.uronea.com\/de\/tourismus-baskenland\/#primaryimage","url":"https:\/\/www.uronea.com\/wp-content\/uploads\/2020\/12\/vacances-pays-basque.jpg","contentUrl":"https:\/\/www.uronea.com\/wp-content\/uploads\/2020\/12\/vacances-pays-basque.jpg","width":1903,"height":451,"caption":"vacances pays-basque"},{"@type":"BreadcrumbList","@id":"https:\/\/www.uronea.com\/de\/tourismus-baskenland\/#breadcrumb","itemListElement":[{"@type":"ListItem","position":1,"name":"Campingplatz Bidart","item":"https:\/\/www.uronea.com\/de\/"},{"@type":"ListItem","position":2,"name":"Urlaub im Baskenland"}]},{"@type":"WebSite","@id":"https:\/\/www.uronea.com\/de\/#website","url":"https:\/\/www.uronea.com\/de\/","name":"Camping Ur-Onea","description":"","potentialAction":[{"@type":"SearchAction","target":{"@type":"EntryPoint","urlTemplate":"https:\/\/www.uronea.com\/de\/?s={search_term_string}"},"query-input":{"@type":"PropertyValueSpecification","valueRequired":true,"valueName":"search_term_string"}}],"inLanguage":"de"}]}},"_links":{"self":[{"href":"https:\/\/www.uronea.com\/de\/wp-json\/wp\/v2\/pages\/8112"}],"collection":[{"href":"https:\/\/www.uronea.com\/de\/wp-json\/wp\/v2\/pages"}],"about":[{"href":"https:\/\/www.uronea.com\/de\/wp-json\/wp\/v2\/types\/page"}],"author":[{"embeddable":true,"href":"https:\/\/www.uronea.com\/de\/wp-json\/wp\/v2\/users\/1"}],"replies":[{"embeddable":true,"href":"https:\/\/www.uronea.com\/de\/wp-json\/wp\/v2\/comments?post=8112"}],"version-history":[{"count":2,"href":"https:\/\/www.uronea.com\/de\/wp-json\/wp\/v2\/pages\/8112\/revisions"}],"predecessor-version":[{"id":8338,"href":"https:\/\/www.uronea.com\/de\/wp-json\/wp\/v2\/pages\/8112\/revisions\/8338"}],"wp:featuredmedia":[{"embeddable":true,"href":"https:\/\/www.uronea.com\/de\/wp-json\/wp\/v2\/media\/7865"}],"wp:attachment":[{"href":"https:\/\/www.uronea.com\/de\/wp-json\/wp\/v2\/media?parent=8112"}],"curies":[{"name":"wp","href":"https:\/\/api.w.org\/{rel}","templated":true}]}}